{"id":1468,"date":"2025-11-18T10:59:43","date_gmt":"2025-11-18T10:59:43","guid":{"rendered":"https:\/\/loot-zino.net\/login-and-registration\/"},"modified":"2025-11-19T08:06:53","modified_gmt":"2025-11-19T08:06:53","slug":"logowanie-i-rejestracja","status":"publish","type":"page","link":"https:\/\/loot-zino.net\/pl\/logowanie-i-rejestracja\/","title":{"rendered":"Logowanie i rejestracja"},"content":{"rendered":"<h1>Logowanie do serwisu Lootzino i rejestracja konta<\/h1>\n<p>Za\u0142o\u017cenie konta lub zalogowanie si\u0119 do serwisu Lootzino jest szybkie i \u0142atwe. Proces Lootzino login zajmuje zaledwie kilka minut. Je\u015bli nie jeste\u015b jeszcze zarejestrowany, mo\u017cesz za\u0142o\u017cy\u0107 konto w zaledwie 5 minut. Po aktywacji konta uzyskasz natychmiastowy dost\u0119p do wszystkich naszych gier dla polskich graczy.<\/p>\n<p><div class=\"banner-wrap\" aria-label=\"Banner\"><img src=\"https:\/\/loot-zino.net\/wp-content\/uploads\/2025\/11\/Lootzino-banner-carousel-800\u0445400.webp\" class=\"w-100 d-none d-lg-block img-pc main-banner-img\" alt=\"Lootzino banner desktop\" fetchpriority=\"high\" decoding=\"async\"><img src=\"https:\/\/loot-zino.net\/wp-content\/uploads\/2025\/12\/Group-25.webp\" class=\"w-100 d-none d-md-block d-lg-none main-banner-img\" alt=\"Lootzino banner mobile\" fetchpriority=\"high\" decoding=\"async\"><img src=\"https:\/\/loot-zino.net\/wp-content\/uploads\/2025\/12\/Group-25.webp\" class=\"w-100 d-md-none\" alt=\"Lootzino banner mobile\" fetchpriority=\"high\" decoding=\"async\"><div class=\"banner-description\">\n<div class=\"banner-title\">Bonusy powitalne<\/div>\n<p class=\"banner-header-title\">1500 \u20ac<\/p>\n<div class=\"banner-header-AdditionalText\">+ 250 Darmowe obroty<\/div>\n<button data-item=\"homepage_banner_link\" class=\"goto m-button m-gradient-border m-button--primary m-button--large banner-button btn-orange\">\n            <div class=\"m-button-content\">\n                <span>Zarejestruj si\u0119 teraz<\/span>\n                <span><\/span>\n            <\/div>\n        <\/button>\n<\/div>\n<div class=\"WelcomePack\">\n<p><img loading=\"lazy\" decoding=\"async\" class=\"alignnone size-full wp-image-1337\" src=\"https:\/\/loot-zino.net\/wp-content\/uploads\/2025\/11\/welcome-crown.svg\" alt=\"crown\" width=\"25\" height=\"26\" \/><\/p>\n<div class=\"WelcomePack-Info\">Cotygodniowy zwrot got\u00f3wki do 25%<\/div>\n<p><img loading=\"lazy\" decoding=\"async\" class=\"alignnone size-full wp-image-1337\" src=\"https:\/\/loot-zino.net\/wp-content\/uploads\/2025\/11\/welcome-crown.svg\" alt=\"crown\" width=\"25\" height=\"26\" \/><\/p>\n<\/div>\n<\/div><div class=\"scrollable-content-wrap my-5\"><div class=\"scrollable-content-inner\"><h2>Jak uzyska\u0107 dost\u0119p do konta Lootzino<\/h2>\n<p>Procedura logowania do serwisu Lootzino login jest bezpieczna i szybka. Wystarczy kilka klikni\u0119\u0107, aby zagra\u0107 w dowoln\u0105 gr\u0119 z naszej kolekcji. Logowanie jest \u0142atwe z dowolnego urz\u0105dzenia: telefonu kom\u00f3rkowego lub komputera.<\/p>\n<p>Kroki, aby si\u0119 zalogowa\u0107:<\/p>\n<ol>\n<li>Kliknij przycisk \u201eZaloguj si\u0119\u201d w prawym g\u00f3rnym rogu naszej strony internetowej.<\/li>\n<li>Wprowad\u017a sw\u00f3j zarejestrowany adres e-mail i has\u0142o.<\/li>\n<li>Naci\u015bnij \u201eZaloguj si\u0119\u201d, aby potwierdzi\u0107.<\/li>\n<\/ol>\n<p>Po zalogowaniu si\u0119 b\u0119dziesz m\u00f3g\u0142 gra\u0107 w gry, wp\u0142aca\u0107 i wyp\u0142aca\u0107 \u015brodki, korzysta\u0107 z bonus\u00f3w, bra\u0107 udzia\u0142 w turniejach, przegl\u0105da\u0107 histori\u0119 gier, aktualizowa\u0107 dane osobowe i do\u0142\u0105cza\u0107 do gier kasynowych na \u017cywo.<\/p>\n<h3>Odzyskaj dane logowania do Lootzino<\/h3>\n<p>Je\u015bli przez jaki\u015b czas nie korzysta\u0142e\u015b z konta, mo\u017ce ono zosta\u0107 zawieszone. Loot Zino powiadomi Ci\u0119 o tym po zalogowaniu si\u0119 i zaproponuje przywr\u00f3cenie konta. Zostaniesz poproszony o skontaktowanie si\u0119 z naszym wieloj\u0119zycznym dzia\u0142em pomocy technicznej. Po przes\u0142aniu zg\u0142oszenia do naszych specjalist\u00f3w ds. pomocy technicznej, natychmiast rozpoczn\u0105 oni jego sprawdzanie. Twoje konto zostanie przywr\u00f3cone i aktywowane niezw\u0142ocznie. B\u0119dziesz m\u00f3g\u0142 od razu dokonywa\u0107 wp\u0142at, bra\u0107 udzia\u0142 w turniejach i otrzymywa\u0107 nagrody.<\/p>\n<p>A je\u015bli zapomnia\u0142e\u015b has\u0142a, mo\u017cesz je przywr\u00f3ci\u0107 za pomoc\u0105 kilku klikni\u0119\u0107:<\/p>\n<ol>\n<li>Kliknij przycisk \u201eZaloguj si\u0119\u201d.<\/li>\n<li>Naci\u015bnij \u201eNie pami\u0119tasz has\u0142a?\u201d.<\/li>\n<li>Wpisz adres e-mail zarejestrowany w serwisie Lootzino.<\/li>\n<li>Kliknij link w wiadomo\u015bci e-mail.<\/li>\n<li>Utw\u00f3rz nowe has\u0142o.<\/li>\n<\/ol>\n<p>Je\u015bli masz jakiekolwiek problemy z odzyskaniem konta, mo\u017cesz skontaktowa\u0107 si\u0119 z naszym zespo\u0142em pomocy technicznej za po\u015brednictwem czatu na \u017cywo lub poczty elektronicznej.<\/p>\n<h2>Utw\u00f3rz nowe konto Loot Zino<\/h2>\n<p>Za\u0142o\u017cenie konta Lootzino daje Ci dost\u0119p do naszej spo\u0142eczno\u015bci graczy. Rejestracja zajmuje tylko kilka minut i jest bardzo prosta. Je\u015bli utworzysz konto i zako\u0144czysz proces logowania do Lootzino, uzyskasz pe\u0142ny dost\u0119p do wszystkich funkcji oferowanych przez Loot Zino. Na przyk\u0142ad bonusy rejestracyjne, narz\u0119dzia odpowiedzialnej gry, turnieje w Twoich ulubionych grach i ponad 6000 gier.<\/p>\n<h3>Profil i ustawienia osobiste<\/h3>\n<p>Po rejestracji b\u0119dziesz m\u00f3g\u0142 \u0142atwo zarz\u0105dza\u0107 swoim profilem. Mo\u017cesz zmienia\u0107 swoje dane osobowe, ustawia\u0107 limity zak\u0142ad\u00f3w i \u0142\u0105czy\u0107 si\u0119 ze sto\u0142ami z krupierami na \u017cywo i innymi graczami, tak jak w prawdziwym kasynie. Cz\u0119sto organizujemy wydarzenia i promocje oraz oferujemy bonusy VIP, aby ulepszy\u0107 spersonalizowane do\u015bwiadczenie gry. Po utworzeniu konta mo\u017cesz pobra\u0107 aplikacj\u0119 Lootzino lub pozosta\u0107 w przegl\u0105darce. Ustawienia konta s\u0105 dost\u0119pne we wszystkich wersjach naszej platformy.<\/p>\n<table>\n<tbody>\n<tr>\n<td>Funkcja<\/td>\n<td>Co oferuje<\/td>\n<\/tr>\n<tr>\n<td>Zarz\u0105dzanie profilem<\/td>\n<td>Edytuj dane osobowe, ustalaj limity wydatk\u00f3w i zarz\u0105dzaj powiadomieniami.<\/td>\n<\/tr>\n<tr>\n<td>Opcje p\u0142atno\u015bci<\/td>\n<td>Bezpieczne dodawanie lub usuwanie metod p\u0142atno\u015bci<\/td>\n<\/tr>\n<tr>\n<td>\u015aledzenie bonus\u00f3w<\/td>\n<td>Zobacz aktywne oferty, post\u0119py w obstawianiu i dost\u0119pne promocje<\/td>\n<\/tr>\n<tr>\n<td>Historia gry<\/td>\n<td>\u015aled\u017a swoje ostatnie rozgrywki i wygrane<\/td>\n<\/tr>\n<\/tbody>\n<\/table>\n<h3>\u015arodki bezpiecze\u0144stwa konta<\/h3>\n<p>Najbardziej zaawansowane \u015brodki bezpiecze\u0144stwa w pe\u0142ni chroni\u0105 Twoje konto Lootzino. Nasi programi\u015bci wdra\u017caj\u0105 najnowsze technologie ochrony danych, aby stworzy\u0107 bezpieczn\u0105 przestrze\u0144 w naszej spo\u0142eczno\u015bci graczy. Lootzino wykorzystuje technologi\u0119 szyfrowania, dwuetapowe uwierzytelnianie, proces weryfikacji oraz bezpieczne bramki p\u0142atnicze, aby chroni\u0107 Twoje dane i \u015brodki finansowe. Tworz\u0105c konto w Loot Zino, mo\u017cesz mie\u0107 pewno\u015b\u0107, \u017ce nasze solidne \u015brodki bezpiecze\u0144stwa w pe\u0142ni chroni\u0105 Twoje dane i \u015brodki finansowe.<\/p>\n<h2>Dlaczego warto zweryfikowa\u0107 swoje konto<\/h2>\n<p>Weryfikacja konta jest niezb\u0119dnym krokiem w procesie ochrony danych. Proces weryfikacji potwierdza Twoj\u0105 to\u017csamo\u015b\u0107 i chroni Twoje \u015brodki. Ponadto potwierdza legalno\u015b\u0107 wszystkich transakcji i pomaga zapobiega\u0107 nieautoryzowanemu dost\u0119powi, oszustwom i hazardowi nieletnich. Dopiero po zako\u0144czeniu procesu weryfikacji b\u0119dziesz m\u00f3g\u0142 wyp\u0142aci\u0107 \u015brodki. Wyp\u0142ata wygranych jest dost\u0119pna tylko dla zweryfikowanych u\u017cytkownik\u00f3w. Weryfikacja konta odbywa si\u0119 tylko raz. Proces weryfikacji obejmuje dostarczenie dokument\u00f3w potwierdzaj\u0105cych to\u017csamo\u015b\u0107 u\u017cytkownika i jego konto bankowe. Aby zako\u0144czy\u0107 procedur\u0119, nale\u017cy dostarczy\u0107 nast\u0119puj\u0105ce dokumenty:<\/p>\n<ul>\n<li>ID<\/li>\n<li>prawo jazdy,<\/li>\n<li>dow\u00f3d adresu (np. rachunek za media),<\/li>\n<li>dane bankowe<\/li>\n<\/ul>\n<p>Wszystko to jest przetwarzane w spos\u00f3b bezpieczny i poufny. Nasi specjali\u015bci sprawdz\u0105 Twoje dokumenty i zweryfikuj\u0105 Twoje konto w ci\u0105gu 48 godzin.<\/p>\n<h2>Cz\u0119sto zadawane pytania<\/h2>\n<h3>Czy mog\u0119 korzysta\u0107 z tego samego konta Lootzino na wielu urz\u0105dzeniach?<\/h3>\n<p>Tak, mo\u017cesz korzysta\u0107 z tego samego konta Lootzino na wielu urz\u0105dzeniach: smartfonie, tablecie i komputerze. Twoje post\u0119py, \u015brodki i bonusy s\u0105 synchronizowane. Mo\u017cesz prze\u0142\u0105cza\u0107 si\u0119 mi\u0119dzy urz\u0105dzeniami i kontynuowa\u0107 gr\u0119 w dowolnym momencie. Wystarczy zalogowa\u0107 si\u0119 przy u\u017cyciu adresu e-mail i has\u0142a.<\/p>\n<h3>Jak d\u0142ugo trwa weryfikacja mojego konta?<\/h3>\n<p>Weryfikacja konta Lootzino zajmuje zazwyczaj kilka godzin, ale w niekt\u00f3rych sytuacjach mo\u017ce potrwa\u0107 nawet do 48 godzin. Po zweryfikowaniu to\u017csamo\u015bci i adresu u\u017cytkownika b\u0119dzie mo\u017cna wyp\u0142aci\u0107 pieni\u0105dze. Ze wzgl\u0119d\u00f3w bezpiecze\u0144stwa i w celu zapewnienia autentyczno\u015bci wyp\u0142aty krok ten jest niezb\u0119dny.<\/p>\n<h3>Czy istniej\u0105 jakie\u015b \u015brodki bezpiecze\u0144stwa chroni\u0105ce moje konto Lootzino?<\/h3>\n<p>Tak, Lootzino login jest chroniony zaawansowanymi \u015brodkami bezpiecze\u0144stwa. Stosujemy szyfrowanie, uwierzytelnianie dwusk\u0142adnikowe i bezpieczne bramki p\u0142atnicze. Ponadto wszystkie wyp\u0142aty s\u0105 r\u0119cznie weryfikowane przez naszych specjalist\u00f3w. Jest to konieczne, aby potwierdzi\u0107, \u017ce \u015brodki zosta\u0142y przelane na w\u0142a\u015bciwe konto. Wszystkie \u015brodki bezpiecze\u0144stwa maj\u0105 na celu zachowanie poufno\u015bci danych osobowych i \u015brodk\u00f3w finansowych u\u017cytkownik\u00f3w.<\/p>\n<h3>Jakie korzy\u015bci daje mi posiadanie zweryfikowanego konta?<\/h3>\n<p>Zweryfikowane konto Lootzino daje dost\u0119p do wszystkich funkcji. Na przyk\u0142ad do wyp\u0142aty \u015brodk\u00f3w i wygranych z turniej\u00f3w. Gwarantuje r\u00f3wnie\u017c bezpiecze\u0144stwo \u015brodk\u00f3w i danych osobowych. Wdro\u017cyli\u015bmy t\u0119 procedur\u0119 dla Twojego bezpiecze\u0144stwa.<\/p>\n<\/div><\/div><\/p>\n","protected":false},"excerpt":{"rendered":"<p>Logowanie do serwisu Lootzino i rejestracja konta Za\u0142o\u017cenie konta lub zalogowanie si\u0119 do serwisu Lootzino jest szybkie i \u0142atwe. Proces Lootzino login zajmuje zaledwie kilka minut. Je\u015bli nie jeste\u015b jeszcze zarejestrowany, mo\u017cesz za\u0142o\u017cy\u0107 konto w zaledwie 5 minut. Po aktywacji konta uzyskasz natychmiastowy dost\u0119p do wszystkich naszych gier dla polskich graczy.<\/p>\n","protected":false},"author":1,"featured_media":0,"parent":0,"menu_order":0,"comment_status":"closed","ping_status":"closed","template":"template-builder.php","meta":{"_acf_changed":false,"inline_featured_image":false,"footnotes":""},"class_list":["post-1468","page","type-page","status-publish","hentry"],"acf":[],"yoast_head":"<!-- This site is optimized with the Yoast SEO plugin v27.3 - https:\/\/yoast.com\/product\/yoast-seo-wordpress\/ -->\n<title>Lootzino Login i rejestracja konta<\/title>\n<meta name=\"description\" content=\"Zarz\u0105dzaj wszystkim w jednym miejscu dzi\u0119ki swojemu Loot Zino login. Od depozyt\u00f3w i bonus\u00f3w, po dane osobowe i weryfikacj\u0119. Zarejestruj si\u0119 w kilka chwil lub zaloguj si\u0119 ponownie w dowolnym momencie, aby kontynuowa\u0107 gr\u0119.\" \/>\n<meta name=\"robots\" content=\"index, follow, max-snippet:-1, max-image-preview:large, max-video-preview:-1\" \/>\n<link rel=\"canonical\" href=\"https:\/\/loot-zino.net\/pl\/logowanie-i-rejestracja\/\" \/>\n<meta property=\"og:locale\" content=\"pl_PL\" \/>\n<meta property=\"og:type\" content=\"article\" \/>\n<meta property=\"og:title\" content=\"Lootzino Login i rejestracja konta\" \/>\n<meta property=\"og:description\" content=\"Zarz\u0105dzaj wszystkim w jednym miejscu dzi\u0119ki swojemu Loot Zino login. Od depozyt\u00f3w i bonus\u00f3w, po dane osobowe i weryfikacj\u0119. Zarejestruj si\u0119 w kilka chwil lub zaloguj si\u0119 ponownie w dowolnym momencie, aby kontynuowa\u0107 gr\u0119.\" \/>\n<meta property=\"og:url\" content=\"https:\/\/loot-zino.net\/pl\/logowanie-i-rejestracja\/\" \/>\n<meta property=\"og:site_name\" content=\"lootzino\" \/>\n<meta property=\"article:modified_time\" content=\"2025-11-19T08:06:53+00:00\" \/>\n<meta name=\"twitter:card\" content=\"summary_large_image\" \/>\n<meta name=\"twitter:label1\" content=\"Est. reading time\" \/>\n\t<meta name=\"twitter:data1\" content=\"1 minuta\" \/>\n<script type=\"application\/ld+json\" class=\"yoast-schema-graph\">{\"@context\":\"https:\\\/\\\/schema.org\",\"@graph\":[{\"@type\":\"WebPage\",\"@id\":\"https:\\\/\\\/loot-zino.net\\\/pl\\\/logowanie-i-rejestracja\\\/\",\"url\":\"https:\\\/\\\/loot-zino.net\\\/pl\\\/logowanie-i-rejestracja\\\/\",\"name\":\"Lootzino Login i rejestracja konta\",\"isPartOf\":{\"@id\":\"https:\\\/\\\/loot-zino.net\\\/pl\\\/#website\"},\"datePublished\":\"2025-11-18T10:59:43+00:00\",\"dateModified\":\"2025-11-19T08:06:53+00:00\",\"description\":\"Zarz\u0105dzaj wszystkim w jednym miejscu dzi\u0119ki swojemu Loot Zino login. Od depozyt\u00f3w i bonus\u00f3w, po dane osobowe i weryfikacj\u0119. Zarejestruj si\u0119 w kilka chwil lub zaloguj si\u0119 ponownie w dowolnym momencie, aby kontynuowa\u0107 gr\u0119.\",\"breadcrumb\":{\"@id\":\"https:\\\/\\\/loot-zino.net\\\/pl\\\/logowanie-i-rejestracja\\\/#breadcrumb\"},\"inLanguage\":\"pl-PL\",\"potentialAction\":[{\"@type\":\"ReadAction\",\"target\":[\"https:\\\/\\\/loot-zino.net\\\/pl\\\/logowanie-i-rejestracja\\\/\"]}]},{\"@type\":\"BreadcrumbList\",\"@id\":\"https:\\\/\\\/loot-zino.net\\\/pl\\\/logowanie-i-rejestracja\\\/#breadcrumb\",\"itemListElement\":[{\"@type\":\"ListItem\",\"position\":1,\"name\":\"Lootzino\",\"item\":\"https:\\\/\\\/loot-zino.net\\\/pl\\\/\"},{\"@type\":\"ListItem\",\"position\":2,\"name\":\"Logowanie i rejestracja\"}]},{\"@type\":\"WebSite\",\"@id\":\"https:\\\/\\\/loot-zino.net\\\/pl\\\/#website\",\"url\":\"https:\\\/\\\/loot-zino.net\\\/pl\\\/\",\"name\":\"Lootzino\",\"description\":\"\",\"publisher\":{\"@id\":\"https:\\\/\\\/loot-zino.net\\\/pl\\\/#organization\"},\"potentialAction\":[{\"@type\":\"SearchAction\",\"target\":{\"@type\":\"EntryPoint\",\"urlTemplate\":\"https:\\\/\\\/loot-zino.net\\\/pl\\\/?s={search_term_string}\"},\"query-input\":{\"@type\":\"PropertyValueSpecification\",\"valueRequired\":true,\"valueName\":\"search_term_string\"}}],\"inLanguage\":\"pl-PL\"},{\"@type\":\"Organization\",\"@id\":\"https:\\\/\\\/loot-zino.net\\\/pl\\\/#organization\",\"name\":\"Lootzino\",\"url\":\"https:\\\/\\\/loot-zino.net\\\/pl\\\/\",\"logo\":{\"@type\":\"ImageObject\",\"inLanguage\":\"pl-PL\",\"@id\":\"https:\\\/\\\/loot-zino.net\\\/pl\\\/#\\\/schema\\\/logo\\\/image\\\/\",\"url\":\"https:\\\/\\\/loot-zino.net\\\/wp-content\\\/uploads\\\/2025\\\/11\\\/lootzino.svg\",\"contentUrl\":\"https:\\\/\\\/loot-zino.net\\\/wp-content\\\/uploads\\\/2025\\\/11\\\/lootzino.svg\",\"width\":16,\"height\":20,\"caption\":\"Lootzino\"},\"image\":{\"@id\":\"https:\\\/\\\/loot-zino.net\\\/pl\\\/#\\\/schema\\\/logo\\\/image\\\/\"}}]}<\/script>\n<!-- \/ Yoast SEO plugin. -->","yoast_head_json":{"title":"Lootzino Login i rejestracja konta","description":"Zarz\u0105dzaj wszystkim w jednym miejscu dzi\u0119ki swojemu Loot Zino login. Od depozyt\u00f3w i bonus\u00f3w, po dane osobowe i weryfikacj\u0119. Zarejestruj si\u0119 w kilka chwil lub zaloguj si\u0119 ponownie w dowolnym momencie, aby kontynuowa\u0107 gr\u0119.","robots":{"index":"index","follow":"follow","max-snippet":"max-snippet:-1","max-image-preview":"max-image-preview:large","max-video-preview":"max-video-preview:-1"},"canonical":"https:\/\/loot-zino.net\/pl\/logowanie-i-rejestracja\/","og_locale":"pl_PL","og_type":"article","og_title":"Lootzino Login i rejestracja konta","og_description":"Zarz\u0105dzaj wszystkim w jednym miejscu dzi\u0119ki swojemu Loot Zino login. Od depozyt\u00f3w i bonus\u00f3w, po dane osobowe i weryfikacj\u0119. Zarejestruj si\u0119 w kilka chwil lub zaloguj si\u0119 ponownie w dowolnym momencie, aby kontynuowa\u0107 gr\u0119.","og_url":"https:\/\/loot-zino.net\/pl\/logowanie-i-rejestracja\/","og_site_name":"lootzino","article_modified_time":"2025-11-19T08:06:53+00:00","twitter_card":"summary_large_image","twitter_misc":{"Est. reading time":"1 minuta"},"schema":{"@context":"https:\/\/schema.org","@graph":[{"@type":"WebPage","@id":"https:\/\/loot-zino.net\/pl\/logowanie-i-rejestracja\/","url":"https:\/\/loot-zino.net\/pl\/logowanie-i-rejestracja\/","name":"Lootzino Login i rejestracja konta","isPartOf":{"@id":"https:\/\/loot-zino.net\/pl\/#website"},"datePublished":"2025-11-18T10:59:43+00:00","dateModified":"2025-11-19T08:06:53+00:00","description":"Zarz\u0105dzaj wszystkim w jednym miejscu dzi\u0119ki swojemu Loot Zino login. Od depozyt\u00f3w i bonus\u00f3w, po dane osobowe i weryfikacj\u0119. Zarejestruj si\u0119 w kilka chwil lub zaloguj si\u0119 ponownie w dowolnym momencie, aby kontynuowa\u0107 gr\u0119.","breadcrumb":{"@id":"https:\/\/loot-zino.net\/pl\/logowanie-i-rejestracja\/#breadcrumb"},"inLanguage":"pl-PL","potentialAction":[{"@type":"ReadAction","target":["https:\/\/loot-zino.net\/pl\/logowanie-i-rejestracja\/"]}]},{"@type":"BreadcrumbList","@id":"https:\/\/loot-zino.net\/pl\/logowanie-i-rejestracja\/#breadcrumb","itemListElement":[{"@type":"ListItem","position":1,"name":"Lootzino","item":"https:\/\/loot-zino.net\/pl\/"},{"@type":"ListItem","position":2,"name":"Logowanie i rejestracja"}]},{"@type":"WebSite","@id":"https:\/\/loot-zino.net\/pl\/#website","url":"https:\/\/loot-zino.net\/pl\/","name":"Lootzino","description":"","publisher":{"@id":"https:\/\/loot-zino.net\/pl\/#organization"},"potentialAction":[{"@type":"SearchAction","target":{"@type":"EntryPoint","urlTemplate":"https:\/\/loot-zino.net\/pl\/?s={search_term_string}"},"query-input":{"@type":"PropertyValueSpecification","valueRequired":true,"valueName":"search_term_string"}}],"inLanguage":"pl-PL"},{"@type":"Organization","@id":"https:\/\/loot-zino.net\/pl\/#organization","name":"Lootzino","url":"https:\/\/loot-zino.net\/pl\/","logo":{"@type":"ImageObject","inLanguage":"pl-PL","@id":"https:\/\/loot-zino.net\/pl\/#\/schema\/logo\/image\/","url":"https:\/\/loot-zino.net\/wp-content\/uploads\/2025\/11\/lootzino.svg","contentUrl":"https:\/\/loot-zino.net\/wp-content\/uploads\/2025\/11\/lootzino.svg","width":16,"height":20,"caption":"Lootzino"},"image":{"@id":"https:\/\/loot-zino.net\/pl\/#\/schema\/logo\/image\/"}}]}},"_links":{"self":[{"href":"https:\/\/loot-zino.net\/pl\/wp-json\/wp\/v2\/pages\/1468","targetHints":{"allow":["GET"]}}],"collection":[{"href":"https:\/\/loot-zino.net\/pl\/wp-json\/wp\/v2\/pages"}],"about":[{"href":"https:\/\/loot-zino.net\/pl\/wp-json\/wp\/v2\/types\/page"}],"author":[{"embeddable":true,"href":"https:\/\/loot-zino.net\/pl\/wp-json\/wp\/v2\/users\/1"}],"replies":[{"embeddable":true,"href":"https:\/\/loot-zino.net\/pl\/wp-json\/wp\/v2\/comments?post=1468"}],"version-history":[{"count":1,"href":"https:\/\/loot-zino.net\/pl\/wp-json\/wp\/v2\/pages\/1468\/revisions"}],"predecessor-version":[{"id":1773,"href":"https:\/\/loot-zino.net\/pl\/wp-json\/wp\/v2\/pages\/1468\/revisions\/1773"}],"wp:attachment":[{"href":"https:\/\/loot-zino.net\/pl\/wp-json\/wp\/v2\/media?parent=1468"}],"curies":[{"name":"wp","href":"https:\/\/api.w.org\/{rel}","templated":true}]}}