{"id":1422,"date":"2025-11-18T10:55:29","date_gmt":"2025-11-18T10:55:29","guid":{"rendered":"https:\/\/loot-zino.net\/app\/"},"modified":"2025-11-19T08:54:34","modified_gmt":"2025-11-19T08:54:34","slug":"aplikacja","status":"publish","type":"page","link":"https:\/\/loot-zino.net\/pl\/aplikacja\/","title":{"rendered":"Aplikacja"},"content":{"rendered":"<h1>Oficjalna aplikacja kasyna Lootzino<\/h1>\n<p>Lootzino app zosta\u0142a zaprojektowana z my\u015bl\u0105 o komforcie polskich graczy. Aplikacja jest \u0142atwa w obs\u0142udze i umo\u017cliwia granie w dowoln\u0105 gr\u0119 z kolekcji Lootzino. Nawigacja jest szybka, a grafika wysokiej jako\u015bci. Aplikacja Lootzino jest \u0142atwa do pobrania i zainstalowania, dzi\u0119ki czemu mo\u017cna gra\u0107 w dowolnym miejscu, nawet w podr\u00f3\u017cy.<\/p>\n<p><div class=\"banner-wrap\" aria-label=\"Banner\"><img src=\"https:\/\/loot-zino.net\/wp-content\/uploads\/2025\/11\/Lootzino-banner-carousel-800\u0445400.webp\" class=\"w-100 d-none d-lg-block img-pc main-banner-img\" alt=\"Lootzino banner desktop\" fetchpriority=\"high\" decoding=\"async\"><img src=\"https:\/\/loot-zino.net\/wp-content\/uploads\/2025\/12\/Group-25.webp\" class=\"w-100 d-none d-md-block d-lg-none main-banner-img\" alt=\"Lootzino banner mobile\" fetchpriority=\"high\" decoding=\"async\"><img src=\"https:\/\/loot-zino.net\/wp-content\/uploads\/2025\/12\/Group-25.webp\" class=\"w-100 d-md-none\" alt=\"Lootzino banner mobile\" fetchpriority=\"high\" decoding=\"async\"><div class=\"banner-description\">\n<div class=\"banner-title\">Bonusy powitalne<\/div>\n<p class=\"banner-header-title\">1500 \u20ac<\/p>\n<div class=\"banner-header-AdditionalText\">+ 250 Darmowe obroty<\/div>\n<button data-item=\"homepage_banner_link\" class=\"goto m-button m-gradient-border m-button--primary m-button--large banner-button btn-orange\">\n            <div class=\"m-button-content\">\n                <span>Zarejestruj si\u0119 teraz<\/span>\n                <span><\/span>\n            <\/div>\n        <\/button>\n<\/div>\n<div class=\"WelcomePack\">\n<p><img loading=\"lazy\" decoding=\"async\" class=\"alignnone size-full wp-image-1337\" src=\"https:\/\/loot-zino.net\/wp-content\/uploads\/2025\/11\/welcome-crown.svg\" alt=\"crown\" width=\"25\" height=\"26\" \/><\/p>\n<div class=\"WelcomePack-Info\">Cotygodniowy zwrot got\u00f3wki do 25%<\/div>\n<p><img loading=\"lazy\" decoding=\"async\" class=\"alignnone size-full wp-image-1337\" src=\"https:\/\/loot-zino.net\/wp-content\/uploads\/2025\/11\/welcome-crown.svg\" alt=\"crown\" width=\"25\" height=\"26\" \/><\/p>\n<\/div>\n<\/div><div class=\"scrollable-content-wrap my-5\"><div class=\"scrollable-content-inner\"><h2>Pobierz aplikacj\u0119 Lootzino dla systemu iOS<\/h2>\n<p>Je\u015bli posiadasz urz\u0105dzenie z systemem iOS, mo\u017cesz zainstalowa\u0107 aplikacj\u0119 Lootzino. Nie musisz pobiera\u0107 oprogramowania ze sklepu App Store. Instalacja jest szybka i \u0142atwa, a po jej zako\u0144czeniu uzyskasz natychmiastowy dost\u0119p do wszystkich funkcji kasyna. Aplikacj\u0119 mo\u017cna zainstalowa\u0107 w nast\u0119puj\u0105cy spos\u00f3b:<\/p>\n<ol>\n<li>Otw\u00f3rz stron\u0119 internetow\u0105 Lootzino w przegl\u0105darce Safari.<\/li>\n<li>Naci\u015bnij ikon\u0119 \u201eUdost\u0119pnij\u201d (kwadrat z strza\u0142k\u0105 skierowan\u0105 w g\u00f3r\u0119).<\/li>\n<li>Wybierz opcj\u0119 \u201eDodaj do ekranu g\u0142\u00f3wnego\u201d z menu.<\/li>\n<li>Potwierd\u017a, klikaj\u0105c \u201eDodaj\u201d.<\/li>\n<\/ol>\n<p>Aplikacja Lootzino pojawi si\u0119 teraz na ekranie g\u0142\u00f3wnym i b\u0119dzie gotowa do uruchomienia w dowolnym momencie. Oprogramowanie zapewnia tak samo p\u0142ynn\u0105 i wysokiej jako\u015bci rozgrywk\u0119 jak wersja na komputery PC.<\/p>\n<p><img loading=\"lazy\" decoding=\"async\" src=\"https:\/\/loot-zino.net\/wp-content\/uploads\/2025\/11\/Lootzino-iOS-App.webp\" alt=\"Lootzino iOS App\" width=\"1248\" height=\"536\" \/><\/p>\n<\/div><\/div><div style=\"clear: both\"><\/div><div class=\"d-flex justify-content-center\"><button data-item=\"decouvrez_link\" data-group=\"website_links\" class=\"goto fw-bold rounded-pill btn btn-orange\" aria-label=\"Pobierz aplikacj\u0119 Lootzino Casino\" >Pobierz aplikacj\u0119 Lootzino Casino<\/button><\/div><div class=\"scrollable-content-wrap my-5\"><div class=\"scrollable-content-inner\"><h2>Aplikacja na Androida do grania w podr\u00f3\u017cy<\/h2>\n<p>Instaluj\u0105c nasze oprogramowanie na Androida, mo\u017cesz zabra\u0107 mobilne kasyno ze sob\u0105, gdziekolwiek jeste\u015b. Lootzino na Androida to progresywna aplikacja internetowa (PWA). Stworzyli\u015bmy t\u0119 aplikacj\u0119, aby dzia\u0142a\u0142a na ka\u017cdym urz\u0105dzeniu mobilnym, bez plik\u00f3w APK i skomplikowanych pobra\u0144. Nasze kasyno jest w pe\u0142ni zoptymalizowane pod k\u0105tem Androida. Mo\u017cesz gra\u0107 w dowolne automaty online, do\u0142\u0105cza\u0107 do sto\u0142\u00f3w na \u017cywo z profesjonalnymi krupierami i zarz\u0105dza\u0107 swoim kontem Lootzino bezpo\u015brednio w aplikacji.<\/p>\n<h3>Jak pobra\u0107 aplikacj\u0119 na Androida<\/h3>\n<ol>\n<li>Przewi\u0144 w d\u00f3\u0142 stron\u0119 g\u0142\u00f3wn\u0105 witryny internetowej Lootzino.<\/li>\n<li>Naci\u015bnij przycisk \u201eAplikacja kasyna\u201d.<\/li>\n<li>Po wy\u015bwietleniu monitu o instalacj\u0119 wybierz opcj\u0119 \u201eZainstaluj\u201d.<\/li>\n<li>Aplikacja Lootzino zostanie dodana do ekranu g\u0142\u00f3wnego.<\/li>\n<\/ol>\n<p><img loading=\"lazy\" decoding=\"async\" src=\"https:\/\/loot-zino.net\/wp-content\/uploads\/2025\/11\/Lootzino-Android-App.webp\" alt=\"Lootzino Android App\" width=\"1248\" height=\"536\" \/><\/p>\n<\/div><\/div><div style=\"clear: both\"><\/div><div class=\"d-flex justify-content-center\"><button data-item=\"decouvrez_link\" data-group=\"website_links\" class=\"goto fw-bold rounded-pill btn btn-orange\" aria-label=\"Pobierz Lootzino\" >Pobierz Lootzino<\/button><\/div><div class=\"scrollable-content-wrap my-5\"><div class=\"scrollable-content-inner\"><h2>Jak zainstalowa\u0107 aplikacj\u0119 internetow\u0105 na komputerze PC<\/h2>\n<p>Mo\u017cesz zainstalowa\u0107 aplikacj\u0119 komputerow\u0105 Lootzino na swoim komputerze. Ciesz si\u0119 ulubionymi automatami i grami sto\u0142owymi, maj\u0105c do nich szybki dost\u0119p z pulpitu. Oprogramowanie komputerowe jest kompatybilne z systemami Windows i macOS i oferuje wszystkie funkcje dost\u0119pne w kasynie. Aplikacja ma prosty interfejs z szybk\u0105 nawigacj\u0105 mi\u0119dzy sekcjami.<\/p>\n<p>Aby zainstalowa\u0107 aplikacj\u0119 Lootzino na komputerze, nie s\u0105 wymagane \u017cadne dodatkowe programy ani instalacje. Mo\u017cesz utworzy\u0107 skr\u00f3t na pulpicie, aby uzyska\u0107 szybki dost\u0119p. Skr\u00f3t ten dzia\u0142a jak aplikacja internetowa, uruchamiaj\u0105c Lootzino z ekranu g\u0142\u00f3wnego komputera.<\/p>\n<p>Oprogramowanie internetowe dzia\u0142a p\u0142ynnie, oferuj\u0105c wyra\u017an\u0105 grafik\u0119 i szybkie \u0142adowanie. Stworzyli\u015bmy je z my\u015bl\u0105 o maksymalnej wydajno\u015bci i dost\u0119pno\u015bci kasyna za jednym klikni\u0119ciem. W razie jakichkolwiek pyta\u0144 prosimy o kontakt z naszym zespo\u0142em pomocy technicznej za po\u015brednictwem czatu na \u017cywo lub poczty elektronicznej.<\/p>\n<p><img loading=\"lazy\" decoding=\"async\" src=\"https:\/\/loot-zino.net\/wp-content\/uploads\/2025\/11\/Lootzino-Desktop.webp\" alt=\"Lootzino Desktop\" width=\"1248\" height=\"536\" \/><\/p>\n<\/div><\/div><div style=\"clear: both\"><\/div><div class=\"d-flex justify-content-center\"><button data-item=\"decouvrez_link\" data-group=\"website_links\" class=\"goto fw-bold rounded-pill btn btn-orange\" aria-label=\"Pobierz aplikacj\u0119 Lootzino Casino\" >Pobierz aplikacj\u0119 Lootzino Casino<\/button><\/div><div class=\"scrollable-content-wrap my-5\"><div class=\"scrollable-content-inner\"><h2>Najlepsze funkcje aplikacji mobilnej Loot Zino<\/h2>\n<p>Aplikacja mobilna Lootzino zapewnia szybk\u0105 rozgrywk\u0119, idealn\u0105 dla graczy, kt\u00f3rzy s\u0105 zawsze w ruchu. Zapewnia natychmiastowy dost\u0119p do ulubionych gier i bonus\u00f3w z naszego kasyna. Oprogramowanie mobilne jest tak samo dobre jak wersja na komputery stacjonarne. Charakteryzuje si\u0119 szybk\u0105 nawigacj\u0105 i uproszczonym procesem weryfikacji, zapewniaj\u0105cym bezpiecze\u0144stwo gry.<\/p>\n<table>\n<tbody>\n<tr>\n<td>Funkcja<\/td>\n<td>Aplikacja mobilna<\/td>\n<td>Wersja na komputery PC<\/td>\n<\/tr>\n<tr>\n<td>Dost\u0119pno\u015b\u0107<\/td>\n<td>Dost\u0119p z ekranu g\u0142\u00f3wnego, odtwarzaj gdziekolwiek<\/td>\n<td>Wymaga dost\u0119pu do przegl\u0105darki i stabilnego po\u0142\u0105czenia internetowego.<\/td>\n<\/tr>\n<tr>\n<td>Wydajno\u015b\u0107<\/td>\n<td>Zoptymalizowany pod k\u0105tem szybko\u015bci i sterowania dotykowego<\/td>\n<td>Nieco szybszy na komputerach z wy\u017cszej p\u00f3\u0142ki<\/td>\n<\/tr>\n<tr>\n<td>Interfejs u\u017cytkownika<\/td>\n<td>Uproszczony uk\u0142ad dostosowany do urz\u0105dze\u0144 mobilnych<\/td>\n<td>Wi\u0119kszy ekran i szczeg\u00f3\u0142owy widok<\/td>\n<\/tr>\n<tr>\n<td>Proces weryfikacji<\/td>\n<td>Szybka i prosta weryfikacja w aplikacji<\/td>\n<td>Wymaga r\u0119cznego przes\u0142ania dokumentu z przegl\u0105darki<\/td>\n<\/tr>\n<tr>\n<td>Aktualizacje i powiadomienia<\/td>\n<td>Natychmiastowe powiadomienia push o bonusach i promocjach<\/td>\n<td>Brak powiadomie\u0144 w czasie rzeczywistym<\/td>\n<\/tr>\n<tr>\n<td>Wygoda<\/td>\n<td>Logowanie i gra jednym klikni\u0119ciem<\/td>\n<td>Wielostopniowy proces logowania<\/td>\n<\/tr>\n<\/tbody>\n<\/table>\n<p>Aplikacja mobilna Lootzino jest odpowiednia dla graczy, kt\u00f3rzy ceni\u0105 sobie mobilno\u015b\u0107 bez utraty jako\u015bci. Nasze oprogramowanie charakteryzuje si\u0119 uproszczonym procesem weryfikacji, intuicyjnym wygl\u0105dem i powiadomieniami push. Wersja mobilna stanowi pot\u0119\u017cn\u0105 alternatyw\u0119 dla wersji desktopowej.<\/p>\n<h2>Cz\u0119sto zadawane pytania<\/h2>\n<h3>Czy aplikacja Lootzino wymaga aktualizacji?<\/h3>\n<p>Nie s\u0105 wymagane \u017cadne r\u0119czne aktualizacje. Oprogramowanie Lootzino jest progresywn\u0105 aplikacj\u0105 internetow\u0105 (PWA), kt\u00f3ra aktualizuje si\u0119 automatycznie przy ka\u017cdym uruchomieniu. Zawsze b\u0119dziesz mie\u0107 dost\u0119p do najnowszych gier, funkcji i ulepsze\u0144 bezpiecze\u0144stwa bez konieczno\u015bci pobierania nowych wersji.<\/p>\n<h3>Czy aplikacja Lootzino obs\u0142uguje wiele metod p\u0142atno\u015bci?<\/h3>\n<p>Tak, aplikacja Lootzino obs\u0142uguje szeroki zakres bezpiecznych metod p\u0142atno\u015bci. Wszystkie metody dost\u0119pne na stronie internetowej s\u0105 r\u00f3wnie\u017c obs\u0142ugiwane w aplikacji, w tym karty kredytowe i debetowe, portfele elektroniczne oraz przelewy bankowe. Wp\u0142aty i wyp\u0142aty mo\u017cna zarz\u0105dza\u0107 bezpo\u015brednio w aplikacji. Transakcje w aplikacji s\u0105 szybkie, bezpieczne i wygodne.<\/p>\n<h3>Czy aplikacja Lootzino jest bezpieczna w u\u017cyciu i czy obs\u0142uguje bezpieczne p\u0142atno\u015bci?<\/h3>\n<p>Mo\u017cesz bez obaw korzysta\u0107 z aplikacji Lootzino. Szyfruje ona transakcje i wykorzystuje bezpieczne po\u0142\u0105czenia do p\u0142atno\u015bci. Aby zapewni\u0107 bezpiecze\u0144stwo Twoich danych, wprowadzili\u015bmy kr\u00f3tki proces weryfikacji. Nasze kasyno dok\u0142ada wszelkich stara\u0144, aby zapewni\u0107 bezpiecze\u0144stwo obszaru gier, dlatego stosujemy szyfrowanie danych, weryfikacj\u0119 i inne \u015brodki bezpiecze\u0144stwa.<\/p>\n<h3>Czy mog\u0119 uzyska\u0107 dost\u0119p do wszystkich gier i bonus\u00f3w Lootzino Casino za po\u015brednictwem aplikacji mobilnej?<\/h3>\n<p>Tak, oprogramowanie mobilne Lootzino zapewnia pe\u0142ny dost\u0119p do wszystkich gier kasynowych, automat\u00f3w, gier sto\u0142owych i bonus\u00f3w. Gracze mog\u0105 znale\u017a\u0107 wszystko z kolekcji gier Lootzino. W aplikacji mo\u017cna gra\u0107 na automatach, w gry z krupierem na \u017cywo i wszelkie gry sto\u0142owe.<\/p>\n<\/div><\/div><\/p>\n","protected":false},"excerpt":{"rendered":"<p>Oficjalna aplikacja kasyna Lootzino Lootzino app zosta\u0142a zaprojektowana z my\u015bl\u0105 o komforcie polskich graczy. Aplikacja jest \u0142atwa w obs\u0142udze i umo\u017cliwia granie w dowoln\u0105 gr\u0119 z kolekcji Lootzino. Nawigacja jest szybka, a grafika wysokiej jako\u015bci. Aplikacja Lootzino jest \u0142atwa do pobrania i zainstalowania, dzi\u0119ki czemu mo\u017cna gra\u0107 w dowolnym miejscu, nawet w podr\u00f3\u017cy.<\/p>\n","protected":false},"author":1,"featured_media":0,"parent":0,"menu_order":0,"comment_status":"closed","ping_status":"closed","template":"template-builder.php","meta":{"_acf_changed":false,"inline_featured_image":false,"footnotes":""},"class_list":["post-1422","page","type-page","status-publish","hentry"],"acf":[],"yoast_head":"<!-- This site is optimized with the Yoast SEO plugin v27.3 - https:\/\/yoast.com\/product\/yoast-seo-wordpress\/ -->\n<title>Lootzino Casino App | Pobierz na iOS i Androida<\/title>\n<meta name=\"description\" content=\"Rozpocznij gr\u0119 w podr\u00f3\u017cy dzi\u0119ki oficjalnej Loot Zino App, dost\u0119pnej na iOS, Androida, Windows i macOS. Uzyskaj dost\u0119p do tysi\u0119cy gier, bezpiecznych depozyt\u00f3w i p\u0142ynnej rozgrywki.\" \/>\n<meta name=\"robots\" content=\"index, follow, max-snippet:-1, max-image-preview:large, max-video-preview:-1\" \/>\n<link rel=\"canonical\" href=\"https:\/\/loot-zino.net\/pl\/aplikacja\/\" \/>\n<meta property=\"og:locale\" content=\"pl_PL\" \/>\n<meta property=\"og:type\" content=\"article\" \/>\n<meta property=\"og:title\" content=\"Lootzino Casino App | Pobierz na iOS i Androida\" \/>\n<meta property=\"og:description\" content=\"Rozpocznij gr\u0119 w podr\u00f3\u017cy dzi\u0119ki oficjalnej Loot Zino App, dost\u0119pnej na iOS, Androida, Windows i macOS. Uzyskaj dost\u0119p do tysi\u0119cy gier, bezpiecznych depozyt\u00f3w i p\u0142ynnej rozgrywki.\" \/>\n<meta property=\"og:url\" content=\"https:\/\/loot-zino.net\/pl\/aplikacja\/\" \/>\n<meta property=\"og:site_name\" content=\"lootzino\" \/>\n<meta property=\"article:modified_time\" content=\"2025-11-19T08:54:34+00:00\" \/>\n<meta name=\"twitter:card\" content=\"summary_large_image\" \/>\n<meta name=\"twitter:label1\" content=\"Est. reading time\" \/>\n\t<meta name=\"twitter:data1\" content=\"1 minuta\" \/>\n<script type=\"application\/ld+json\" class=\"yoast-schema-graph\">{\"@context\":\"https:\\\/\\\/schema.org\",\"@graph\":[{\"@type\":\"WebPage\",\"@id\":\"https:\\\/\\\/loot-zino.net\\\/pl\\\/aplikacja\\\/\",\"url\":\"https:\\\/\\\/loot-zino.net\\\/pl\\\/aplikacja\\\/\",\"name\":\"Lootzino Casino App | Pobierz na iOS i Androida\",\"isPartOf\":{\"@id\":\"https:\\\/\\\/loot-zino.net\\\/pl\\\/#website\"},\"datePublished\":\"2025-11-18T10:55:29+00:00\",\"dateModified\":\"2025-11-19T08:54:34+00:00\",\"description\":\"Rozpocznij gr\u0119 w podr\u00f3\u017cy dzi\u0119ki oficjalnej Loot Zino App, dost\u0119pnej na iOS, Androida, Windows i macOS. Uzyskaj dost\u0119p do tysi\u0119cy gier, bezpiecznych depozyt\u00f3w i p\u0142ynnej rozgrywki.\",\"breadcrumb\":{\"@id\":\"https:\\\/\\\/loot-zino.net\\\/pl\\\/aplikacja\\\/#breadcrumb\"},\"inLanguage\":\"pl-PL\",\"potentialAction\":[{\"@type\":\"ReadAction\",\"target\":[\"https:\\\/\\\/loot-zino.net\\\/pl\\\/aplikacja\\\/\"]}]},{\"@type\":\"BreadcrumbList\",\"@id\":\"https:\\\/\\\/loot-zino.net\\\/pl\\\/aplikacja\\\/#breadcrumb\",\"itemListElement\":[{\"@type\":\"ListItem\",\"position\":1,\"name\":\"Lootzino\",\"item\":\"https:\\\/\\\/loot-zino.net\\\/pl\\\/\"},{\"@type\":\"ListItem\",\"position\":2,\"name\":\"Aplikacja\"}]},{\"@type\":\"WebSite\",\"@id\":\"https:\\\/\\\/loot-zino.net\\\/pl\\\/#website\",\"url\":\"https:\\\/\\\/loot-zino.net\\\/pl\\\/\",\"name\":\"Lootzino\",\"description\":\"\",\"publisher\":{\"@id\":\"https:\\\/\\\/loot-zino.net\\\/pl\\\/#organization\"},\"potentialAction\":[{\"@type\":\"SearchAction\",\"target\":{\"@type\":\"EntryPoint\",\"urlTemplate\":\"https:\\\/\\\/loot-zino.net\\\/pl\\\/?s={search_term_string}\"},\"query-input\":{\"@type\":\"PropertyValueSpecification\",\"valueRequired\":true,\"valueName\":\"search_term_string\"}}],\"inLanguage\":\"pl-PL\"},{\"@type\":\"Organization\",\"@id\":\"https:\\\/\\\/loot-zino.net\\\/pl\\\/#organization\",\"name\":\"Lootzino\",\"url\":\"https:\\\/\\\/loot-zino.net\\\/pl\\\/\",\"logo\":{\"@type\":\"ImageObject\",\"inLanguage\":\"pl-PL\",\"@id\":\"https:\\\/\\\/loot-zino.net\\\/pl\\\/#\\\/schema\\\/logo\\\/image\\\/\",\"url\":\"https:\\\/\\\/loot-zino.net\\\/wp-content\\\/uploads\\\/2025\\\/11\\\/lootzino.svg\",\"contentUrl\":\"https:\\\/\\\/loot-zino.net\\\/wp-content\\\/uploads\\\/2025\\\/11\\\/lootzino.svg\",\"width\":16,\"height\":20,\"caption\":\"Lootzino\"},\"image\":{\"@id\":\"https:\\\/\\\/loot-zino.net\\\/pl\\\/#\\\/schema\\\/logo\\\/image\\\/\"}}]}<\/script>\n<!-- \/ Yoast SEO plugin. -->","yoast_head_json":{"title":"Lootzino Casino App | Pobierz na iOS i Androida","description":"Rozpocznij gr\u0119 w podr\u00f3\u017cy dzi\u0119ki oficjalnej Loot Zino App, dost\u0119pnej na iOS, Androida, Windows i macOS. Uzyskaj dost\u0119p do tysi\u0119cy gier, bezpiecznych depozyt\u00f3w i p\u0142ynnej rozgrywki.","robots":{"index":"index","follow":"follow","max-snippet":"max-snippet:-1","max-image-preview":"max-image-preview:large","max-video-preview":"max-video-preview:-1"},"canonical":"https:\/\/loot-zino.net\/pl\/aplikacja\/","og_locale":"pl_PL","og_type":"article","og_title":"Lootzino Casino App | Pobierz na iOS i Androida","og_description":"Rozpocznij gr\u0119 w podr\u00f3\u017cy dzi\u0119ki oficjalnej Loot Zino App, dost\u0119pnej na iOS, Androida, Windows i macOS. Uzyskaj dost\u0119p do tysi\u0119cy gier, bezpiecznych depozyt\u00f3w i p\u0142ynnej rozgrywki.","og_url":"https:\/\/loot-zino.net\/pl\/aplikacja\/","og_site_name":"lootzino","article_modified_time":"2025-11-19T08:54:34+00:00","twitter_card":"summary_large_image","twitter_misc":{"Est. reading time":"1 minuta"},"schema":{"@context":"https:\/\/schema.org","@graph":[{"@type":"WebPage","@id":"https:\/\/loot-zino.net\/pl\/aplikacja\/","url":"https:\/\/loot-zino.net\/pl\/aplikacja\/","name":"Lootzino Casino App | Pobierz na iOS i Androida","isPartOf":{"@id":"https:\/\/loot-zino.net\/pl\/#website"},"datePublished":"2025-11-18T10:55:29+00:00","dateModified":"2025-11-19T08:54:34+00:00","description":"Rozpocznij gr\u0119 w podr\u00f3\u017cy dzi\u0119ki oficjalnej Loot Zino App, dost\u0119pnej na iOS, Androida, Windows i macOS. Uzyskaj dost\u0119p do tysi\u0119cy gier, bezpiecznych depozyt\u00f3w i p\u0142ynnej rozgrywki.","breadcrumb":{"@id":"https:\/\/loot-zino.net\/pl\/aplikacja\/#breadcrumb"},"inLanguage":"pl-PL","potentialAction":[{"@type":"ReadAction","target":["https:\/\/loot-zino.net\/pl\/aplikacja\/"]}]},{"@type":"BreadcrumbList","@id":"https:\/\/loot-zino.net\/pl\/aplikacja\/#breadcrumb","itemListElement":[{"@type":"ListItem","position":1,"name":"Lootzino","item":"https:\/\/loot-zino.net\/pl\/"},{"@type":"ListItem","position":2,"name":"Aplikacja"}]},{"@type":"WebSite","@id":"https:\/\/loot-zino.net\/pl\/#website","url":"https:\/\/loot-zino.net\/pl\/","name":"Lootzino","description":"","publisher":{"@id":"https:\/\/loot-zino.net\/pl\/#organization"},"potentialAction":[{"@type":"SearchAction","target":{"@type":"EntryPoint","urlTemplate":"https:\/\/loot-zino.net\/pl\/?s={search_term_string}"},"query-input":{"@type":"PropertyValueSpecification","valueRequired":true,"valueName":"search_term_string"}}],"inLanguage":"pl-PL"},{"@type":"Organization","@id":"https:\/\/loot-zino.net\/pl\/#organization","name":"Lootzino","url":"https:\/\/loot-zino.net\/pl\/","logo":{"@type":"ImageObject","inLanguage":"pl-PL","@id":"https:\/\/loot-zino.net\/pl\/#\/schema\/logo\/image\/","url":"https:\/\/loot-zino.net\/wp-content\/uploads\/2025\/11\/lootzino.svg","contentUrl":"https:\/\/loot-zino.net\/wp-content\/uploads\/2025\/11\/lootzino.svg","width":16,"height":20,"caption":"Lootzino"},"image":{"@id":"https:\/\/loot-zino.net\/pl\/#\/schema\/logo\/image\/"}}]}},"_links":{"self":[{"href":"https:\/\/loot-zino.net\/pl\/wp-json\/wp\/v2\/pages\/1422","targetHints":{"allow":["GET"]}}],"collection":[{"href":"https:\/\/loot-zino.net\/pl\/wp-json\/wp\/v2\/pages"}],"about":[{"href":"https:\/\/loot-zino.net\/pl\/wp-json\/wp\/v2\/types\/page"}],"author":[{"embeddable":true,"href":"https:\/\/loot-zino.net\/pl\/wp-json\/wp\/v2\/users\/1"}],"replies":[{"embeddable":true,"href":"https:\/\/loot-zino.net\/pl\/wp-json\/wp\/v2\/comments?post=1422"}],"version-history":[{"count":3,"href":"https:\/\/loot-zino.net\/pl\/wp-json\/wp\/v2\/pages\/1422\/revisions"}],"predecessor-version":[{"id":1811,"href":"https:\/\/loot-zino.net\/pl\/wp-json\/wp\/v2\/pages\/1422\/revisions\/1811"}],"wp:attachment":[{"href":"https:\/\/loot-zino.net\/pl\/wp-json\/wp\/v2\/media?parent=1422"}],"curies":[{"name":"wp","href":"https:\/\/api.w.org\/{rel}","templated":true}]}}