{"id":1467,"date":"2025-11-18T10:59:43","date_gmt":"2025-11-18T10:59:43","guid":{"rendered":"https:\/\/loot-zino.net\/login-and-registration\/"},"modified":"2025-11-19T07:32:41","modified_gmt":"2025-11-19T07:32:41","slug":"accesso-e-registrazione","status":"publish","type":"page","link":"https:\/\/loot-zino.net\/it\/accesso-e-registrazione\/","title":{"rendered":"Accesso e registrazione"},"content":{"rendered":"<h1>Accesso a Lootzino e registrazione dell&#8217;account<\/h1>\n<p>Creare un account o accedere a Lootzino \u00e8 facile e veloce. Il processo di Lootzino login richiede solo un paio di minuti. Se non sei ancora registrato, puoi creare un account in soli 5 minuti. Una volta attivato il tuo account, avrai accesso immediato a tutti i nostri giochi per i giocatori italiani.<\/p>\n<p><div class=\"banner-wrap\" aria-label=\"Banner\"><img src=\"https:\/\/loot-zino.net\/wp-content\/uploads\/2025\/11\/Lootzino-banner-carousel-800\u0445400.webp\" class=\"w-100 d-none d-lg-block img-pc main-banner-img\" alt=\"Lootzino banner desktop\" fetchpriority=\"high\" decoding=\"async\"><img src=\"https:\/\/loot-zino.net\/wp-content\/uploads\/2025\/12\/Group-25.webp\" class=\"w-100 d-none d-md-block d-lg-none main-banner-img\" alt=\"Lootzino banner mobile\" fetchpriority=\"high\" decoding=\"async\"><img src=\"https:\/\/loot-zino.net\/wp-content\/uploads\/2025\/12\/Group-25.webp\" class=\"w-100 d-md-none\" alt=\"Lootzino banner mobile\" fetchpriority=\"high\" decoding=\"async\"><div class=\"banner-description\">\n<div class=\"banner-title\">Bonus di benvenuto<\/div>\n<p class=\"banner-header-title\">1500 \u20ac<\/p>\n<div class=\"banner-header-AdditionalText\">+ 250 Giri gratuiti<\/div>\n<button data-item=\"homepage_banner_link\" class=\"goto m-button m-gradient-border m-button--primary m-button--large banner-button btn-orange\">\n            <div class=\"m-button-content\">\n                <span>Iscriviti ora<\/span>\n                <span><\/span>\n            <\/div>\n        <\/button>\n<\/div>\n<div class=\"WelcomePack\">\n<p><img loading=\"lazy\" decoding=\"async\" class=\"alignnone size-full wp-image-1337\" src=\"https:\/\/loot-zino.net\/wp-content\/uploads\/2025\/11\/welcome-crown.svg\" alt=\"crown\" width=\"25\" height=\"26\" \/><\/p>\n<div class=\"WelcomePack-Info\">Cashback settimanale fino al 25%<\/div>\n<p><img loading=\"lazy\" decoding=\"async\" class=\"alignnone size-full wp-image-1337\" src=\"https:\/\/loot-zino.net\/wp-content\/uploads\/2025\/11\/welcome-crown.svg\" alt=\"crown\" width=\"25\" height=\"26\" \/><\/p>\n<\/div>\n<\/div><div class=\"scrollable-content-wrap my-5\"><div class=\"scrollable-content-inner\"><h2>Come accedere al tuo account Lootzino<\/h2>\n<p>La procedura di accesso a Lootzino \u00e8 sicura e veloce. Con pochi clic potrai giocare a qualsiasi gioco della nostra collezione. \u00c8 facile accedere da qualsiasi dispositivo: cellulare o computer.<\/p>\n<p>Passaggi per effettuare l&#8217;accesso:<\/p>\n<ol>\n<li>Clicca sul pulsante &#8220;Accedi&#8221; nell&#8217;angolo in alto a destra del nostro sito web.<\/li>\n<li>Inserisci il tuo indirizzo e-mail registrato e la password.<\/li>\n<li>Tocca &#8220;Accedi&#8221; per confermare.<\/li>\n<\/ol>\n<p>Dopo aver effettuato l&#8217;accesso, potrai giocare, depositare e prelevare fondi, utilizzare i bonus, partecipare ai tornei, visualizzare la cronologia delle tue giocate, aggiornare i tuoi dati personali e partecipare ai giochi del casin\u00f2 live.<\/p>\n<h3>Recupera login Lootzino<\/h3>\n<p>Se sei rimasto inattivo per un certo periodo di tempo, il tuo account potrebbe essere sospeso. Loot Zino ti avviser\u00e0 di questo quando effettuerai l&#8217;accesso e ti offrir\u00e0 di ripristinare il tuo account. Ti verr\u00e0 offerto di contattare il nostro servizio di assistenza multilingue. Non appena invierai una richiesta ai nostri specialisti dell&#8217;assistenza, questi inizieranno immediatamente a verificarla. Il tuo account verr\u00e0 ripristinato e attivato tempestivamente. Potrai immediatamente effettuare depositi, partecipare a tornei e ricevere ricompense.<\/p>\n<p>E se hai dimenticato la password, puoi recuperarla in pochi clic:<\/p>\n<ol>\n<li>Clicca sul pulsante &#8220;Accedi&#8221;.<\/li>\n<li>Tocca &#8220;Hai dimenticato la password?&#8221;<\/li>\n<li>Inserisci l&#8217;indirizzo e-mail registrato su Lootzino.<\/li>\n<li>Segui il link nella tua casella di posta elettronica.<\/li>\n<li>Crea una nuova password.<\/li>\n<\/ol>\n<p>In caso di problemi con il recupero dell&#8217;account, \u00e8 possibile contattare il nostro team di assistenza tramite live chat o e-mail.<\/p>\n<h2>Crea un nuovo account Loot Zino<\/h2>\n<p>Creando un account Lootzino avrai accesso alla nostra community di giocatori. La registrazione richiede solo pochi minuti ed \u00e8 un processo molto semplice. Se crei un account e completi la procedura di login a Lootzino, avrai pieno accesso a tutto ci\u00f2 che Loot Zino ha da offrire. Ad esempio, bonus di registrazione, strumenti per il gioco responsabile, tornei dei tuoi giochi preferiti e oltre 6.000 giochi.<\/p>\n<h3>Profilo e impostazioni personali<\/h3>\n<p>Dopo la registrazione, potrai gestire facilmente il tuo profilo. Puoi modificare i tuoi dati personali, impostare limiti di scommessa e collegarti ai tavoli con croupier dal vivo e altri giocatori, proprio come in un casin\u00f2 reale. Organizziamo spesso eventi e promozioni e offriamo bonus VIP per migliorare l&#8217;esperienza di gioco personalizzata. Dopo aver creato un account, puoi scaricare l&#8217;app Lootzino o rimanere nel tuo browser. Le impostazioni dell&#8217;account sono disponibili in tutte le versioni della nostra piattaforma.<\/p>\n<table>\n<tbody>\n<tr>\n<td>Caratteristica<\/td>\n<td>Cosa offre<\/td>\n<\/tr>\n<tr>\n<td>Gestione del profilo<\/td>\n<td>Modifica i dati personali, imposta i limiti di spesa e gestisci le notifiche<\/td>\n<\/tr>\n<tr>\n<td>Opzioni di pagamento<\/td>\n<td>Aggiungi o rimuovi metodi di pagamento in modo sicuro<\/td>\n<\/tr>\n<tr>\n<td>Monitoraggio dei bonus<\/td>\n<td>Visualizza le offerte attive, i progressi delle scommesse e le promozioni disponibili<\/td>\n<\/tr>\n<tr>\n<td>Cronologia del gioco<\/td>\n<td>Tieni traccia delle tue giocate e delle tue vincite recenti<\/td>\n<\/tr>\n<\/tbody>\n<\/table>\n<h3>Misure di sicurezza dell&#8217;account<\/h3>\n<p>Le misure di sicurezza pi\u00f9 avanzate proteggono completamente il tuo account Lootzino. I nostri sviluppatori implementano le pi\u00f9 recenti tecnologie di protezione dei dati per creare uno spazio sicuro nella nostra comunit\u00e0 di gioco. Lootzino utilizza tecnologia di crittografia, autenticazione in due passaggi, un processo di verifica e gateway di pagamento sicuri per proteggere i tuoi dati e i tuoi fondi. Creando un account su Loot Zino, puoi stare certo che le nostre solide misure di sicurezza proteggono completamente i tuoi dati e i tuoi fondi.<\/p>\n<h2>Perch\u00e9 dovresti verificare il tuo account<\/h2>\n<p>La verifica dell&#8217;account \u00e8 un passaggio essenziale nella protezione dei dati. Il processo di verifica conferma la tua identit\u00e0 e protegge i tuoi fondi. Inoltre, supporta la legittimit\u00e0 di tutte le transazioni e aiuta a prevenire accessi non autorizzati, frodi e gioco d&#8217;azzardo da parte di minorenni. Solo dopo aver completato il processo di verifica potrai prelevare fondi. Il prelievo delle vincite \u00e8 disponibile solo per gli utenti verificati. La verifica dell&#8217;account viene eseguita una sola volta. Il processo di verifica prevede la fornitura di documenti per confermare la tua identit\u00e0 e il tuo conto bancario. Per completare la procedura, \u00e8 necessario fornire documenti quali:<\/p>\n<ul>\n<li>ID<\/li>\n<li>patente di guida,<\/li>\n<li>prova di residenza (ad esempio, bolletta),<\/li>\n<li>dati bancari<\/li>\n<\/ul>\n<p>Tutto questo viene elaborato in modo sicuro e riservato. I nostri specialisti controlleranno i tuoi documenti e verificheranno il tuo account entro 48 ore.<\/p>\n<h2>Domande frequenti<\/h2>\n<h3>Posso utilizzare lo stesso account Lootzino su pi\u00f9 dispositivi?<\/h3>\n<p>S\u00ec, puoi utilizzare lo stesso account Lootzino su pi\u00f9 dispositivi: smartphone, tablet e PC. I tuoi progressi, i tuoi fondi e i tuoi bonus vengono sincronizzati. Puoi cambiare dispositivo e continuare a giocare in qualsiasi momento. Basta accedere con la tua e-mail e la tua password.<\/p>\n<h3>Quanto tempo occorre per verificare il mio account?<\/h3>\n<p>Di solito occorrono alcune ore per verificare il tuo account Lootzino, ma in determinate situazioni potrebbero essere necessarie fino a 48 ore. Potrai prelevare denaro una volta che la tua identit\u00e0 e il tuo indirizzo saranno stati verificati. Per motivi di sicurezza e per garantire che il prelievo sia autentico, questo passaggio \u00e8 essenziale.<\/p>\n<h3>Esistono misure di sicurezza che proteggono il mio accesso a Lootzino?<\/h3>\n<p>S\u00ec, Lootzino login \u00e8 protetto da misure di sicurezza avanzate. Utilizziamo crittografia, autenticazione a due fattori e gateway di pagamento sicuri. Inoltre, tutti i prelievi vengono verificati manualmente dai nostri specialisti. Ci\u00f2 \u00e8 necessario per confermare che i fondi siano stati accreditati sul conto corretto. Tutte le misure di sicurezza sono in atto per mantenere la riservatezza dei tuoi dati personali e dei tuoi fondi.<\/p>\n<h3>Quali vantaggi ottengo dall&#8217;avere un account verificato?<\/h3>\n<p>Un account verificato Lootzino ti d\u00e0 accesso a tutte le funzionalit\u00e0. Ad esempio, il prelievo di fondi e le vincite dei tornei. Garantisce inoltre la sicurezza dei tuoi fondi e delle tue informazioni personali. Abbiamo implementato questa procedura per la tua sicurezza.<\/p>\n<\/div><\/div><\/p>\n","protected":false},"excerpt":{"rendered":"<p>Accesso a Lootzino e registrazione dell&#8217;account Creare un account o accedere a Lootzino \u00e8 facile e veloce. Il processo di Lootzino login richiede solo un paio di minuti. Se non sei ancora registrato, puoi creare un account in soli 5 minuti. Una volta attivato il tuo account, avrai accesso immediato a tutti i nostri giochi [&hellip;]<\/p>\n","protected":false},"author":1,"featured_media":0,"parent":0,"menu_order":0,"comment_status":"closed","ping_status":"closed","template":"template-builder.php","meta":{"_acf_changed":false,"inline_featured_image":false,"footnotes":""},"class_list":["post-1467","page","type-page","status-publish","hentry"],"acf":[],"yoast_head":"<!-- This site is optimized with the Yoast SEO plugin v27.3 - https:\/\/yoast.com\/product\/yoast-seo-wordpress\/ -->\n<title>Lootzino Login e registrazione dell&#039;account<\/title>\n<meta name=\"description\" content=\"Gestisci tutto in un unico posto con il tuo Loot Zino login. Dai depositi e bonus ai dati personali e alla verifica. Registrati in pochi istanti o accedi di nuovo in qualsiasi momento per continuare a giocare.\" \/>\n<meta name=\"robots\" content=\"index, follow, max-snippet:-1, max-image-preview:large, max-video-preview:-1\" \/>\n<link rel=\"canonical\" href=\"https:\/\/loot-zino.net\/it\/accesso-e-registrazione\/\" \/>\n<meta property=\"og:locale\" content=\"it_IT\" \/>\n<meta property=\"og:type\" content=\"article\" \/>\n<meta property=\"og:title\" content=\"Lootzino Login e registrazione dell&#039;account\" \/>\n<meta property=\"og:description\" content=\"Gestisci tutto in un unico posto con il tuo Loot Zino login. Dai depositi e bonus ai dati personali e alla verifica. Registrati in pochi istanti o accedi di nuovo in qualsiasi momento per continuare a giocare.\" \/>\n<meta property=\"og:url\" content=\"https:\/\/loot-zino.net\/it\/accesso-e-registrazione\/\" \/>\n<meta property=\"og:site_name\" content=\"lootzino\" \/>\n<meta property=\"article:modified_time\" content=\"2025-11-19T07:32:41+00:00\" \/>\n<meta name=\"twitter:card\" content=\"summary_large_image\" \/>\n<meta name=\"twitter:label1\" content=\"Est. reading time\" \/>\n\t<meta name=\"twitter:data1\" content=\"1 minuto\" \/>\n<script type=\"application\/ld+json\" class=\"yoast-schema-graph\">{\"@context\":\"https:\\\/\\\/schema.org\",\"@graph\":[{\"@type\":\"WebPage\",\"@id\":\"https:\\\/\\\/loot-zino.net\\\/it\\\/accesso-e-registrazione\\\/\",\"url\":\"https:\\\/\\\/loot-zino.net\\\/it\\\/accesso-e-registrazione\\\/\",\"name\":\"Lootzino Login e registrazione dell'account\",\"isPartOf\":{\"@id\":\"https:\\\/\\\/loot-zino.net\\\/it\\\/#website\"},\"datePublished\":\"2025-11-18T10:59:43+00:00\",\"dateModified\":\"2025-11-19T07:32:41+00:00\",\"description\":\"Gestisci tutto in un unico posto con il tuo Loot Zino login. Dai depositi e bonus ai dati personali e alla verifica. Registrati in pochi istanti o accedi di nuovo in qualsiasi momento per continuare a giocare.\",\"breadcrumb\":{\"@id\":\"https:\\\/\\\/loot-zino.net\\\/it\\\/accesso-e-registrazione\\\/#breadcrumb\"},\"inLanguage\":\"it-IT\",\"potentialAction\":[{\"@type\":\"ReadAction\",\"target\":[\"https:\\\/\\\/loot-zino.net\\\/it\\\/accesso-e-registrazione\\\/\"]}]},{\"@type\":\"BreadcrumbList\",\"@id\":\"https:\\\/\\\/loot-zino.net\\\/it\\\/accesso-e-registrazione\\\/#breadcrumb\",\"itemListElement\":[{\"@type\":\"ListItem\",\"position\":1,\"name\":\"Lootzino\",\"item\":\"https:\\\/\\\/loot-zino.net\\\/it\\\/\"},{\"@type\":\"ListItem\",\"position\":2,\"name\":\"Accesso e registrazione\"}]},{\"@type\":\"WebSite\",\"@id\":\"https:\\\/\\\/loot-zino.net\\\/it\\\/#website\",\"url\":\"https:\\\/\\\/loot-zino.net\\\/it\\\/\",\"name\":\"Lootzino\",\"description\":\"\",\"publisher\":{\"@id\":\"https:\\\/\\\/loot-zino.net\\\/it\\\/#organization\"},\"potentialAction\":[{\"@type\":\"SearchAction\",\"target\":{\"@type\":\"EntryPoint\",\"urlTemplate\":\"https:\\\/\\\/loot-zino.net\\\/it\\\/?s={search_term_string}\"},\"query-input\":{\"@type\":\"PropertyValueSpecification\",\"valueRequired\":true,\"valueName\":\"search_term_string\"}}],\"inLanguage\":\"it-IT\"},{\"@type\":\"Organization\",\"@id\":\"https:\\\/\\\/loot-zino.net\\\/it\\\/#organization\",\"name\":\"Lootzino\",\"url\":\"https:\\\/\\\/loot-zino.net\\\/it\\\/\",\"logo\":{\"@type\":\"ImageObject\",\"inLanguage\":\"it-IT\",\"@id\":\"https:\\\/\\\/loot-zino.net\\\/it\\\/#\\\/schema\\\/logo\\\/image\\\/\",\"url\":\"https:\\\/\\\/loot-zino.net\\\/wp-content\\\/uploads\\\/2025\\\/11\\\/lootzino.svg\",\"contentUrl\":\"https:\\\/\\\/loot-zino.net\\\/wp-content\\\/uploads\\\/2025\\\/11\\\/lootzino.svg\",\"width\":16,\"height\":20,\"caption\":\"Lootzino\"},\"image\":{\"@id\":\"https:\\\/\\\/loot-zino.net\\\/it\\\/#\\\/schema\\\/logo\\\/image\\\/\"}}]}<\/script>\n<!-- \/ Yoast SEO plugin. -->","yoast_head_json":{"title":"Lootzino Login e registrazione dell'account","description":"Gestisci tutto in un unico posto con il tuo Loot Zino login. Dai depositi e bonus ai dati personali e alla verifica. Registrati in pochi istanti o accedi di nuovo in qualsiasi momento per continuare a giocare.","robots":{"index":"index","follow":"follow","max-snippet":"max-snippet:-1","max-image-preview":"max-image-preview:large","max-video-preview":"max-video-preview:-1"},"canonical":"https:\/\/loot-zino.net\/it\/accesso-e-registrazione\/","og_locale":"it_IT","og_type":"article","og_title":"Lootzino Login e registrazione dell'account","og_description":"Gestisci tutto in un unico posto con il tuo Loot Zino login. Dai depositi e bonus ai dati personali e alla verifica. Registrati in pochi istanti o accedi di nuovo in qualsiasi momento per continuare a giocare.","og_url":"https:\/\/loot-zino.net\/it\/accesso-e-registrazione\/","og_site_name":"lootzino","article_modified_time":"2025-11-19T07:32:41+00:00","twitter_card":"summary_large_image","twitter_misc":{"Est. reading time":"1 minuto"},"schema":{"@context":"https:\/\/schema.org","@graph":[{"@type":"WebPage","@id":"https:\/\/loot-zino.net\/it\/accesso-e-registrazione\/","url":"https:\/\/loot-zino.net\/it\/accesso-e-registrazione\/","name":"Lootzino Login e registrazione dell'account","isPartOf":{"@id":"https:\/\/loot-zino.net\/it\/#website"},"datePublished":"2025-11-18T10:59:43+00:00","dateModified":"2025-11-19T07:32:41+00:00","description":"Gestisci tutto in un unico posto con il tuo Loot Zino login. Dai depositi e bonus ai dati personali e alla verifica. Registrati in pochi istanti o accedi di nuovo in qualsiasi momento per continuare a giocare.","breadcrumb":{"@id":"https:\/\/loot-zino.net\/it\/accesso-e-registrazione\/#breadcrumb"},"inLanguage":"it-IT","potentialAction":[{"@type":"ReadAction","target":["https:\/\/loot-zino.net\/it\/accesso-e-registrazione\/"]}]},{"@type":"BreadcrumbList","@id":"https:\/\/loot-zino.net\/it\/accesso-e-registrazione\/#breadcrumb","itemListElement":[{"@type":"ListItem","position":1,"name":"Lootzino","item":"https:\/\/loot-zino.net\/it\/"},{"@type":"ListItem","position":2,"name":"Accesso e registrazione"}]},{"@type":"WebSite","@id":"https:\/\/loot-zino.net\/it\/#website","url":"https:\/\/loot-zino.net\/it\/","name":"Lootzino","description":"","publisher":{"@id":"https:\/\/loot-zino.net\/it\/#organization"},"potentialAction":[{"@type":"SearchAction","target":{"@type":"EntryPoint","urlTemplate":"https:\/\/loot-zino.net\/it\/?s={search_term_string}"},"query-input":{"@type":"PropertyValueSpecification","valueRequired":true,"valueName":"search_term_string"}}],"inLanguage":"it-IT"},{"@type":"Organization","@id":"https:\/\/loot-zino.net\/it\/#organization","name":"Lootzino","url":"https:\/\/loot-zino.net\/it\/","logo":{"@type":"ImageObject","inLanguage":"it-IT","@id":"https:\/\/loot-zino.net\/it\/#\/schema\/logo\/image\/","url":"https:\/\/loot-zino.net\/wp-content\/uploads\/2025\/11\/lootzino.svg","contentUrl":"https:\/\/loot-zino.net\/wp-content\/uploads\/2025\/11\/lootzino.svg","width":16,"height":20,"caption":"Lootzino"},"image":{"@id":"https:\/\/loot-zino.net\/it\/#\/schema\/logo\/image\/"}}]}},"_links":{"self":[{"href":"https:\/\/loot-zino.net\/it\/wp-json\/wp\/v2\/pages\/1467","targetHints":{"allow":["GET"]}}],"collection":[{"href":"https:\/\/loot-zino.net\/it\/wp-json\/wp\/v2\/pages"}],"about":[{"href":"https:\/\/loot-zino.net\/it\/wp-json\/wp\/v2\/types\/page"}],"author":[{"embeddable":true,"href":"https:\/\/loot-zino.net\/it\/wp-json\/wp\/v2\/users\/1"}],"replies":[{"embeddable":true,"href":"https:\/\/loot-zino.net\/it\/wp-json\/wp\/v2\/comments?post=1467"}],"version-history":[{"count":2,"href":"https:\/\/loot-zino.net\/it\/wp-json\/wp\/v2\/pages\/1467\/revisions"}],"predecessor-version":[{"id":1718,"href":"https:\/\/loot-zino.net\/it\/wp-json\/wp\/v2\/pages\/1467\/revisions\/1718"}],"wp:attachment":[{"href":"https:\/\/loot-zino.net\/it\/wp-json\/wp\/v2\/media?parent=1467"}],"curies":[{"name":"wp","href":"https:\/\/api.w.org\/{rel}","templated":true}]}}