{"id":1464,"date":"2025-11-18T10:59:43","date_gmt":"2025-11-18T10:59:43","guid":{"rendered":"https:\/\/loot-zino.net\/login-and-registration\/"},"modified":"2025-12-25T08:09:16","modified_gmt":"2025-12-25T08:09:16","slug":"connexion-et-inscription","status":"publish","type":"page","link":"https:\/\/loot-zino.net\/fr\/connexion-et-inscription\/","title":{"rendered":"Connexion et inscription"},"content":{"rendered":"<h1>Connexion \u00e0 Lootzino et cr\u00e9ation d&rsquo;un compte<\/h1>\n<p>Cr\u00e9er un compte ou se connecter \u00e0 Lootzino est rapide et facile. Le processus de Lootzino login ne prend que quelques minutes. Si vous n&rsquo;\u00eates pas encore inscrit, vous pouvez cr\u00e9er un compte en seulement 5 minutes. Une fois votre compte activ\u00e9, vous aurez imm\u00e9diatement acc\u00e8s \u00e0 tous nos jeux.<\/p>\n<p><div class=\"banner-wrap\" aria-label=\"Banner\"><img src=\"https:\/\/loot-zino.net\/wp-content\/uploads\/2025\/11\/Lootzino-banner-carousel-800\u0445400.webp\" class=\"w-100 d-none d-lg-block img-pc main-banner-img\" alt=\"Lootzino banner desktop\" fetchpriority=\"high\" decoding=\"async\"><img src=\"https:\/\/loot-zino.net\/wp-content\/uploads\/2025\/12\/Group-25.webp\" class=\"w-100 d-none d-md-block d-lg-none main-banner-img\" alt=\"Lootzino banner mobile\" fetchpriority=\"high\" decoding=\"async\"><img src=\"https:\/\/loot-zino.net\/wp-content\/uploads\/2025\/12\/Group-25.webp\" class=\"w-100 d-md-none\" alt=\"Lootzino banner mobile\" fetchpriority=\"high\" decoding=\"async\"><div class=\"banner-description\">\n<div class=\"banner-title\">Bonus de bienvenue<\/div>\n<p class=\"banner-header-title\">1000 \u20ac<\/p>\n<div class=\"banner-header-AdditionalText\">+ 100 Tours gratuits<\/div>\n<button data-item=\"homepage_banner_link\" class=\"goto m-button m-gradient-border m-button--primary m-button--large banner-button btn-orange\">\n            <div class=\"m-button-content\">\n                <span>Inscrivez-vous d\u00e8s maintenant<\/span>\n                <span><\/span>\n            <\/div>\n        <\/button>\n<\/div>\n<div class=\"WelcomePack\">\n<p><img loading=\"lazy\" decoding=\"async\" class=\"alignnone size-full wp-image-1337\" src=\"https:\/\/loot-zino.net\/wp-content\/uploads\/2025\/11\/welcome-crown.svg\" alt=\"crown\" width=\"25\" height=\"26\" \/><\/p>\n<div class=\"WelcomePack-Info\">Cashback hebdomadaire jusqu&rsquo;\u00e0 25 %<\/div>\n<p><img loading=\"lazy\" decoding=\"async\" class=\"alignnone size-full wp-image-1337\" src=\"https:\/\/loot-zino.net\/wp-content\/uploads\/2025\/11\/welcome-crown.svg\" alt=\"crown\" width=\"25\" height=\"26\" \/><\/p>\n<\/div>\n<\/div><div class=\"scrollable-content-wrap my-5\"><div class=\"scrollable-content-inner\"><h2>Comment acc\u00e9der \u00e0 votre compte Lootzino<\/h2>\n<p>La proc\u00e9dure de connexion \u00e0 Lootzino est s\u00fbre et rapide. En quelques clics seulement, vous pouvez jouer \u00e0 n&rsquo;importe quel jeu de notre collection. Il est facile de se connecter depuis n&rsquo;importe quel appareil : mobile ou ordinateur.<\/p>\n<p>\u00c9tapes pour se connecter :<\/p>\n<ol>\n<li>Cliquez sur le bouton \u00ab Connexion \u00bb dans le coin sup\u00e9rieur droit de notre site Web.<\/li>\n<li>Entrez votre adresse e-mail enregistr\u00e9e et votre mot de passe.<\/li>\n<li>Appuyez sur \u00ab Se connecter \u00bb pour confirmer.<\/li>\n<\/ol>\n<p>Une fois connect\u00e9, vous pourrez jouer \u00e0 des jeux, effectuer des d\u00e9p\u00f4ts, retirer des fonds, utiliser des bonus, participer \u00e0 des tournois, consulter votre historique de jeu, mettre \u00e0 jour vos informations personnelles et rejoindre des jeux de casino en direct.<\/p>\n<h3>R\u00e9cup\u00e9rer les identifiants Lootzino<\/h3>\n<p>Si vous \u00eates inactif depuis un certain temps, votre compte peut \u00eatre suspendu. Loot Zino vous en informera lorsque vous vous connecterez et vous proposera de restaurer votre compte. Il vous sera propos\u00e9 de contacter notre service d&rsquo;assistance multilingue. D\u00e8s que vous aurez soumis une demande \u00e0 nos sp\u00e9cialistes de l&rsquo;assistance, ceux-ci commenceront imm\u00e9diatement \u00e0 l&rsquo;examiner. Votre compte sera restaur\u00e9 et activ\u00e9 rapidement. Vous pourrez imm\u00e9diatement effectuer des d\u00e9p\u00f4ts, participer \u00e0 des tournois et recevoir des r\u00e9compenses.<\/p>\n<p>Et si vous avez oubli\u00e9 votre mot de passe, vous pouvez le r\u00e9cup\u00e9rer en quelques clics :<\/p>\n<ol>\n<li>Cliquez sur le bouton \u00ab Connexion \u00bb.<\/li>\n<li>Appuyez sur \u00ab Mot de passe oubli\u00e9 ? \u00bb.<\/li>\n<li>Entrez l&rsquo;adresse e-mail enregistr\u00e9e aupr\u00e8s de Lootzino.<\/li>\n<li>Suivez le lien dans votre bo\u00eete de r\u00e9ception.<\/li>\n<li>Cr\u00e9ez un nouveau mot de passe.<\/li>\n<\/ol>\n<p>Si vous rencontrez des difficult\u00e9s pour r\u00e9cup\u00e9rer votre compte, vous pouvez contacter notre \u00e9quipe d&rsquo;assistance via le chat en direct ou par e-mail.<\/p>\n<h2>Cr\u00e9er un nouveau compte Loot Zino<\/h2>\n<p>La cr\u00e9ation d&rsquo;un compte Lootzino vous donne acc\u00e8s \u00e0 notre communaut\u00e9 de joueurs. L&rsquo;inscription ne prend que quelques minutes et est tr\u00e8s simple. Si vous cr\u00e9ez un compte et effectuez la proc\u00e9dure de connexion \u00e0 Lootzino, vous aurez acc\u00e8s \u00e0 tout ce que Loot Zino a \u00e0 offrir. Par exemple, des bonus d&rsquo;inscription, des outils de jeu responsable, des tournois dans vos jeux pr\u00e9f\u00e9r\u00e9s et plus de 6 000 jeux.<\/p>\n<h3>Profil et param\u00e8tres personnels<\/h3>\n<p>Apr\u00e8s votre inscription, vous pourrez facilement g\u00e9rer votre profil. Vous pouvez modifier vos donn\u00e9es personnelles, d\u00e9finir des limites de mise et vous connecter \u00e0 des tables avec des croupiers en direct et d&rsquo;autres joueurs, comme dans un vrai casino. Nous organisons r\u00e9guli\u00e8rement des \u00e9v\u00e9nements et des promotions et offrons des bonus VIP pour am\u00e9liorer votre exp\u00e9rience de jeu personnalis\u00e9e. Apr\u00e8s avoir cr\u00e9\u00e9 un compte, vous pouvez t\u00e9l\u00e9charger l&rsquo;application Lootzino ou rester dans votre navigateur. Les param\u00e8tres du compte sont disponibles dans toutes les versions de notre plateforme.<\/p>\n<table>\n<tbody>\n<tr>\n<td>Fonctionnalit\u00e9<\/td>\n<td>Ce qu&rsquo;il offre<\/td>\n<\/tr>\n<tr>\n<td>Gestion des profils<\/td>\n<td>Modifier vos informations personnelles, d\u00e9finir des limites de d\u00e9penses et g\u00e9rer les notifications<\/td>\n<\/tr>\n<tr>\n<td>Options de paiement<\/td>\n<td>Ajouter ou supprimer des modes de paiement en toute s\u00e9curit\u00e9<\/td>\n<\/tr>\n<tr>\n<td>Suivi des bonus<\/td>\n<td>Consultez les offres actives, la progression des paris et les promotions disponibles.<\/td>\n<\/tr>\n<tr>\n<td>Historique du jeu<\/td>\n<td>Suivez vos derni\u00e8res parties et vos gains<\/td>\n<\/tr>\n<\/tbody>\n<\/table>\n<h3>Mesures de s\u00e9curit\u00e9 du compte<\/h3>\n<p>Les mesures de s\u00e9curit\u00e9 les plus avanc\u00e9es prot\u00e8gent enti\u00e8rement votre compte Lootzino. Nos d\u00e9veloppeurs mettent en \u0153uvre les derni\u00e8res technologies de protection des donn\u00e9es afin de cr\u00e9er un espace s\u00e9curis\u00e9 au sein de notre communaut\u00e9 de joueurs. Lootzino utilise une technologie de cryptage, une authentification en deux \u00e9tapes, un processus de v\u00e9rification et des passerelles de paiement s\u00e9curis\u00e9es pour prot\u00e9ger vos donn\u00e9es et vos fonds. En cr\u00e9ant un compte sur Loot Zino, vous pouvez \u00eatre assur\u00e9 que nos mesures de s\u00e9curit\u00e9 robustes prot\u00e8gent enti\u00e8rement vos donn\u00e9es et vos fonds.<\/p>\n<h2>Pourquoi vous devriez v\u00e9rifier votre compte<\/h2>\n<p>La v\u00e9rification du compte est une \u00e9tape essentielle dans la protection des donn\u00e9es. Le processus de v\u00e9rification confirme votre identit\u00e9 et prot\u00e8ge vos fonds. Il garantit \u00e9galement la l\u00e9gitimit\u00e9 de toutes les transactions et contribue \u00e0 pr\u00e9venir les acc\u00e8s non autoris\u00e9s, la fraude et le jeu des mineurs. Ce n&rsquo;est qu&rsquo;apr\u00e8s avoir termin\u00e9 le processus de v\u00e9rification que vous pourrez retirer des fonds. Le retrait des gains n&rsquo;est disponible que pour les utilisateurs v\u00e9rifi\u00e9s. La v\u00e9rification du compte n&rsquo;est effectu\u00e9e qu&rsquo;une seule fois. Le processus de v\u00e9rification comprend la fourniture de documents permettant de confirmer votre identit\u00e9 et votre compte bancaire. Pour mener \u00e0 bien cette proc\u00e9dure, vous devez fournir les documents suivants :<\/p>\n<ul>\n<li>ID<\/li>\n<li>permis de conduire,<\/li>\n<li>justificatif de domicile (par exemple, facture d&rsquo;\u00e9lectricit\u00e9),<\/li>\n<li>coordonn\u00e9es bancaires<\/li>\n<\/ul>\n<p>Tout cela est trait\u00e9 de mani\u00e8re s\u00e9curis\u00e9e et confidentielle. Nos sp\u00e9cialistes v\u00e9rifieront vos documents et valideront votre compte dans les 48 heures.<\/p>\n<h2>FAQ<\/h2>\n<h3>Puis-je utiliser le m\u00eame compte Lootzino sur plusieurs appareils ?<\/h3>\n<p>Oui, vous pouvez utiliser le m\u00eame compte Lootzino sur plusieurs appareils : smartphone, tablette et PC. Votre progression, vos fonds et vos bonus sont synchronis\u00e9s. Vous pouvez changer d&rsquo;appareil et continuer \u00e0 jouer \u00e0 tout moment. Il vous suffit de vous connecter avec votre adresse e-mail et votre mot de passe.<\/p>\n<h3>Combien de temps faut-il pour v\u00e9rifier mon compte ?<\/h3>\n<p>La v\u00e9rification de votre compte Lootzino prend g\u00e9n\u00e9ralement quelques heures, mais dans certaines situations, elle peut prendre jusqu&rsquo;\u00e0 48 heures. Vous pourrez retirer de l&rsquo;argent une fois que votre identit\u00e9 et votre adresse auront \u00e9t\u00e9 v\u00e9rifi\u00e9es. Pour des raisons de s\u00e9curit\u00e9 et afin de garantir l&rsquo;authenticit\u00e9 du retrait, cette \u00e9tape est indispensable.<\/p>\n<h3>Existe-t-il des mesures de s\u00e9curit\u00e9 prot\u00e9geant mon identifiant Lootzino ?<\/h3>\n<p>Oui, Lootzino login est prot\u00e9g\u00e9 par des mesures de s\u00e9curit\u00e9 avanc\u00e9es. Nous utilisons le cryptage, l&rsquo;authentification \u00e0 deux facteurs et des passerelles de paiement s\u00e9curis\u00e9es. De plus, tous les retraits sont v\u00e9rifi\u00e9s manuellement par nos sp\u00e9cialistes. Cela est n\u00e9cessaire pour confirmer que les fonds ont \u00e9t\u00e9 cr\u00e9dit\u00e9s sur le bon compte. Toutes les mesures de s\u00e9curit\u00e9 sont en place pour pr\u00e9server la confidentialit\u00e9 de vos donn\u00e9es personnelles et de vos fonds.<\/p>\n<h3>Quels sont les avantages d&rsquo;avoir un compte v\u00e9rifi\u00e9 ?<\/h3>\n<p>Un compte Lootzino v\u00e9rifi\u00e9 vous donne acc\u00e8s \u00e0 toutes les fonctionnalit\u00e9s. Par exemple, le retrait de fonds et les gains de tournois. Il garantit \u00e9galement la s\u00e9curit\u00e9 de vos fonds et de vos informations personnelles. Nous avons mis en place cette proc\u00e9dure pour votre s\u00e9curit\u00e9.<\/p>\n<\/div><\/div><\/p>\n","protected":false},"excerpt":{"rendered":"<p>Connexion \u00e0 Lootzino et cr\u00e9ation d&rsquo;un compte Cr\u00e9er un compte ou se connecter \u00e0 Lootzino est rapide et facile. Le processus de Lootzino login ne prend que quelques minutes. Si vous n&rsquo;\u00eates pas encore inscrit, vous pouvez cr\u00e9er un compte en seulement 5 minutes. Une fois votre compte activ\u00e9, vous aurez imm\u00e9diatement acc\u00e8s \u00e0 tous [&hellip;]<\/p>\n","protected":false},"author":1,"featured_media":0,"parent":0,"menu_order":0,"comment_status":"closed","ping_status":"closed","template":"template-builder.php","meta":{"_acf_changed":false,"inline_featured_image":false,"footnotes":""},"class_list":["post-1464","page","type-page","status-publish","hentry"],"acf":[],"yoast_head":"<!-- This site is optimized with the Yoast SEO plugin v27.3 - https:\/\/yoast.com\/product\/yoast-seo-wordpress\/ -->\n<title>Lootzino Login et inscription<\/title>\n<meta name=\"description\" content=\"G\u00e9rez tout depuis un seul endroit gr\u00e2ce \u00e0 votre Loot Zino login : d\u00e9p\u00f4ts, bonus, informations personnelles et v\u00e9rification. Inscrivez-vous en quelques instants ou reconnectez-vous \u00e0 tout moment pour continuer \u00e0 jouer.\" \/>\n<meta name=\"robots\" content=\"index, follow, max-snippet:-1, max-image-preview:large, max-video-preview:-1\" \/>\n<link rel=\"canonical\" href=\"https:\/\/loot-zino.net\/fr\/connexion-et-inscription\/\" \/>\n<meta property=\"og:locale\" content=\"fr_FR\" \/>\n<meta property=\"og:type\" content=\"article\" \/>\n<meta property=\"og:title\" content=\"Lootzino Login et inscription\" \/>\n<meta property=\"og:description\" content=\"G\u00e9rez tout depuis un seul endroit gr\u00e2ce \u00e0 votre Loot Zino login : d\u00e9p\u00f4ts, bonus, informations personnelles et v\u00e9rification. Inscrivez-vous en quelques instants ou reconnectez-vous \u00e0 tout moment pour continuer \u00e0 jouer.\" \/>\n<meta property=\"og:url\" content=\"https:\/\/loot-zino.net\/fr\/connexion-et-inscription\/\" \/>\n<meta property=\"og:site_name\" content=\"lootzino\" \/>\n<meta property=\"article:modified_time\" content=\"2025-12-25T08:09:16+00:00\" \/>\n<meta name=\"twitter:card\" content=\"summary_large_image\" \/>\n<meta name=\"twitter:label1\" content=\"Dur\u00e9e de lecture estim\u00e9e\" \/>\n\t<meta name=\"twitter:data1\" content=\"1 minute\" \/>\n<script type=\"application\/ld+json\" class=\"yoast-schema-graph\">{\"@context\":\"https:\\\/\\\/schema.org\",\"@graph\":[{\"@type\":\"WebPage\",\"@id\":\"https:\\\/\\\/loot-zino.net\\\/fr\\\/connexion-et-inscription\\\/\",\"url\":\"https:\\\/\\\/loot-zino.net\\\/fr\\\/connexion-et-inscription\\\/\",\"name\":\"Lootzino Login et inscription\",\"isPartOf\":{\"@id\":\"https:\\\/\\\/loot-zino.net\\\/fr\\\/#website\"},\"datePublished\":\"2025-11-18T10:59:43+00:00\",\"dateModified\":\"2025-12-25T08:09:16+00:00\",\"description\":\"G\u00e9rez tout depuis un seul endroit gr\u00e2ce \u00e0 votre Loot Zino login : d\u00e9p\u00f4ts, bonus, informations personnelles et v\u00e9rification. Inscrivez-vous en quelques instants ou reconnectez-vous \u00e0 tout moment pour continuer \u00e0 jouer.\",\"breadcrumb\":{\"@id\":\"https:\\\/\\\/loot-zino.net\\\/fr\\\/connexion-et-inscription\\\/#breadcrumb\"},\"inLanguage\":\"fr-FR\",\"potentialAction\":[{\"@type\":\"ReadAction\",\"target\":[\"https:\\\/\\\/loot-zino.net\\\/fr\\\/connexion-et-inscription\\\/\"]}]},{\"@type\":\"BreadcrumbList\",\"@id\":\"https:\\\/\\\/loot-zino.net\\\/fr\\\/connexion-et-inscription\\\/#breadcrumb\",\"itemListElement\":[{\"@type\":\"ListItem\",\"position\":1,\"name\":\"Lootzino\",\"item\":\"https:\\\/\\\/loot-zino.net\\\/fr\\\/\"},{\"@type\":\"ListItem\",\"position\":2,\"name\":\"Connexion et inscription\"}]},{\"@type\":\"WebSite\",\"@id\":\"https:\\\/\\\/loot-zino.net\\\/fr\\\/#website\",\"url\":\"https:\\\/\\\/loot-zino.net\\\/fr\\\/\",\"name\":\"Lootzino\",\"description\":\"\",\"publisher\":{\"@id\":\"https:\\\/\\\/loot-zino.net\\\/fr\\\/#organization\"},\"potentialAction\":[{\"@type\":\"SearchAction\",\"target\":{\"@type\":\"EntryPoint\",\"urlTemplate\":\"https:\\\/\\\/loot-zino.net\\\/fr\\\/?s={search_term_string}\"},\"query-input\":{\"@type\":\"PropertyValueSpecification\",\"valueRequired\":true,\"valueName\":\"search_term_string\"}}],\"inLanguage\":\"fr-FR\"},{\"@type\":\"Organization\",\"@id\":\"https:\\\/\\\/loot-zino.net\\\/fr\\\/#organization\",\"name\":\"Lootzino\",\"url\":\"https:\\\/\\\/loot-zino.net\\\/fr\\\/\",\"logo\":{\"@type\":\"ImageObject\",\"inLanguage\":\"fr-FR\",\"@id\":\"https:\\\/\\\/loot-zino.net\\\/fr\\\/#\\\/schema\\\/logo\\\/image\\\/\",\"url\":\"https:\\\/\\\/loot-zino.net\\\/wp-content\\\/uploads\\\/2025\\\/11\\\/lootzino.svg\",\"contentUrl\":\"https:\\\/\\\/loot-zino.net\\\/wp-content\\\/uploads\\\/2025\\\/11\\\/lootzino.svg\",\"width\":16,\"height\":20,\"caption\":\"Lootzino\"},\"image\":{\"@id\":\"https:\\\/\\\/loot-zino.net\\\/fr\\\/#\\\/schema\\\/logo\\\/image\\\/\"}}]}<\/script>\n<!-- \/ Yoast SEO plugin. -->","yoast_head_json":{"title":"Lootzino Login et inscription","description":"G\u00e9rez tout depuis un seul endroit gr\u00e2ce \u00e0 votre Loot Zino login : d\u00e9p\u00f4ts, bonus, informations personnelles et v\u00e9rification. Inscrivez-vous en quelques instants ou reconnectez-vous \u00e0 tout moment pour continuer \u00e0 jouer.","robots":{"index":"index","follow":"follow","max-snippet":"max-snippet:-1","max-image-preview":"max-image-preview:large","max-video-preview":"max-video-preview:-1"},"canonical":"https:\/\/loot-zino.net\/fr\/connexion-et-inscription\/","og_locale":"fr_FR","og_type":"article","og_title":"Lootzino Login et inscription","og_description":"G\u00e9rez tout depuis un seul endroit gr\u00e2ce \u00e0 votre Loot Zino login : d\u00e9p\u00f4ts, bonus, informations personnelles et v\u00e9rification. Inscrivez-vous en quelques instants ou reconnectez-vous \u00e0 tout moment pour continuer \u00e0 jouer.","og_url":"https:\/\/loot-zino.net\/fr\/connexion-et-inscription\/","og_site_name":"lootzino","article_modified_time":"2025-12-25T08:09:16+00:00","twitter_card":"summary_large_image","twitter_misc":{"Dur\u00e9e de lecture estim\u00e9e":"1 minute"},"schema":{"@context":"https:\/\/schema.org","@graph":[{"@type":"WebPage","@id":"https:\/\/loot-zino.net\/fr\/connexion-et-inscription\/","url":"https:\/\/loot-zino.net\/fr\/connexion-et-inscription\/","name":"Lootzino Login et inscription","isPartOf":{"@id":"https:\/\/loot-zino.net\/fr\/#website"},"datePublished":"2025-11-18T10:59:43+00:00","dateModified":"2025-12-25T08:09:16+00:00","description":"G\u00e9rez tout depuis un seul endroit gr\u00e2ce \u00e0 votre Loot Zino login : d\u00e9p\u00f4ts, bonus, informations personnelles et v\u00e9rification. Inscrivez-vous en quelques instants ou reconnectez-vous \u00e0 tout moment pour continuer \u00e0 jouer.","breadcrumb":{"@id":"https:\/\/loot-zino.net\/fr\/connexion-et-inscription\/#breadcrumb"},"inLanguage":"fr-FR","potentialAction":[{"@type":"ReadAction","target":["https:\/\/loot-zino.net\/fr\/connexion-et-inscription\/"]}]},{"@type":"BreadcrumbList","@id":"https:\/\/loot-zino.net\/fr\/connexion-et-inscription\/#breadcrumb","itemListElement":[{"@type":"ListItem","position":1,"name":"Lootzino","item":"https:\/\/loot-zino.net\/fr\/"},{"@type":"ListItem","position":2,"name":"Connexion et inscription"}]},{"@type":"WebSite","@id":"https:\/\/loot-zino.net\/fr\/#website","url":"https:\/\/loot-zino.net\/fr\/","name":"Lootzino","description":"","publisher":{"@id":"https:\/\/loot-zino.net\/fr\/#organization"},"potentialAction":[{"@type":"SearchAction","target":{"@type":"EntryPoint","urlTemplate":"https:\/\/loot-zino.net\/fr\/?s={search_term_string}"},"query-input":{"@type":"PropertyValueSpecification","valueRequired":true,"valueName":"search_term_string"}}],"inLanguage":"fr-FR"},{"@type":"Organization","@id":"https:\/\/loot-zino.net\/fr\/#organization","name":"Lootzino","url":"https:\/\/loot-zino.net\/fr\/","logo":{"@type":"ImageObject","inLanguage":"fr-FR","@id":"https:\/\/loot-zino.net\/fr\/#\/schema\/logo\/image\/","url":"https:\/\/loot-zino.net\/wp-content\/uploads\/2025\/11\/lootzino.svg","contentUrl":"https:\/\/loot-zino.net\/wp-content\/uploads\/2025\/11\/lootzino.svg","width":16,"height":20,"caption":"Lootzino"},"image":{"@id":"https:\/\/loot-zino.net\/fr\/#\/schema\/logo\/image\/"}}]}},"_links":{"self":[{"href":"https:\/\/loot-zino.net\/fr\/wp-json\/wp\/v2\/pages\/1464","targetHints":{"allow":["GET"]}}],"collection":[{"href":"https:\/\/loot-zino.net\/fr\/wp-json\/wp\/v2\/pages"}],"about":[{"href":"https:\/\/loot-zino.net\/fr\/wp-json\/wp\/v2\/types\/page"}],"author":[{"embeddable":true,"href":"https:\/\/loot-zino.net\/fr\/wp-json\/wp\/v2\/users\/1"}],"replies":[{"embeddable":true,"href":"https:\/\/loot-zino.net\/fr\/wp-json\/wp\/v2\/comments?post=1464"}],"version-history":[{"count":3,"href":"https:\/\/loot-zino.net\/fr\/wp-json\/wp\/v2\/pages\/1464\/revisions"}],"predecessor-version":[{"id":1847,"href":"https:\/\/loot-zino.net\/fr\/wp-json\/wp\/v2\/pages\/1464\/revisions\/1847"}],"wp:attachment":[{"href":"https:\/\/loot-zino.net\/fr\/wp-json\/wp\/v2\/media?parent=1464"}],"curies":[{"name":"wp","href":"https:\/\/api.w.org\/{rel}","templated":true}]}}