{"id":1415,"date":"2025-11-18T10:55:29","date_gmt":"2025-11-18T10:55:29","guid":{"rendered":"https:\/\/loot-zino.net\/app\/"},"modified":"2025-12-25T08:03:09","modified_gmt":"2025-12-25T08:03:09","slug":"app","status":"publish","type":"page","link":"https:\/\/loot-zino.net\/fr\/app\/","title":{"rendered":"App"},"content":{"rendered":"<h1>Application officielle du casino Lootzino<\/h1>\n<p>Lootzino App est con\u00e7ue pour offrir un plus grand confort de jeu. Facile \u00e0 utiliser, elle vous permet de jouer \u00e0 n&rsquo;importe quel jeu de la collection Lootzino. La navigation est rapide et tous les graphismes sont de haute qualit\u00e9. L&rsquo;application Lootzino est facile \u00e0 t\u00e9l\u00e9charger et \u00e0 installer, vous pouvez donc jouer n&rsquo;importe o\u00f9, m\u00eame en d\u00e9placement.<\/p>\n<p><div class=\"banner-wrap\" aria-label=\"Banner\"><img src=\"https:\/\/loot-zino.net\/wp-content\/uploads\/2025\/11\/Lootzino-banner-carousel-800\u0445400.webp\" class=\"w-100 d-none d-lg-block img-pc main-banner-img\" alt=\"Lootzino banner desktop\" fetchpriority=\"high\" decoding=\"async\"><img src=\"https:\/\/loot-zino.net\/wp-content\/uploads\/2025\/12\/Group-25.webp\" class=\"w-100 d-none d-md-block d-lg-none main-banner-img\" alt=\"Lootzino banner mobile\" fetchpriority=\"high\" decoding=\"async\"><img src=\"https:\/\/loot-zino.net\/wp-content\/uploads\/2025\/12\/Group-25.webp\" class=\"w-100 d-md-none\" alt=\"Lootzino banner mobile\" fetchpriority=\"high\" decoding=\"async\"><div class=\"banner-description\">\n<div class=\"banner-title\">Bonus de bienvenue<\/div>\n<p class=\"banner-header-title\">1000 \u20ac<\/p>\n<div class=\"banner-header-AdditionalText\">+ 100 Tours gratuits<\/div>\n<button data-item=\"homepage_banner_link\" class=\"goto m-button m-gradient-border m-button--primary m-button--large banner-button btn-orange\">\n            <div class=\"m-button-content\">\n                <span>Inscrivez-vous d\u00e8s maintenant<\/span>\n                <span><\/span>\n            <\/div>\n        <\/button>\n<\/div>\n<div class=\"WelcomePack\">\n<p><img loading=\"lazy\" decoding=\"async\" class=\"alignnone size-full wp-image-1337\" src=\"https:\/\/loot-zino.net\/wp-content\/uploads\/2025\/11\/welcome-crown.svg\" alt=\"crown\" width=\"25\" height=\"26\" \/><\/p>\n<div class=\"WelcomePack-Info\">Cashback hebdomadaire jusqu&rsquo;\u00e0 25 %<\/div>\n<p><img loading=\"lazy\" decoding=\"async\" class=\"alignnone size-full wp-image-1337\" src=\"https:\/\/loot-zino.net\/wp-content\/uploads\/2025\/11\/welcome-crown.svg\" alt=\"crown\" width=\"25\" height=\"26\" \/><\/p>\n<\/div>\n<\/div><div class=\"scrollable-content-wrap my-5\"><div class=\"scrollable-content-inner\"><h2>T\u00e9l\u00e9charger l&rsquo;application Lootzino pour iOS<\/h2>\n<p>Si vous poss\u00e9dez un appareil iOS, vous pouvez installer l&rsquo;application Lootzino. Il n&rsquo;est pas n\u00e9cessaire de t\u00e9l\u00e9charger le logiciel depuis l&rsquo;App Store. L&rsquo;installation est rapide et facile, et vous aurez imm\u00e9diatement acc\u00e8s \u00e0 toutes les fonctionnalit\u00e9s du casino. Vous pouvez installer l&rsquo;application comme suit :<\/p>\n<ol>\n<li>Ouvrez le site Web Lootzino dans votre navigateur Safari.<\/li>\n<li>Appuyez sur l&rsquo;ic\u00f4ne \u00ab Partager \u00bb (carr\u00e9 avec une fl\u00e8che vers le haut).<\/li>\n<li>S\u00e9lectionnez \u00ab Ajouter \u00e0 l&rsquo;\u00e9cran d&rsquo;accueil \u00bb dans le menu.<\/li>\n<li>Confirmez en appuyant sur \u00ab Ajouter \u00bb.<\/li>\n<\/ol>\n<p>L&rsquo;application Lootzino appara\u00eetra d\u00e9sormais sur votre \u00e9cran d&rsquo;accueil et sera pr\u00eate \u00e0 \u00eatre lanc\u00e9e \u00e0 tout moment. Le logiciel offre la m\u00eame exp\u00e9rience de jeu fluide et de haute qualit\u00e9 que la version PC.<\/p>\n<p><img loading=\"lazy\" decoding=\"async\" src=\"https:\/\/loot-zino.net\/wp-content\/uploads\/2025\/11\/Lootzino-iOS-App.webp\" alt=\"Lootzino iOS App\" width=\"1248\" height=\"536\" \/><\/p>\n<\/div><\/div><div style=\"clear: both\"><\/div><div class=\"d-flex justify-content-center\"><button data-item=\"decouvrez_link\" data-group=\"website_links\" class=\"goto fw-bold rounded-pill btn btn-orange\" aria-label=\"T\u00e9l\u00e9chargez l&#039;application Lootzino Casino\" >T\u00e9l\u00e9chargez l&#039;application Lootzino Casino<\/button><\/div><div class=\"scrollable-content-wrap my-5\"><div class=\"scrollable-content-inner\"><h2>Application Android pour jouer en d\u00e9placement<\/h2>\n<p>En installant notre logiciel Android, vous pouvez emporter le casino mobile partout avec vous. Lootzino pour Android est une application web progressive (PWA). Nous avons cr\u00e9\u00e9 cette application pour qu&rsquo;elle fonctionne sur n&rsquo;importe quel appareil mobile, sans fichiers APK ni t\u00e9l\u00e9chargements compliqu\u00e9s. Notre casino est enti\u00e8rement optimis\u00e9 pour Android. Vous pouvez jouer \u00e0 toutes les machines \u00e0 sous en ligne, rejoindre des tables en direct avec des croupiers professionnels et g\u00e9rer votre compte Lootzino directement dans l&rsquo;application.<\/p>\n<h3>Comment t\u00e9l\u00e9charger une application sur Android<\/h3>\n<ol>\n<li>Faites d\u00e9filer la page principale du site web Lootzino.<\/li>\n<li>Appuyez sur le bouton \u00ab Application Casino \u00bb.<\/li>\n<li>Lorsque vous \u00eates invit\u00e9 \u00e0 installer, s\u00e9lectionnez \u00ab Installer \u00bb.<\/li>\n<li>L&rsquo;application Lootzino sera alors ajout\u00e9e \u00e0 votre \u00e9cran d&rsquo;accueil.<\/li>\n<\/ol>\n<p><img loading=\"lazy\" decoding=\"async\" src=\"https:\/\/loot-zino.net\/wp-content\/uploads\/2025\/11\/Lootzino-Android-App.webp\" alt=\"Lootzino Android App\" width=\"1248\" height=\"536\" \/><\/p>\n<\/div><\/div><div style=\"clear: both\"><\/div><div class=\"d-flex justify-content-center\"><button data-item=\"decouvrez_link\" data-group=\"website_links\" class=\"goto fw-bold rounded-pill btn btn-orange\" aria-label=\"T\u00e9l\u00e9charger Lootzino\" >T\u00e9l\u00e9charger Lootzino<\/button><\/div><div class=\"scrollable-content-wrap my-5\"><div class=\"scrollable-content-inner\"><h2>Comment installer une application Web pour PC<\/h2>\n<p>Vous pouvez installer l&rsquo;application de bureau Lootzino sur votre ordinateur. Profitez de vos machines \u00e0 sous et jeux de table pr\u00e9f\u00e9r\u00e9s gr\u00e2ce \u00e0 un acc\u00e8s rapide depuis votre bureau. Le logiciel PC est compatible avec Windows et macOS et offre toutes les fonctionnalit\u00e9s disponibles au casino. L&rsquo;application dispose d&rsquo;une interface simple avec une navigation rapide entre les sections.<\/p>\n<p>Aucun programme ou installation suppl\u00e9mentaire n&rsquo;est n\u00e9cessaire pour installer l&rsquo;application Lootzino sur votre ordinateur. Vous pouvez cr\u00e9er un raccourci sur votre bureau pour y acc\u00e9der rapidement. Ce raccourci fonctionne comme une application web, lan\u00e7ant Lootzino depuis l&rsquo;\u00e9cran d&rsquo;accueil de votre ordinateur.<\/p>\n<p>Le logiciel web fonctionne parfaitement, avec des graphismes nets et un chargement rapide. Nous l&rsquo;avons con\u00e7u pour offrir des performances optimales et un acc\u00e8s au casino en un seul clic. Si vous avez des questions, vous pouvez contacter notre \u00e9quipe d&rsquo;assistance via le chat en direct ou par e-mail.<\/p>\n<p><img loading=\"lazy\" decoding=\"async\" src=\"https:\/\/loot-zino.net\/wp-content\/uploads\/2025\/11\/Lootzino-Desktop.webp\" alt=\"Lootzino Desktop\" width=\"1248\" height=\"536\" \/><\/p>\n<\/div><\/div><div style=\"clear: both\"><\/div><div class=\"d-flex justify-content-center\"><button data-item=\"decouvrez_link\" data-group=\"website_links\" class=\"goto fw-bold rounded-pill btn btn-orange\" aria-label=\"T\u00e9l\u00e9chargez l&#039;application Lootzino Casino\" >T\u00e9l\u00e9chargez l&#039;application Lootzino Casino<\/button><\/div><div class=\"scrollable-content-wrap my-5\"><div class=\"scrollable-content-inner\"><h2>Les meilleures fonctionnalit\u00e9s de l&rsquo;application mobile Loot Zino<\/h2>\n<p>L&rsquo;application mobile Lootzino offre un gameplay rapide, id\u00e9al pour les joueurs qui sont toujours en d\u00e9placement. Elle vous donne un acc\u00e8s instantan\u00e9 \u00e0 vos jeux pr\u00e9f\u00e9r\u00e9s et aux bonus de notre casino. Le logiciel mobile est tout aussi performant que la version pour ordinateur. Il offre une navigation rapide et un processus de v\u00e9rification simplifi\u00e9 pour un jeu s\u00e9curis\u00e9.<\/p>\n<table>\n<tbody>\n<tr>\n<td>Fonctionnalit\u00e9<\/td>\n<td>Application mobile<\/td>\n<td>Version PC<\/td>\n<\/tr>\n<tr>\n<td>Accessibilit\u00e9<\/td>\n<td>Acc\u00e9dez depuis l&rsquo;\u00e9cran d&rsquo;accueil, jouez o\u00f9 vous voulez<\/td>\n<td>N\u00e9cessite un acc\u00e8s \u00e0 un navigateur et une connexion Internet stable.<\/td>\n<\/tr>\n<tr>\n<td>Performance<\/td>\n<td>Optimis\u00e9 pour la vitesse et les commandes tactiles<\/td>\n<td>L\u00e9g\u00e8rement plus rapide sur les PC haut de gamme<\/td>\n<\/tr>\n<tr>\n<td>Interface utilisateur<\/td>\n<td>Mise en page simplifi\u00e9e et adapt\u00e9e aux appareils mobiles<\/td>\n<td>\u00c9cran plus grand et vue d\u00e9taill\u00e9e<\/td>\n<\/tr>\n<tr>\n<td>Processus de v\u00e9rification<\/td>\n<td>V\u00e9rification rapide et simple dans l&rsquo;application<\/td>\n<td>N\u00e9cessite le t\u00e9l\u00e9chargement manuel du document depuis le navigateur.<\/td>\n<\/tr>\n<tr>\n<td>Mises \u00e0 jour et notifications<\/td>\n<td>Alertes instantan\u00e9es pour les bonus et les promotions<\/td>\n<td>Pas de notifications en temps r\u00e9el<\/td>\n<\/tr>\n<tr>\n<td>Commodit\u00e9<\/td>\n<td>Connexion et jeu en un seul clic<\/td>\n<td>Processus de connexion en plusieurs \u00e9tapes<\/td>\n<\/tr>\n<\/tbody>\n<\/table>\n<p>L&rsquo;application mobile Lootzino convient aux joueurs qui privil\u00e9gient la mobilit\u00e9 sans compromettre la qualit\u00e9. Notre logiciel offre un processus de v\u00e9rification simplifi\u00e9, une conception intuitive et des notifications push. La version mobile est une alternative puissante \u00e0 la version de bureau.<\/p>\n<h2>FAQ<\/h2>\n<h3>L&rsquo;application Lootzino n\u00e9cessite-t-elle des mises \u00e0 jour ?<\/h3>\n<p>Aucune mise \u00e0 jour manuelle n&rsquo;est n\u00e9cessaire. Le logiciel Lootzino est une application web progressive (PWA) qui se met \u00e0 jour automatiquement \u00e0 chaque fois que vous la lancez. Vous aurez toujours acc\u00e8s aux derniers jeux, fonctionnalit\u00e9s et am\u00e9liorations de s\u00e9curit\u00e9 sans avoir \u00e0 t\u00e9l\u00e9charger de nouvelles versions.<\/p>\n<h3>L&rsquo;application Lootzino prend-elle en charge plusieurs modes de paiement ?<\/h3>\n<p>Oui, l&rsquo;application Lootzino prend en charge un large \u00e9ventail de m\u00e9thodes de paiement s\u00e9curis\u00e9es. Toutes les m\u00e9thodes disponibles sur le site web sont \u00e9galement prises en charge dans l&rsquo;application, y compris les cartes de cr\u00e9dit et de d\u00e9bit, les portefeuilles \u00e9lectroniques et les virements bancaires. Vous pouvez g\u00e9rer vos d\u00e9p\u00f4ts et retraits directement dans l&rsquo;application. Les transactions dans l&rsquo;application sont rapides, s\u00e9curis\u00e9es et pratiques.<\/p>\n<h3>L&rsquo;application Lootzino est-elle s\u00fbre \u00e0 utiliser et prend-elle en charge les paiements s\u00e9curis\u00e9s ?<\/h3>\n<p>Vous pouvez utiliser l&rsquo;application Lootzino sans crainte. Elle crypte les transactions et utilise des connexions s\u00e9curis\u00e9es pour les paiements. Afin de garantir la s\u00e9curit\u00e9 de vos donn\u00e9es, nous avons mis en place un processus de v\u00e9rification rapide. Notre casino s&rsquo;engage \u00e0 garantir la s\u00e9curit\u00e9 de l&rsquo;espace de jeu ; c&rsquo;est pourquoi nous utilisons le cryptage des donn\u00e9es, la v\u00e9rification et d&rsquo;autres mesures de s\u00e9curit\u00e9.<\/p>\n<h3>Puis-je acc\u00e9der \u00e0 tous les jeux et bonus du casino Lootzino via l&rsquo;application mobile ?<\/h3>\n<p>Oui, le logiciel mobile Lootzino offre un acc\u00e8s complet \u00e0 tous les jeux de casino, machines \u00e0 sous, jeux de table et bonus. Les joueurs peuvent trouver tout ce qu&rsquo;ils veulent dans la collection de jeux Lootzino. Vous pouvez jouer aux machines \u00e0 sous, aux jeux avec croupier en direct et \u00e0 tous les jeux de table dans l&rsquo;application.<\/p>\n<\/div><\/div><\/p>\n","protected":false},"excerpt":{"rendered":"<p>Application officielle du casino Lootzino Lootzino App est con\u00e7ue pour offrir un plus grand confort de jeu. Facile \u00e0 utiliser, elle vous permet de jouer \u00e0 n&rsquo;importe quel jeu de la collection Lootzino. La navigation est rapide et tous les graphismes sont de haute qualit\u00e9. L&rsquo;application Lootzino est facile \u00e0 t\u00e9l\u00e9charger et \u00e0 installer, vous [&hellip;]<\/p>\n","protected":false},"author":1,"featured_media":0,"parent":0,"menu_order":0,"comment_status":"closed","ping_status":"closed","template":"template-builder.php","meta":{"_acf_changed":false,"inline_featured_image":false,"footnotes":""},"class_list":["post-1415","page","type-page","status-publish","hentry"],"acf":[],"yoast_head":"<!-- This site is optimized with the Yoast SEO plugin v27.3 - https:\/\/yoast.com\/product\/yoast-seo-wordpress\/ -->\n<title>Lootzino Casino App | T\u00e9l\u00e9chargez-la pour iOS et Android<\/title>\n<meta name=\"description\" content=\"Jouez o\u00f9 que vous soyez avec officielle Loot Zino App, disponible sur iOS, Android, Windows et macOS. Acc\u00e9dez \u00e0 des milliers de jeux, des d\u00e9p\u00f4ts s\u00e9curis\u00e9s et une exp\u00e9rience fluide.\" \/>\n<meta name=\"robots\" content=\"index, follow, max-snippet:-1, max-image-preview:large, max-video-preview:-1\" \/>\n<link rel=\"canonical\" href=\"https:\/\/loot-zino.net\/fr\/app\/\" \/>\n<meta property=\"og:locale\" content=\"fr_FR\" \/>\n<meta property=\"og:type\" content=\"article\" \/>\n<meta property=\"og:title\" content=\"Lootzino Casino App | T\u00e9l\u00e9chargez-la pour iOS et Android\" \/>\n<meta property=\"og:description\" content=\"Jouez o\u00f9 que vous soyez avec officielle Loot Zino App, disponible sur iOS, Android, Windows et macOS. Acc\u00e9dez \u00e0 des milliers de jeux, des d\u00e9p\u00f4ts s\u00e9curis\u00e9s et une exp\u00e9rience fluide.\" \/>\n<meta property=\"og:url\" content=\"https:\/\/loot-zino.net\/fr\/app\/\" \/>\n<meta property=\"og:site_name\" content=\"lootzino\" \/>\n<meta property=\"article:modified_time\" content=\"2025-12-25T08:03:09+00:00\" \/>\n<meta name=\"twitter:card\" content=\"summary_large_image\" \/>\n<meta name=\"twitter:label1\" content=\"Dur\u00e9e de lecture estim\u00e9e\" \/>\n\t<meta name=\"twitter:data1\" content=\"1 minute\" \/>\n<script type=\"application\/ld+json\" class=\"yoast-schema-graph\">{\"@context\":\"https:\\\/\\\/schema.org\",\"@graph\":[{\"@type\":\"WebPage\",\"@id\":\"https:\\\/\\\/loot-zino.net\\\/fr\\\/app\\\/\",\"url\":\"https:\\\/\\\/loot-zino.net\\\/fr\\\/app\\\/\",\"name\":\"Lootzino Casino App | T\u00e9l\u00e9chargez-la pour iOS et Android\",\"isPartOf\":{\"@id\":\"https:\\\/\\\/loot-zino.net\\\/fr\\\/#website\"},\"datePublished\":\"2025-11-18T10:55:29+00:00\",\"dateModified\":\"2025-12-25T08:03:09+00:00\",\"description\":\"Jouez o\u00f9 que vous soyez avec officielle Loot Zino App, disponible sur iOS, Android, Windows et macOS. Acc\u00e9dez \u00e0 des milliers de jeux, des d\u00e9p\u00f4ts s\u00e9curis\u00e9s et une exp\u00e9rience fluide.\",\"breadcrumb\":{\"@id\":\"https:\\\/\\\/loot-zino.net\\\/fr\\\/app\\\/#breadcrumb\"},\"inLanguage\":\"fr-FR\",\"potentialAction\":[{\"@type\":\"ReadAction\",\"target\":[\"https:\\\/\\\/loot-zino.net\\\/fr\\\/app\\\/\"]}]},{\"@type\":\"BreadcrumbList\",\"@id\":\"https:\\\/\\\/loot-zino.net\\\/fr\\\/app\\\/#breadcrumb\",\"itemListElement\":[{\"@type\":\"ListItem\",\"position\":1,\"name\":\"Lootzino\",\"item\":\"https:\\\/\\\/loot-zino.net\\\/fr\\\/\"},{\"@type\":\"ListItem\",\"position\":2,\"name\":\"App\"}]},{\"@type\":\"WebSite\",\"@id\":\"https:\\\/\\\/loot-zino.net\\\/fr\\\/#website\",\"url\":\"https:\\\/\\\/loot-zino.net\\\/fr\\\/\",\"name\":\"Lootzino\",\"description\":\"\",\"publisher\":{\"@id\":\"https:\\\/\\\/loot-zino.net\\\/fr\\\/#organization\"},\"potentialAction\":[{\"@type\":\"SearchAction\",\"target\":{\"@type\":\"EntryPoint\",\"urlTemplate\":\"https:\\\/\\\/loot-zino.net\\\/fr\\\/?s={search_term_string}\"},\"query-input\":{\"@type\":\"PropertyValueSpecification\",\"valueRequired\":true,\"valueName\":\"search_term_string\"}}],\"inLanguage\":\"fr-FR\"},{\"@type\":\"Organization\",\"@id\":\"https:\\\/\\\/loot-zino.net\\\/fr\\\/#organization\",\"name\":\"Lootzino\",\"url\":\"https:\\\/\\\/loot-zino.net\\\/fr\\\/\",\"logo\":{\"@type\":\"ImageObject\",\"inLanguage\":\"fr-FR\",\"@id\":\"https:\\\/\\\/loot-zino.net\\\/fr\\\/#\\\/schema\\\/logo\\\/image\\\/\",\"url\":\"https:\\\/\\\/loot-zino.net\\\/wp-content\\\/uploads\\\/2025\\\/11\\\/lootzino.svg\",\"contentUrl\":\"https:\\\/\\\/loot-zino.net\\\/wp-content\\\/uploads\\\/2025\\\/11\\\/lootzino.svg\",\"width\":16,\"height\":20,\"caption\":\"Lootzino\"},\"image\":{\"@id\":\"https:\\\/\\\/loot-zino.net\\\/fr\\\/#\\\/schema\\\/logo\\\/image\\\/\"}}]}<\/script>\n<!-- \/ Yoast SEO plugin. -->","yoast_head_json":{"title":"Lootzino Casino App | T\u00e9l\u00e9chargez-la pour iOS et Android","description":"Jouez o\u00f9 que vous soyez avec officielle Loot Zino App, disponible sur iOS, Android, Windows et macOS. Acc\u00e9dez \u00e0 des milliers de jeux, des d\u00e9p\u00f4ts s\u00e9curis\u00e9s et une exp\u00e9rience fluide.","robots":{"index":"index","follow":"follow","max-snippet":"max-snippet:-1","max-image-preview":"max-image-preview:large","max-video-preview":"max-video-preview:-1"},"canonical":"https:\/\/loot-zino.net\/fr\/app\/","og_locale":"fr_FR","og_type":"article","og_title":"Lootzino Casino App | T\u00e9l\u00e9chargez-la pour iOS et Android","og_description":"Jouez o\u00f9 que vous soyez avec officielle Loot Zino App, disponible sur iOS, Android, Windows et macOS. Acc\u00e9dez \u00e0 des milliers de jeux, des d\u00e9p\u00f4ts s\u00e9curis\u00e9s et une exp\u00e9rience fluide.","og_url":"https:\/\/loot-zino.net\/fr\/app\/","og_site_name":"lootzino","article_modified_time":"2025-12-25T08:03:09+00:00","twitter_card":"summary_large_image","twitter_misc":{"Dur\u00e9e de lecture estim\u00e9e":"1 minute"},"schema":{"@context":"https:\/\/schema.org","@graph":[{"@type":"WebPage","@id":"https:\/\/loot-zino.net\/fr\/app\/","url":"https:\/\/loot-zino.net\/fr\/app\/","name":"Lootzino Casino App | T\u00e9l\u00e9chargez-la pour iOS et Android","isPartOf":{"@id":"https:\/\/loot-zino.net\/fr\/#website"},"datePublished":"2025-11-18T10:55:29+00:00","dateModified":"2025-12-25T08:03:09+00:00","description":"Jouez o\u00f9 que vous soyez avec officielle Loot Zino App, disponible sur iOS, Android, Windows et macOS. Acc\u00e9dez \u00e0 des milliers de jeux, des d\u00e9p\u00f4ts s\u00e9curis\u00e9s et une exp\u00e9rience fluide.","breadcrumb":{"@id":"https:\/\/loot-zino.net\/fr\/app\/#breadcrumb"},"inLanguage":"fr-FR","potentialAction":[{"@type":"ReadAction","target":["https:\/\/loot-zino.net\/fr\/app\/"]}]},{"@type":"BreadcrumbList","@id":"https:\/\/loot-zino.net\/fr\/app\/#breadcrumb","itemListElement":[{"@type":"ListItem","position":1,"name":"Lootzino","item":"https:\/\/loot-zino.net\/fr\/"},{"@type":"ListItem","position":2,"name":"App"}]},{"@type":"WebSite","@id":"https:\/\/loot-zino.net\/fr\/#website","url":"https:\/\/loot-zino.net\/fr\/","name":"Lootzino","description":"","publisher":{"@id":"https:\/\/loot-zino.net\/fr\/#organization"},"potentialAction":[{"@type":"SearchAction","target":{"@type":"EntryPoint","urlTemplate":"https:\/\/loot-zino.net\/fr\/?s={search_term_string}"},"query-input":{"@type":"PropertyValueSpecification","valueRequired":true,"valueName":"search_term_string"}}],"inLanguage":"fr-FR"},{"@type":"Organization","@id":"https:\/\/loot-zino.net\/fr\/#organization","name":"Lootzino","url":"https:\/\/loot-zino.net\/fr\/","logo":{"@type":"ImageObject","inLanguage":"fr-FR","@id":"https:\/\/loot-zino.net\/fr\/#\/schema\/logo\/image\/","url":"https:\/\/loot-zino.net\/wp-content\/uploads\/2025\/11\/lootzino.svg","contentUrl":"https:\/\/loot-zino.net\/wp-content\/uploads\/2025\/11\/lootzino.svg","width":16,"height":20,"caption":"Lootzino"},"image":{"@id":"https:\/\/loot-zino.net\/fr\/#\/schema\/logo\/image\/"}}]}},"_links":{"self":[{"href":"https:\/\/loot-zino.net\/fr\/wp-json\/wp\/v2\/pages\/1415","targetHints":{"allow":["GET"]}}],"collection":[{"href":"https:\/\/loot-zino.net\/fr\/wp-json\/wp\/v2\/pages"}],"about":[{"href":"https:\/\/loot-zino.net\/fr\/wp-json\/wp\/v2\/types\/page"}],"author":[{"embeddable":true,"href":"https:\/\/loot-zino.net\/fr\/wp-json\/wp\/v2\/users\/1"}],"replies":[{"embeddable":true,"href":"https:\/\/loot-zino.net\/fr\/wp-json\/wp\/v2\/comments?post=1415"}],"version-history":[{"count":4,"href":"https:\/\/loot-zino.net\/fr\/wp-json\/wp\/v2\/pages\/1415\/revisions"}],"predecessor-version":[{"id":1845,"href":"https:\/\/loot-zino.net\/fr\/wp-json\/wp\/v2\/pages\/1415\/revisions\/1845"}],"wp:attachment":[{"href":"https:\/\/loot-zino.net\/fr\/wp-json\/wp\/v2\/media?parent=1415"}],"curies":[{"name":"wp","href":"https:\/\/api.w.org\/{rel}","templated":true}]}}