{"id":1469,"date":"2025-11-18T10:59:43","date_gmt":"2025-11-18T10:59:43","guid":{"rendered":"https:\/\/loot-zino.net\/login-and-registration\/"},"modified":"2025-11-19T08:43:14","modified_gmt":"2025-11-19T08:43:14","slug":"inicio-de-sesion-y-registro","status":"publish","type":"page","link":"https:\/\/loot-zino.net\/es\/inicio-de-sesion-y-registro\/","title":{"rendered":"Inicio de sesi\u00f3n y Registro"},"content":{"rendered":"<h1>Inicio de sesi\u00f3n en Lootzino y registro de cuenta<\/h1>\n<p>Crear una cuenta o iniciar sesi\u00f3n en Lootzino es r\u00e1pido y f\u00e1cil. El proceso de Lootzino login solo lleva un par de minutos. Si a\u00fan no est\u00e1s registrado, puedes crear una cuenta en solo 5 minutos. Una vez que actives tu cuenta, obtendr\u00e1s acceso instant\u00e1neo a todos nuestros juegos para jugadores espa\u00f1oles.<\/p>\n<p><div class=\"banner-wrap\" aria-label=\"Banner\"><img src=\"https:\/\/loot-zino.net\/wp-content\/uploads\/2025\/11\/Lootzino-banner-carousel-800\u0445400.webp\" class=\"w-100 d-none d-lg-block img-pc main-banner-img\" alt=\"Lootzino banner desktop\" fetchpriority=\"high\" decoding=\"async\"><img src=\"https:\/\/loot-zino.net\/wp-content\/uploads\/2025\/12\/Group-25.webp\" class=\"w-100 d-none d-md-block d-lg-none main-banner-img\" alt=\"Lootzino banner mobile\" fetchpriority=\"high\" decoding=\"async\"><img src=\"https:\/\/loot-zino.net\/wp-content\/uploads\/2025\/12\/Group-25.webp\" class=\"w-100 d-md-none\" alt=\"Lootzino banner mobile\" fetchpriority=\"high\" decoding=\"async\"><div class=\"banner-description\">\n<div class=\"banner-title\">Bonos de bienvenida<\/div>\n<p class=\"banner-header-title\">1500 \u20ac<\/p>\n<div class=\"banner-header-AdditionalText\">+ 250 Giros gratis<\/div>\n<button data-item=\"homepage_banner_link\" class=\"goto m-button m-gradient-border m-button--primary m-button--large banner-button btn-orange\">\n            <div class=\"m-button-content\">\n                <span>Reg\u00edstrese ahora<\/span>\n                <span><\/span>\n            <\/div>\n        <\/button>\n<\/div>\n<div class=\"WelcomePack\">\n<p><img loading=\"lazy\" decoding=\"async\" class=\"alignnone size-full wp-image-1337\" src=\"https:\/\/loot-zino.net\/wp-content\/uploads\/2025\/11\/welcome-crown.svg\" alt=\"crown\" width=\"25\" height=\"26\" \/><\/p>\n<div class=\"WelcomePack-Info\">Reembolso semanal de hasta el 25 %<\/div>\n<p><img loading=\"lazy\" decoding=\"async\" class=\"alignnone size-full wp-image-1337\" src=\"https:\/\/loot-zino.net\/wp-content\/uploads\/2025\/11\/welcome-crown.svg\" alt=\"crown\" width=\"25\" height=\"26\" \/><\/p>\n<\/div>\n<\/div><div class=\"scrollable-content-wrap my-5\"><div class=\"scrollable-content-inner\"><h2>C\u00f3mo acceder a tu cuenta de Lootzino<\/h2>\n<p>El procedimiento de inicio de sesi\u00f3n en Lootzino es seguro y r\u00e1pido. Con solo un par de clics, podr\u00e1s jugar a cualquier juego de nuestra colecci\u00f3n. Es f\u00e1cil iniciar sesi\u00f3n desde cualquier dispositivo: m\u00f3vil u ordenador.<\/p>\n<p>Pasos para iniciar sesi\u00f3n:<\/p>\n<ol>\n<li>Haga clic en el bot\u00f3n \u00abIniciar sesi\u00f3n\u00bb situado en la esquina superior derecha de nuestro sitio web.<\/li>\n<li>Introduzca su direcci\u00f3n de correo electr\u00f3nico registrada y su contrase\u00f1a.<\/li>\n<li>Pulsa \u00abIniciar sesi\u00f3n\u00bb para confirmar.<\/li>\n<\/ol>\n<p>Despu\u00e9s de iniciar sesi\u00f3n, podr\u00e1s jugar, depositar y retirar fondos, utilizar bonificaciones, participar en torneos, ver tu historial de juego, actualizar tus datos personales y unirte a juegos de casino en vivo.<\/p>\n<h3>Recuperar inicio de sesi\u00f3n en Lootzino<\/h3>\n<p>Si ha estado inactivo durante alg\u00fan tiempo, es posible que su cuenta haya sido suspendida. Loot Zino te lo notificar\u00e1 cuando inicies sesi\u00f3n y te ofrecer\u00e1 restaurar tu cuenta. Se te ofrecer\u00e1 ponerte en contacto con nuestro servicio de asistencia multiling\u00fce. Tan pronto como env\u00edes una solicitud a nuestros especialistas de asistencia, estos comenzar\u00e1n a revisarla de inmediato. Tu cuenta se restaurar\u00e1 y activar\u00e1 r\u00e1pidamente. Podr\u00e1s realizar dep\u00f3sitos, participar en torneos y recibir recompensas de inmediato.<\/p>\n<p>Y si ha olvidado su contrase\u00f1a, puede recuperarla con solo unos clics:<\/p>\n<ol>\n<li>Haga clic en el bot\u00f3n \u00abIniciar sesi\u00f3n\u00bb.<\/li>\n<li>Pulsa \u00ab\u00bfHas olvidado tu contrase\u00f1a?\u00bb.<\/li>\n<li>Introduce la direcci\u00f3n de correo electr\u00f3nico registrada en Lootzino.<\/li>\n<li>Sigue el enlace que encontrar\u00e1s en tu bandeja de entrada de correo electr\u00f3nico.<\/li>\n<li>Crea una nueva contrase\u00f1a.<\/li>\n<\/ol>\n<p>Si tienes alg\u00fan problema con la recuperaci\u00f3n de tu cuenta, puedes ponerte en contacto con nuestro equipo de asistencia a trav\u00e9s del chat en vivo o por correo electr\u00f3nico.<\/p>\n<h2>Crear una nueva cuenta de Loot Zino<\/h2>\n<p>Crear una cuenta en Lootzino te da acceso a nuestra comunidad de jugadores. El registro solo lleva unos minutos y es un proceso muy sencillo. Si creas una cuenta y completas el proceso de inicio de sesi\u00f3n en Lootzino, obtendr\u00e1s acceso completo a todo lo que Loot Zino tiene para ofrecer. Por ejemplo, bonos de registro, herramientas de juego responsable, torneos de tus juegos favoritos y m\u00e1s de 6000 juegos.<\/p>\n<h3>Perfil y configuraci\u00f3n personal<\/h3>\n<p>Despu\u00e9s de registrarte, podr\u00e1s gestionar tu perfil f\u00e1cilmente. Podr\u00e1s cambiar tus datos personales, establecer l\u00edmites de apuesta y conectarte a mesas con crupieres en vivo y otros jugadores, como en un casino real. A menudo organizamos eventos y promociones y ofrecemos bonificaciones VIP para mejorar la experiencia de juego personalizada. Despu\u00e9s de crear una cuenta, puedes descargar la aplicaci\u00f3n Lootzino o permanecer en tu navegador. La configuraci\u00f3n de la cuenta est\u00e1 disponible en todas las versiones de nuestra plataforma.<\/p>\n<table>\n<tbody>\n<tr>\n<td>Caracter\u00edstica<\/td>\n<td>Lo que ofrece<\/td>\n<\/tr>\n<tr>\n<td>Gesti\u00f3n de perfiles<\/td>\n<td>Editar datos personales, establecer l\u00edmites de gasto y gestionar notificaciones.<\/td>\n<\/tr>\n<tr>\n<td>Opciones de pago<\/td>\n<td>A\u00f1adir o eliminar m\u00e9todos de pago de forma segura<\/td>\n<\/tr>\n<tr>\n<td>Seguimiento de bonificaciones<\/td>\n<td>Ver ofertas activas, progreso de apuestas y promociones disponibles.<\/td>\n<\/tr>\n<tr>\n<td>Historial del juego<\/td>\n<td>Realiza un seguimiento de tus \u00faltimas jugadas y victorias.<\/td>\n<\/tr>\n<\/tbody>\n<\/table>\n<h3>Medidas de seguridad de la cuenta<\/h3>\n<p>Las medidas de seguridad m\u00e1s avanzadas protegen completamente tu cuenta de Lootzino. Nuestros desarrolladores implementan las \u00faltimas tecnolog\u00edas de protecci\u00f3n de datos para crear un espacio seguro en nuestra comunidad de juegos. Lootzino utiliza tecnolog\u00eda de cifrado, autenticaci\u00f3n en dos pasos, un proceso de verificaci\u00f3n y pasarelas de pago seguras para proteger sus datos y fondos. Al crear una cuenta en Loot Zino, puede estar seguro de que nuestras s\u00f3lidas medidas de seguridad protegen completamente sus datos y fondos.<\/p>\n<h2>Por qu\u00e9 debes verificar tu cuenta<\/h2>\n<p>La verificaci\u00f3n de la cuenta es un paso esencial en la protecci\u00f3n de datos. El proceso de verificaci\u00f3n confirma su identidad y protege sus fondos. Adem\u00e1s, respalda la legitimidad de todas las transacciones y ayuda a prevenir el acceso no autorizado, el fraude y el juego de menores. Solo despu\u00e9s de completar el proceso de verificaci\u00f3n podr\u00e1 retirar fondos. El retiro de ganancias solo est\u00e1 disponible para usuarios verificados. La verificaci\u00f3n de la cuenta se realiza una sola vez. El proceso de verificaci\u00f3n incluye la presentaci\u00f3n de documentos para confirmar su identidad y su cuenta bancaria. Para completar el procedimiento, debe proporcionar documentos como los siguientes:<\/p>\n<ul>\n<li>ID<\/li>\n<li>permiso de conducir,<\/li>\n<li>prueba de domicilio (por ejemplo, factura de servicios p\u00fablicos),<\/li>\n<li>datos bancarios<\/li>\n<\/ul>\n<p>Todo esto se procesa de forma segura y confidencial. Nuestros especialistas revisar\u00e1n tus documentos y verificar\u00e1n tu cuenta en un plazo de 48 horas.<\/p>\n<h2>Preguntas frecuentes<\/h2>\n<h3>\u00bfPuedo usar la misma cuenta de Lootzino en varios dispositivos?<\/h3>\n<p>S\u00ed, puedes usar la misma cuenta Lootzino en varios dispositivos: smartphone, tableta y PC. Tu progreso, fondos y bonificaciones se sincronizan. Puedes cambiar de dispositivo y seguir jugando en cualquier momento. Solo tienes que iniciar sesi\u00f3n con tu correo electr\u00f3nico y contrase\u00f1a.<\/p>\n<h3>\u00bfCu\u00e1nto tiempo se tarda en verificar mi cuenta?<\/h3>\n<p>Por lo general, la verificaci\u00f3n de tu cuenta de Lootzino tarda unas horas, pero en determinadas situaciones puede tardar hasta 48 horas. Podr\u00e1s retirar dinero una vez que se hayan verificado tu identificaci\u00f3n y tu direcci\u00f3n. Por motivos de seguridad y para garantizar que la retirada es aut\u00e9ntica, este paso es esencial.<\/p>\n<h3>\u00bfExisten medidas de seguridad que protejan mi inicio de sesi\u00f3n en Lootzino?<\/h3>\n<p>S\u00ed, el inicio de sesi\u00f3n en Lootzino est\u00e1 protegido por medidas de seguridad avanzadas. Utilizamos cifrado, autenticaci\u00f3n de dos factores y pasarelas de pago seguras. Adem\u00e1s, todos los retiros son verificados manualmente por nuestros especialistas. Esto es necesario para confirmar que los fondos se han acreditado en la cuenta correcta. Todas las medidas de seguridad est\u00e1n implementadas para mantener la confidencialidad de sus datos personales y fondos.<\/p>\n<h3>\u00bfQu\u00e9 ventajas obtengo al tener una cuenta verificada?<\/h3>\n<p>Una cuenta verificada Lootzino te da acceso a todas las funciones. Por ejemplo, retirar fondos y ganancias de torneos. Tambi\u00e9n garantiza la seguridad de tus fondos y tu informaci\u00f3n personal. Hemos implementado este procedimiento para tu seguridad.<\/p>\n<\/div><\/div><\/p>\n","protected":false},"excerpt":{"rendered":"<p>Inicio de sesi\u00f3n en Lootzino y registro de cuenta Crear una cuenta o iniciar sesi\u00f3n en Lootzino es r\u00e1pido y f\u00e1cil. El proceso de Lootzino login solo lleva un par de minutos. Si a\u00fan no est\u00e1s registrado, puedes crear una cuenta en solo 5 minutos. Una vez que actives tu cuenta, obtendr\u00e1s acceso instant\u00e1neo a [&hellip;]<\/p>\n","protected":false},"author":1,"featured_media":0,"parent":0,"menu_order":0,"comment_status":"closed","ping_status":"closed","template":"template-builder.php","meta":{"_acf_changed":false,"inline_featured_image":false,"footnotes":""},"class_list":["post-1469","page","type-page","status-publish","hentry"],"acf":[],"yoast_head":"<!-- This site is optimized with the Yoast SEO plugin v27.3 - https:\/\/yoast.com\/product\/yoast-seo-wordpress\/ -->\n<title>Lootzino Login y registro de cuenta<\/title>\n<meta name=\"description\" content=\"Gestiona todo en un solo lugar con tu Loot Zino login. Desde dep\u00f3sitos y bonos hasta datos personales y verificaci\u00f3n. Reg\u00edstrate en segundos o inicia sesi\u00f3n cuando quieras para seguir jugando.\" \/>\n<meta name=\"robots\" content=\"index, follow, max-snippet:-1, max-image-preview:large, max-video-preview:-1\" \/>\n<link rel=\"canonical\" href=\"https:\/\/loot-zino.net\/es\/inicio-de-sesion-y-registro\/\" \/>\n<meta property=\"og:locale\" content=\"es_ES\" \/>\n<meta property=\"og:type\" content=\"article\" \/>\n<meta property=\"og:title\" content=\"Lootzino Login y registro de cuenta\" \/>\n<meta property=\"og:description\" content=\"Gestiona todo en un solo lugar con tu Loot Zino login. Desde dep\u00f3sitos y bonos hasta datos personales y verificaci\u00f3n. Reg\u00edstrate en segundos o inicia sesi\u00f3n cuando quieras para seguir jugando.\" \/>\n<meta property=\"og:url\" content=\"https:\/\/loot-zino.net\/es\/inicio-de-sesion-y-registro\/\" \/>\n<meta property=\"og:site_name\" content=\"lootzino\" \/>\n<meta property=\"article:modified_time\" content=\"2025-11-19T08:43:14+00:00\" \/>\n<meta name=\"twitter:card\" content=\"summary_large_image\" \/>\n<meta name=\"twitter:label1\" content=\"Est. reading time\" \/>\n\t<meta name=\"twitter:data1\" content=\"1 minuto\" \/>\n<script type=\"application\/ld+json\" class=\"yoast-schema-graph\">{\"@context\":\"https:\\\/\\\/schema.org\",\"@graph\":[{\"@type\":\"WebPage\",\"@id\":\"https:\\\/\\\/loot-zino.net\\\/es\\\/inicio-de-sesion-y-registro\\\/\",\"url\":\"https:\\\/\\\/loot-zino.net\\\/es\\\/inicio-de-sesion-y-registro\\\/\",\"name\":\"Lootzino Login y registro de cuenta\",\"isPartOf\":{\"@id\":\"https:\\\/\\\/loot-zino.net\\\/es\\\/#website\"},\"datePublished\":\"2025-11-18T10:59:43+00:00\",\"dateModified\":\"2025-11-19T08:43:14+00:00\",\"description\":\"Gestiona todo en un solo lugar con tu Loot Zino login. Desde dep\u00f3sitos y bonos hasta datos personales y verificaci\u00f3n. Reg\u00edstrate en segundos o inicia sesi\u00f3n cuando quieras para seguir jugando.\",\"breadcrumb\":{\"@id\":\"https:\\\/\\\/loot-zino.net\\\/es\\\/inicio-de-sesion-y-registro\\\/#breadcrumb\"},\"inLanguage\":\"es\",\"potentialAction\":[{\"@type\":\"ReadAction\",\"target\":[\"https:\\\/\\\/loot-zino.net\\\/es\\\/inicio-de-sesion-y-registro\\\/\"]}]},{\"@type\":\"BreadcrumbList\",\"@id\":\"https:\\\/\\\/loot-zino.net\\\/es\\\/inicio-de-sesion-y-registro\\\/#breadcrumb\",\"itemListElement\":[{\"@type\":\"ListItem\",\"position\":1,\"name\":\"Lootzino\",\"item\":\"https:\\\/\\\/loot-zino.net\\\/es\\\/\"},{\"@type\":\"ListItem\",\"position\":2,\"name\":\"Inicio de sesi\u00f3n y Registro\"}]},{\"@type\":\"WebSite\",\"@id\":\"https:\\\/\\\/loot-zino.net\\\/es\\\/#website\",\"url\":\"https:\\\/\\\/loot-zino.net\\\/es\\\/\",\"name\":\"Lootzino\",\"description\":\"\",\"publisher\":{\"@id\":\"https:\\\/\\\/loot-zino.net\\\/es\\\/#organization\"},\"potentialAction\":[{\"@type\":\"SearchAction\",\"target\":{\"@type\":\"EntryPoint\",\"urlTemplate\":\"https:\\\/\\\/loot-zino.net\\\/es\\\/?s={search_term_string}\"},\"query-input\":{\"@type\":\"PropertyValueSpecification\",\"valueRequired\":true,\"valueName\":\"search_term_string\"}}],\"inLanguage\":\"es\"},{\"@type\":\"Organization\",\"@id\":\"https:\\\/\\\/loot-zino.net\\\/es\\\/#organization\",\"name\":\"Lootzino\",\"url\":\"https:\\\/\\\/loot-zino.net\\\/es\\\/\",\"logo\":{\"@type\":\"ImageObject\",\"inLanguage\":\"es\",\"@id\":\"https:\\\/\\\/loot-zino.net\\\/es\\\/#\\\/schema\\\/logo\\\/image\\\/\",\"url\":\"https:\\\/\\\/loot-zino.net\\\/wp-content\\\/uploads\\\/2025\\\/11\\\/lootzino.svg\",\"contentUrl\":\"https:\\\/\\\/loot-zino.net\\\/wp-content\\\/uploads\\\/2025\\\/11\\\/lootzino.svg\",\"width\":16,\"height\":20,\"caption\":\"Lootzino\"},\"image\":{\"@id\":\"https:\\\/\\\/loot-zino.net\\\/es\\\/#\\\/schema\\\/logo\\\/image\\\/\"}}]}<\/script>\n<!-- \/ Yoast SEO plugin. -->","yoast_head_json":{"title":"Lootzino Login y registro de cuenta","description":"Gestiona todo en un solo lugar con tu Loot Zino login. Desde dep\u00f3sitos y bonos hasta datos personales y verificaci\u00f3n. Reg\u00edstrate en segundos o inicia sesi\u00f3n cuando quieras para seguir jugando.","robots":{"index":"index","follow":"follow","max-snippet":"max-snippet:-1","max-image-preview":"max-image-preview:large","max-video-preview":"max-video-preview:-1"},"canonical":"https:\/\/loot-zino.net\/es\/inicio-de-sesion-y-registro\/","og_locale":"es_ES","og_type":"article","og_title":"Lootzino Login y registro de cuenta","og_description":"Gestiona todo en un solo lugar con tu Loot Zino login. Desde dep\u00f3sitos y bonos hasta datos personales y verificaci\u00f3n. Reg\u00edstrate en segundos o inicia sesi\u00f3n cuando quieras para seguir jugando.","og_url":"https:\/\/loot-zino.net\/es\/inicio-de-sesion-y-registro\/","og_site_name":"lootzino","article_modified_time":"2025-11-19T08:43:14+00:00","twitter_card":"summary_large_image","twitter_misc":{"Est. reading time":"1 minuto"},"schema":{"@context":"https:\/\/schema.org","@graph":[{"@type":"WebPage","@id":"https:\/\/loot-zino.net\/es\/inicio-de-sesion-y-registro\/","url":"https:\/\/loot-zino.net\/es\/inicio-de-sesion-y-registro\/","name":"Lootzino Login y registro de cuenta","isPartOf":{"@id":"https:\/\/loot-zino.net\/es\/#website"},"datePublished":"2025-11-18T10:59:43+00:00","dateModified":"2025-11-19T08:43:14+00:00","description":"Gestiona todo en un solo lugar con tu Loot Zino login. Desde dep\u00f3sitos y bonos hasta datos personales y verificaci\u00f3n. Reg\u00edstrate en segundos o inicia sesi\u00f3n cuando quieras para seguir jugando.","breadcrumb":{"@id":"https:\/\/loot-zino.net\/es\/inicio-de-sesion-y-registro\/#breadcrumb"},"inLanguage":"es","potentialAction":[{"@type":"ReadAction","target":["https:\/\/loot-zino.net\/es\/inicio-de-sesion-y-registro\/"]}]},{"@type":"BreadcrumbList","@id":"https:\/\/loot-zino.net\/es\/inicio-de-sesion-y-registro\/#breadcrumb","itemListElement":[{"@type":"ListItem","position":1,"name":"Lootzino","item":"https:\/\/loot-zino.net\/es\/"},{"@type":"ListItem","position":2,"name":"Inicio de sesi\u00f3n y Registro"}]},{"@type":"WebSite","@id":"https:\/\/loot-zino.net\/es\/#website","url":"https:\/\/loot-zino.net\/es\/","name":"Lootzino","description":"","publisher":{"@id":"https:\/\/loot-zino.net\/es\/#organization"},"potentialAction":[{"@type":"SearchAction","target":{"@type":"EntryPoint","urlTemplate":"https:\/\/loot-zino.net\/es\/?s={search_term_string}"},"query-input":{"@type":"PropertyValueSpecification","valueRequired":true,"valueName":"search_term_string"}}],"inLanguage":"es"},{"@type":"Organization","@id":"https:\/\/loot-zino.net\/es\/#organization","name":"Lootzino","url":"https:\/\/loot-zino.net\/es\/","logo":{"@type":"ImageObject","inLanguage":"es","@id":"https:\/\/loot-zino.net\/es\/#\/schema\/logo\/image\/","url":"https:\/\/loot-zino.net\/wp-content\/uploads\/2025\/11\/lootzino.svg","contentUrl":"https:\/\/loot-zino.net\/wp-content\/uploads\/2025\/11\/lootzino.svg","width":16,"height":20,"caption":"Lootzino"},"image":{"@id":"https:\/\/loot-zino.net\/es\/#\/schema\/logo\/image\/"}}]}},"_links":{"self":[{"href":"https:\/\/loot-zino.net\/es\/wp-json\/wp\/v2\/pages\/1469","targetHints":{"allow":["GET"]}}],"collection":[{"href":"https:\/\/loot-zino.net\/es\/wp-json\/wp\/v2\/pages"}],"about":[{"href":"https:\/\/loot-zino.net\/es\/wp-json\/wp\/v2\/types\/page"}],"author":[{"embeddable":true,"href":"https:\/\/loot-zino.net\/es\/wp-json\/wp\/v2\/users\/1"}],"replies":[{"embeddable":true,"href":"https:\/\/loot-zino.net\/es\/wp-json\/wp\/v2\/comments?post=1469"}],"version-history":[{"count":2,"href":"https:\/\/loot-zino.net\/es\/wp-json\/wp\/v2\/pages\/1469\/revisions"}],"predecessor-version":[{"id":1796,"href":"https:\/\/loot-zino.net\/es\/wp-json\/wp\/v2\/pages\/1469\/revisions\/1796"}],"wp:attachment":[{"href":"https:\/\/loot-zino.net\/es\/wp-json\/wp\/v2\/media?parent=1469"}],"curies":[{"name":"wp","href":"https:\/\/api.w.org\/{rel}","templated":true}]}}