{"id":1424,"date":"2025-11-18T10:55:29","date_gmt":"2025-11-18T10:55:29","guid":{"rendered":"https:\/\/loot-zino.net\/app-2\/"},"modified":"2025-11-19T08:53:08","modified_gmt":"2025-11-19T08:53:08","slug":"aplicacion","status":"publish","type":"page","link":"https:\/\/loot-zino.net\/es\/aplicacion\/","title":{"rendered":"Aplicaci\u00f3n"},"content":{"rendered":"<h1>Aplicaci\u00f3n oficial de Lootzino Casino<\/h1>\n<p>La Lootzino app est\u00e1 dise\u00f1ada para la comodidad de los jugadores espa\u00f1oles. La aplicaci\u00f3n es f\u00e1cil de usar y te permite jugar a cualquier juego de la colecci\u00f3n Lootzino. La navegaci\u00f3n es r\u00e1pida y todos los gr\u00e1ficos son de alta calidad. La aplicaci\u00f3n Lootzino es f\u00e1cil de descargar e instalar, por lo que puedes jugar en cualquier lugar, incluso mientras te desplazas.<\/p>\n<p><div class=\"banner-wrap\" aria-label=\"Banner\"><img src=\"https:\/\/loot-zino.net\/wp-content\/uploads\/2025\/11\/Lootzino-banner-carousel-800\u0445400.webp\" class=\"w-100 d-none d-lg-block img-pc main-banner-img\" alt=\"Lootzino banner desktop\" fetchpriority=\"high\" decoding=\"async\"><img src=\"https:\/\/loot-zino.net\/wp-content\/uploads\/2025\/12\/Group-25.webp\" class=\"w-100 d-none d-md-block d-lg-none main-banner-img\" alt=\"Lootzino banner mobile\" fetchpriority=\"high\" decoding=\"async\"><img src=\"https:\/\/loot-zino.net\/wp-content\/uploads\/2025\/12\/Group-25.webp\" class=\"w-100 d-md-none\" alt=\"Lootzino banner mobile\" fetchpriority=\"high\" decoding=\"async\"><div class=\"banner-description\">\n<div class=\"banner-title\">Bonos de bienvenida<\/div>\n<p class=\"banner-header-title\">1500 \u20ac<\/p>\n<div class=\"banner-header-AdditionalText\">+ 250 Giros gratis<\/div>\n<button data-item=\"homepage_banner_link\" class=\"goto m-button m-gradient-border m-button--primary m-button--large banner-button btn-orange\">\n            <div class=\"m-button-content\">\n                <span>Reg\u00edstrese ahora<\/span>\n                <span><\/span>\n            <\/div>\n        <\/button>\n<\/div>\n<div class=\"WelcomePack\">\n<p><img loading=\"lazy\" decoding=\"async\" class=\"alignnone size-full wp-image-1337\" src=\"https:\/\/loot-zino.net\/wp-content\/uploads\/2025\/11\/welcome-crown.svg\" alt=\"crown\" width=\"25\" height=\"26\" \/><\/p>\n<div class=\"WelcomePack-Info\">Reembolso semanal de hasta el 25 %<\/div>\n<p><img loading=\"lazy\" decoding=\"async\" class=\"alignnone size-full wp-image-1337\" src=\"https:\/\/loot-zino.net\/wp-content\/uploads\/2025\/11\/welcome-crown.svg\" alt=\"crown\" width=\"25\" height=\"26\" \/><\/p>\n<\/div>\n<\/div><div class=\"scrollable-content-wrap my-5\"><div class=\"scrollable-content-inner\"><h2>Descargar la aplicaci\u00f3n Lootzino para iOS<\/h2>\n<p>Si tienes un dispositivo iOS, puedes instalar la aplicaci\u00f3n Lootzino. No es necesario descargar el software desde la App Store. La instalaci\u00f3n es r\u00e1pida y sencilla, y obtendr\u00e1s acceso instant\u00e1neo a todas las funciones del casino. Puedes instalar la aplicaci\u00f3n de la siguiente manera:<\/p>\n<ol>\n<li>Abre el sitio web Lootzino en tu navegador Safari.<\/li>\n<li>Toca el icono \u00abCompartir\u00bb (cuadrado con una flecha hacia arriba).<\/li>\n<li>Selecciona \u00abA\u00f1adir a la pantalla de inicio\u00bb en el men\u00fa.<\/li>\n<li>Confirma pulsando \u00abA\u00f1adir\u00bb.<\/li>\n<\/ol>\n<p>La aplicaci\u00f3n Lootzino aparecer\u00e1 ahora en tu pantalla de inicio y estar\u00e1 lista para ejecutarse en cualquier momento. El software ofrece la misma experiencia de juego fluida y de alta calidad que la versi\u00f3n para PC.<\/p>\n<p><img loading=\"lazy\" decoding=\"async\" src=\"https:\/\/loot-zino.net\/wp-content\/uploads\/2025\/11\/Lootzino-iOS-App.webp\" alt=\"Lootzino iOS App\" width=\"1248\" height=\"536\" \/><\/p>\n<\/div><\/div><div style=\"clear: both\"><\/div><div class=\"d-flex justify-content-center\"><button data-item=\"decouvrez_link\" data-group=\"website_links\" class=\"goto fw-bold rounded-pill btn btn-orange\" aria-label=\"Descarga la aplicaci\u00f3n Lootzino Casino\" >Descarga la aplicaci\u00f3n Lootzino Casino<\/button><\/div><div class=\"scrollable-content-wrap my-5\"><div class=\"scrollable-content-inner\"><h2>Aplicaci\u00f3n Android para jugar sobre la marcha<\/h2>\n<p>Al instalar nuestro software para Android, podr\u00e1s llevar el casino m\u00f3vil contigo dondequiera que vayas. Lootzino para Android es una aplicaci\u00f3n web progresiva (PWA). Hemos creado esta aplicaci\u00f3n para que funcione en cualquier dispositivo m\u00f3vil, sin archivos APK ni descargas complicadas. Nuestro casino est\u00e1 totalmente optimizado para Android. Puedes jugar a cualquier tragaperras online, unirte a mesas en vivo con crupieres profesionales y gestionar tu cuenta de Lootzino directamente desde la aplicaci\u00f3n.<\/p>\n<h3>C\u00f3mo descargar una aplicaci\u00f3n en Android<\/h3>\n<ol>\n<li>Despl\u00e1cese hacia abajo en la p\u00e1gina principal del sitio web Lootzino.<\/li>\n<li>Pulsa el bot\u00f3n \u00abAplicaci\u00f3n del casino\u00bb.<\/li>\n<li>Cuando se le solicite instalar, seleccione \u00abInstalar\u00bb.<\/li>\n<li>La aplicaci\u00f3n Lootzino se a\u00f1adir\u00e1 a tu pantalla de inicio.<\/li>\n<\/ol>\n<p><img loading=\"lazy\" decoding=\"async\" src=\"https:\/\/loot-zino.net\/wp-content\/uploads\/2025\/11\/Lootzino-Android-App.webp\" alt=\"Lootzino Android App\" width=\"1248\" height=\"536\" \/><\/p>\n<\/div><\/div><div style=\"clear: both\"><\/div><div class=\"d-flex justify-content-center\"><button data-item=\"decouvrez_link\" data-group=\"website_links\" class=\"goto fw-bold rounded-pill btn btn-orange\" aria-label=\"Descargar Lootzino\" >Descargar Lootzino<\/button><\/div><div class=\"scrollable-content-wrap my-5\"><div class=\"scrollable-content-inner\"><h2>C\u00f3mo instalar una aplicaci\u00f3n web para PC<\/h2>\n<p>Puedes instalar la aplicaci\u00f3n de escritorio Lootzino en tu ordenador. Disfruta de tus tragamonedas y juegos de mesa favoritos con un acceso r\u00e1pido desde tu escritorio. El software para PC es compatible con Windows y macOS y ofrece todas las funciones disponibles en el casino. La aplicaci\u00f3n tiene una interfaz sencilla con navegaci\u00f3n r\u00e1pida entre secciones.<\/p>\n<p>No se requieren programas ni instalaciones adicionales para instalar la aplicaci\u00f3n Lootzino en su ordenador. Puede crear un acceso directo en su escritorio para acceder r\u00e1pidamente. Este acceso directo funciona como una aplicaci\u00f3n web, iniciando Lootzino desde la pantalla de inicio de su ordenador.<\/p>\n<p>El software web funciona a la perfecci\u00f3n, con gr\u00e1ficos n\u00edtidos y una carga r\u00e1pida. Lo hemos creado para ofrecer el m\u00e1ximo rendimiento y un acceso al casino con un solo clic. Si tiene alguna pregunta, puede ponerse en contacto con nuestro equipo de asistencia a trav\u00e9s del chat en vivo o por correo electr\u00f3nico.<\/p>\n<p><img loading=\"lazy\" decoding=\"async\" src=\"https:\/\/loot-zino.net\/wp-content\/uploads\/2025\/11\/Lootzino-Desktop.webp\" alt=\"Lootzino Desktop\" width=\"1248\" height=\"536\" \/><\/p>\n<\/div><\/div><div style=\"clear: both\"><\/div><div class=\"d-flex justify-content-center\"><button data-item=\"decouvrez_link\" data-group=\"website_links\" class=\"goto fw-bold rounded-pill btn btn-orange\" aria-label=\"Descarga la aplicaci\u00f3n Lootzino Casino\" >Descarga la aplicaci\u00f3n Lootzino Casino<\/button><\/div><div class=\"scrollable-content-wrap my-5\"><div class=\"scrollable-content-inner\"><h2>Las mejores caracter\u00edsticas de la aplicaci\u00f3n m\u00f3vil Loot Zino<\/h2>\n<p>La aplicaci\u00f3n m\u00f3vil Lootzino ofrece una experiencia de juego r\u00e1pida, perfecta para los jugadores que siempre est\u00e1n en movimiento. Te da acceso instant\u00e1neo a tus juegos favoritos y a las bonificaciones de nuestro casino. El software m\u00f3vil es tan bueno como la versi\u00f3n de escritorio. Cuenta con una navegaci\u00f3n r\u00e1pida y un proceso de verificaci\u00f3n simplificado para garantizar un juego seguro.<\/p>\n<table>\n<tbody>\n<tr>\n<td>Caracter\u00edstica<\/td>\n<td>Aplicaci\u00f3n m\u00f3vil<\/td>\n<td>Versi\u00f3n para PC<\/td>\n<\/tr>\n<tr>\n<td>Accesibilidad<\/td>\n<td>Accede desde la pantalla de inicio, reproduce en cualquier lugar<\/td>\n<td>Requiere acceso al navegador y una conexi\u00f3n a Internet estable.<\/td>\n<\/tr>\n<tr>\n<td>Rendimiento<\/td>\n<td>Optimizado para velocidad y controles t\u00e1ctiles.<\/td>\n<td>Ligeramente m\u00e1s r\u00e1pido en ordenadores de gama alta.<\/td>\n<\/tr>\n<tr>\n<td>Interfaz de usuario<\/td>\n<td>Dise\u00f1o simplificado y adaptado a dispositivos m\u00f3viles.<\/td>\n<td>Pantalla m\u00e1s grande y vista detallada<\/td>\n<\/tr>\n<tr>\n<td>Proceso de verificaci\u00f3n<\/td>\n<td>Verificaci\u00f3n r\u00e1pida y sencilla dentro de la aplicaci\u00f3n.<\/td>\n<td>Requiere la carga manual de documentos desde el navegador.<\/td>\n<\/tr>\n<tr>\n<td>Actualizaciones y notificaciones<\/td>\n<td>Alertas instant\u00e1neas sobre bonificaciones y promociones<\/td>\n<td>Sin notificaciones en tiempo real<\/td>\n<\/tr>\n<tr>\n<td>Comodidad<\/td>\n<td>Inicie sesi\u00f3n y juegue con un solo toque.<\/td>\n<td>Proceso de inicio de sesi\u00f3n en varios pasos<\/td>\n<\/tr>\n<\/tbody>\n<\/table>\n<p>La aplicaci\u00f3n m\u00f3vil Lootzino es ideal para jugadores que valoran la movilidad sin renunciar a la calidad. Nuestro software cuenta con un proceso de verificaci\u00f3n simplificado, un dise\u00f1o intuitivo y notificaciones push. La versi\u00f3n m\u00f3vil es una potente alternativa a la versi\u00f3n de escritorio.<\/p>\n<h2>Preguntas frecuentes<\/h2>\n<h3>\u00bfLa aplicaci\u00f3n Lootzino requiere actualizaciones?<\/h3>\n<p>No es necesario realizar actualizaciones manuales. El software Lootzino es una aplicaci\u00f3n web progresiva (PWA) que se actualiza autom\u00e1ticamente cada vez que se inicia. Siempre tendr\u00e1s acceso a los \u00faltimos juegos, funciones y mejoras de seguridad sin tener que descargar nuevas versiones.<\/p>\n<h3>\u00bfLa aplicaci\u00f3n Lootzino admite m\u00faltiples m\u00e9todos de pago?<\/h3>\n<p>S\u00ed, la aplicaci\u00f3n Lootzino admite una amplia gama de m\u00e9todos de pago seguros. Todos los m\u00e9todos disponibles en el sitio web tambi\u00e9n son compatibles con la aplicaci\u00f3n, incluidas las tarjetas de cr\u00e9dito y d\u00e9bito, los monederos electr\u00f3nicos y las transferencias bancarias. Puedes gestionar los dep\u00f3sitos y retiradas directamente en la aplicaci\u00f3n. Las transacciones en la aplicaci\u00f3n son r\u00e1pidas, seguras y c\u00f3modas.<\/p>\n<h3>\u00bfEs segura la aplicaci\u00f3n Lootzino y admite pagos seguros?<\/h3>\n<p>Puede utilizar la aplicaci\u00f3n Lootzino sin preocupaciones. Cifra las transacciones y emplea conexiones seguras para los pagos. Para mantener sus datos a salvo, hemos establecido un breve proceso de verificaci\u00f3n. Nuestro casino se dedica a garantizar la seguridad del \u00e1rea de juego; por lo tanto, utilizamos cifrado de datos, verificaci\u00f3n y otras medidas de seguridad.<\/p>\n<h3>\u00bfPuedo acceder a todos los juegos y bonos de Lootzino Casino a trav\u00e9s de la aplicaci\u00f3n m\u00f3vil?<\/h3>\n<p>S\u00ed, el software m\u00f3vil Lootzino proporciona acceso completo a todos los juegos de casino, tragamonedas, juegos de mesa y bonificaciones. Los jugadores pueden encontrar todo lo que desean en la colecci\u00f3n de juegos de Lootzino. Puedes jugar a tragamonedas, juegos con crupier en vivo y cualquier juego de mesa en la aplicaci\u00f3n.<\/p>\n<\/div><\/div><\/p>\n","protected":false},"excerpt":{"rendered":"<p>Aplicaci\u00f3n oficial de Lootzino Casino La Lootzino app est\u00e1 dise\u00f1ada para la comodidad de los jugadores espa\u00f1oles. La aplicaci\u00f3n es f\u00e1cil de usar y te permite jugar a cualquier juego de la colecci\u00f3n Lootzino. La navegaci\u00f3n es r\u00e1pida y todos los gr\u00e1ficos son de alta calidad. La aplicaci\u00f3n Lootzino es f\u00e1cil de descargar e instalar, [&hellip;]<\/p>\n","protected":false},"author":1,"featured_media":0,"parent":0,"menu_order":0,"comment_status":"closed","ping_status":"closed","template":"template-builder.php","meta":{"_acf_changed":false,"inline_featured_image":false,"footnotes":""},"class_list":["post-1424","page","type-page","status-publish","hentry"],"acf":[],"yoast_head":"<!-- This site is optimized with the Yoast SEO plugin v27.3 - https:\/\/yoast.com\/product\/yoast-seo-wordpress\/ -->\n<title>Lootzino Casino App | Desc\u00e1rgala para iOS y Android<\/title>\n<meta name=\"description\" content=\"Empieza a jugar donde quieras con la oficial Loot Zino App, disponible para iOS, Android, Windows y macOS. Accede a miles de juegos, dep\u00f3sitos seguros y un rendimiento \u00f3ptimo.\" \/>\n<meta name=\"robots\" content=\"index, follow, max-snippet:-1, max-image-preview:large, max-video-preview:-1\" \/>\n<link rel=\"canonical\" href=\"https:\/\/loot-zino.net\/es\/aplicacion\/\" \/>\n<meta property=\"og:locale\" content=\"es_ES\" \/>\n<meta property=\"og:type\" content=\"article\" \/>\n<meta property=\"og:title\" content=\"Lootzino Casino App | Desc\u00e1rgala para iOS y Android\" \/>\n<meta property=\"og:description\" content=\"Empieza a jugar donde quieras con la oficial Loot Zino App, disponible para iOS, Android, Windows y macOS. Accede a miles de juegos, dep\u00f3sitos seguros y un rendimiento \u00f3ptimo.\" \/>\n<meta property=\"og:url\" content=\"https:\/\/loot-zino.net\/es\/aplicacion\/\" \/>\n<meta property=\"og:site_name\" content=\"lootzino\" \/>\n<meta property=\"article:modified_time\" content=\"2025-11-19T08:53:08+00:00\" \/>\n<meta name=\"twitter:card\" content=\"summary_large_image\" \/>\n<meta name=\"twitter:label1\" content=\"Est. reading time\" \/>\n\t<meta name=\"twitter:data1\" content=\"1 minuto\" \/>\n<script type=\"application\/ld+json\" class=\"yoast-schema-graph\">{\"@context\":\"https:\\\/\\\/schema.org\",\"@graph\":[{\"@type\":\"WebPage\",\"@id\":\"https:\\\/\\\/loot-zino.net\\\/es\\\/aplicacion\\\/\",\"url\":\"https:\\\/\\\/loot-zino.net\\\/es\\\/aplicacion\\\/\",\"name\":\"Lootzino Casino App | Desc\u00e1rgala para iOS y Android\",\"isPartOf\":{\"@id\":\"https:\\\/\\\/loot-zino.net\\\/es\\\/#website\"},\"datePublished\":\"2025-11-18T10:55:29+00:00\",\"dateModified\":\"2025-11-19T08:53:08+00:00\",\"description\":\"Empieza a jugar donde quieras con la oficial Loot Zino App, disponible para iOS, Android, Windows y macOS. Accede a miles de juegos, dep\u00f3sitos seguros y un rendimiento \u00f3ptimo.\",\"breadcrumb\":{\"@id\":\"https:\\\/\\\/loot-zino.net\\\/es\\\/aplicacion\\\/#breadcrumb\"},\"inLanguage\":\"es\",\"potentialAction\":[{\"@type\":\"ReadAction\",\"target\":[\"https:\\\/\\\/loot-zino.net\\\/es\\\/aplicacion\\\/\"]}]},{\"@type\":\"BreadcrumbList\",\"@id\":\"https:\\\/\\\/loot-zino.net\\\/es\\\/aplicacion\\\/#breadcrumb\",\"itemListElement\":[{\"@type\":\"ListItem\",\"position\":1,\"name\":\"Lootzino\",\"item\":\"https:\\\/\\\/loot-zino.net\\\/es\\\/\"},{\"@type\":\"ListItem\",\"position\":2,\"name\":\"Aplicaci\u00f3n\"}]},{\"@type\":\"WebSite\",\"@id\":\"https:\\\/\\\/loot-zino.net\\\/es\\\/#website\",\"url\":\"https:\\\/\\\/loot-zino.net\\\/es\\\/\",\"name\":\"Lootzino\",\"description\":\"\",\"publisher\":{\"@id\":\"https:\\\/\\\/loot-zino.net\\\/es\\\/#organization\"},\"potentialAction\":[{\"@type\":\"SearchAction\",\"target\":{\"@type\":\"EntryPoint\",\"urlTemplate\":\"https:\\\/\\\/loot-zino.net\\\/es\\\/?s={search_term_string}\"},\"query-input\":{\"@type\":\"PropertyValueSpecification\",\"valueRequired\":true,\"valueName\":\"search_term_string\"}}],\"inLanguage\":\"es\"},{\"@type\":\"Organization\",\"@id\":\"https:\\\/\\\/loot-zino.net\\\/es\\\/#organization\",\"name\":\"Lootzino\",\"url\":\"https:\\\/\\\/loot-zino.net\\\/es\\\/\",\"logo\":{\"@type\":\"ImageObject\",\"inLanguage\":\"es\",\"@id\":\"https:\\\/\\\/loot-zino.net\\\/es\\\/#\\\/schema\\\/logo\\\/image\\\/\",\"url\":\"https:\\\/\\\/loot-zino.net\\\/wp-content\\\/uploads\\\/2025\\\/11\\\/lootzino.svg\",\"contentUrl\":\"https:\\\/\\\/loot-zino.net\\\/wp-content\\\/uploads\\\/2025\\\/11\\\/lootzino.svg\",\"width\":16,\"height\":20,\"caption\":\"Lootzino\"},\"image\":{\"@id\":\"https:\\\/\\\/loot-zino.net\\\/es\\\/#\\\/schema\\\/logo\\\/image\\\/\"}}]}<\/script>\n<!-- \/ Yoast SEO plugin. -->","yoast_head_json":{"title":"Lootzino Casino App | Desc\u00e1rgala para iOS y Android","description":"Empieza a jugar donde quieras con la oficial Loot Zino App, disponible para iOS, Android, Windows y macOS. Accede a miles de juegos, dep\u00f3sitos seguros y un rendimiento \u00f3ptimo.","robots":{"index":"index","follow":"follow","max-snippet":"max-snippet:-1","max-image-preview":"max-image-preview:large","max-video-preview":"max-video-preview:-1"},"canonical":"https:\/\/loot-zino.net\/es\/aplicacion\/","og_locale":"es_ES","og_type":"article","og_title":"Lootzino Casino App | Desc\u00e1rgala para iOS y Android","og_description":"Empieza a jugar donde quieras con la oficial Loot Zino App, disponible para iOS, Android, Windows y macOS. Accede a miles de juegos, dep\u00f3sitos seguros y un rendimiento \u00f3ptimo.","og_url":"https:\/\/loot-zino.net\/es\/aplicacion\/","og_site_name":"lootzino","article_modified_time":"2025-11-19T08:53:08+00:00","twitter_card":"summary_large_image","twitter_misc":{"Est. reading time":"1 minuto"},"schema":{"@context":"https:\/\/schema.org","@graph":[{"@type":"WebPage","@id":"https:\/\/loot-zino.net\/es\/aplicacion\/","url":"https:\/\/loot-zino.net\/es\/aplicacion\/","name":"Lootzino Casino App | Desc\u00e1rgala para iOS y Android","isPartOf":{"@id":"https:\/\/loot-zino.net\/es\/#website"},"datePublished":"2025-11-18T10:55:29+00:00","dateModified":"2025-11-19T08:53:08+00:00","description":"Empieza a jugar donde quieras con la oficial Loot Zino App, disponible para iOS, Android, Windows y macOS. Accede a miles de juegos, dep\u00f3sitos seguros y un rendimiento \u00f3ptimo.","breadcrumb":{"@id":"https:\/\/loot-zino.net\/es\/aplicacion\/#breadcrumb"},"inLanguage":"es","potentialAction":[{"@type":"ReadAction","target":["https:\/\/loot-zino.net\/es\/aplicacion\/"]}]},{"@type":"BreadcrumbList","@id":"https:\/\/loot-zino.net\/es\/aplicacion\/#breadcrumb","itemListElement":[{"@type":"ListItem","position":1,"name":"Lootzino","item":"https:\/\/loot-zino.net\/es\/"},{"@type":"ListItem","position":2,"name":"Aplicaci\u00f3n"}]},{"@type":"WebSite","@id":"https:\/\/loot-zino.net\/es\/#website","url":"https:\/\/loot-zino.net\/es\/","name":"Lootzino","description":"","publisher":{"@id":"https:\/\/loot-zino.net\/es\/#organization"},"potentialAction":[{"@type":"SearchAction","target":{"@type":"EntryPoint","urlTemplate":"https:\/\/loot-zino.net\/es\/?s={search_term_string}"},"query-input":{"@type":"PropertyValueSpecification","valueRequired":true,"valueName":"search_term_string"}}],"inLanguage":"es"},{"@type":"Organization","@id":"https:\/\/loot-zino.net\/es\/#organization","name":"Lootzino","url":"https:\/\/loot-zino.net\/es\/","logo":{"@type":"ImageObject","inLanguage":"es","@id":"https:\/\/loot-zino.net\/es\/#\/schema\/logo\/image\/","url":"https:\/\/loot-zino.net\/wp-content\/uploads\/2025\/11\/lootzino.svg","contentUrl":"https:\/\/loot-zino.net\/wp-content\/uploads\/2025\/11\/lootzino.svg","width":16,"height":20,"caption":"Lootzino"},"image":{"@id":"https:\/\/loot-zino.net\/es\/#\/schema\/logo\/image\/"}}]}},"_links":{"self":[{"href":"https:\/\/loot-zino.net\/es\/wp-json\/wp\/v2\/pages\/1424","targetHints":{"allow":["GET"]}}],"collection":[{"href":"https:\/\/loot-zino.net\/es\/wp-json\/wp\/v2\/pages"}],"about":[{"href":"https:\/\/loot-zino.net\/es\/wp-json\/wp\/v2\/types\/page"}],"author":[{"embeddable":true,"href":"https:\/\/loot-zino.net\/es\/wp-json\/wp\/v2\/users\/1"}],"replies":[{"embeddable":true,"href":"https:\/\/loot-zino.net\/es\/wp-json\/wp\/v2\/comments?post=1424"}],"version-history":[{"count":3,"href":"https:\/\/loot-zino.net\/es\/wp-json\/wp\/v2\/pages\/1424\/revisions"}],"predecessor-version":[{"id":1804,"href":"https:\/\/loot-zino.net\/es\/wp-json\/wp\/v2\/pages\/1424\/revisions\/1804"}],"wp:attachment":[{"href":"https:\/\/loot-zino.net\/es\/wp-json\/wp\/v2\/media?parent=1424"}],"curies":[{"name":"wp","href":"https:\/\/api.w.org\/{rel}","templated":true}]}}