{"id":1465,"date":"2025-11-18T10:59:43","date_gmt":"2025-11-18T10:59:43","guid":{"rendered":"https:\/\/loot-zino.net\/login-and-registration\/"},"modified":"2025-11-18T15:10:42","modified_gmt":"2025-11-18T15:10:42","slug":"anmeldung-und-registrierung","status":"publish","type":"page","link":"https:\/\/loot-zino.net\/de\/anmeldung-und-registrierung\/","title":{"rendered":"Anmeldung und Registrierung"},"content":{"rendered":"<h1>Lootzino-Anmeldung und Kontoerstellung<\/h1>\n<p>Die Erstellung eines Kontos oder die Anmeldung bei Lootzino ist schnell und einfach. Der Lootzino Login dauert nur wenige Minuten. Wenn Sie noch nicht registriert sind, k\u00f6nnen Sie in nur 5 Minuten ein Konto erstellen. Sobald Sie Ihr Konto aktiviert haben, erhalten Sie sofortigen Zugriff auf alle unsere Spiele.<\/p>\n<p><div class=\"banner-wrap\" aria-label=\"Banner\"><img src=\"https:\/\/loot-zino.net\/wp-content\/uploads\/2025\/11\/Lootzino-banner-carousel-800\u0445400.webp\" class=\"w-100 d-none d-lg-block img-pc main-banner-img\" alt=\"Lootzino banner desktop\" fetchpriority=\"high\" decoding=\"async\"><img src=\"https:\/\/loot-zino.net\/wp-content\/uploads\/2025\/12\/Group-25.webp\" class=\"w-100 d-none d-md-block d-lg-none main-banner-img\" alt=\"Lootzino banner mobile\" fetchpriority=\"high\" decoding=\"async\"><img src=\"https:\/\/loot-zino.net\/wp-content\/uploads\/2025\/12\/Group-25.webp\" class=\"w-100 d-md-none\" alt=\"Lootzino banner mobile\" fetchpriority=\"high\" decoding=\"async\"><div class=\"banner-description\">\n<div class=\"banner-title\">Willkommensboni<\/div>\n<p class=\"banner-header-title\">1500 \u20ac<\/p>\n<div class=\"banner-header-AdditionalText\">+ 250 Freispiele<\/div>\n<button data-item=\"homepage_banner_link\" class=\"goto m-button m-gradient-border m-button--primary m-button--large banner-button btn-orange\">\n            <div class=\"m-button-content\">\n                <span>Jetzt anmelden<\/span>\n                <span><\/span>\n            <\/div>\n        <\/button>\n<\/div>\n<div class=\"WelcomePack\">\n<p><img loading=\"lazy\" decoding=\"async\" class=\"alignnone size-full wp-image-1337\" src=\"https:\/\/loot-zino.net\/wp-content\/uploads\/2025\/11\/welcome-crown.svg\" alt=\"crown\" width=\"25\" height=\"26\" \/><\/p>\n<div class=\"WelcomePack-Info\">W\u00f6chentlicher Cashback von bis zu 25 %<\/div>\n<p><img loading=\"lazy\" decoding=\"async\" class=\"alignnone size-full wp-image-1337\" src=\"https:\/\/loot-zino.net\/wp-content\/uploads\/2025\/11\/welcome-crown.svg\" alt=\"crown\" width=\"25\" height=\"26\" \/><\/p>\n<\/div>\n<\/div><div class=\"scrollable-content-wrap my-5\"><div class=\"scrollable-content-inner\"><h2>So greifen Sie auf Ihr Lootzino-Konto zu<\/h2>\n<p>Die Lootzino-Anmeldung ist sicher und schnell. Mit nur wenigen Klicks k\u00f6nnen Sie jedes Spiel aus unserer Sammlung spielen. Die Anmeldung ist von jedem Ger\u00e4t aus ganz einfach: egal ob Mobilger\u00e4t oder Computer.<\/p>\n<p>Schritte zum Einloggen:<\/p>\n<ol>\n<li>Klicken Sie auf die Schaltfl\u00e4che \u201eAnmelden\u201c in der oberen rechten Ecke unserer Website.<\/li>\n<li>Geben Sie Ihre registrierte E-Mail-Adresse und Ihr Passwort ein.<\/li>\n<li>Tippen Sie zur Best\u00e4tigung auf \u201eAnmelden\u201c.<\/li>\n<\/ol>\n<p>Nach der Anmeldung k\u00f6nnen Sie Spiele spielen, Einzahlungen und Auszahlungen vornehmen, Boni nutzen, an Turnieren teilnehmen, Ihren Spielverlauf einsehen, Ihre pers\u00f6nlichen Daten aktualisieren und an Live-Casinospielen teilnehmen.<\/p>\n<h3>Lootzino-Anmeldung wiederherstellen<\/h3>\n<p>Wenn Sie l\u00e4ngere Zeit inaktiv waren, kann Ihr Konto gesperrt werden. Loot Zino wird Sie dar\u00fcber informieren, wenn Sie sich einloggen, und Ihnen anbieten, Ihr Konto wiederherzustellen. Ihnen wird angeboten, sich an unseren mehrsprachigen Support zu wenden. Sobald Sie eine Anfrage an unsere Support-Spezialisten senden, werden diese sofort mit der \u00dcberpr\u00fcfung beginnen. Ihr Konto wird umgehend wiederhergestellt und aktiviert. Sie k\u00f6nnen dann sofort Einzahlungen vornehmen, an Turnieren teilnehmen und Pr\u00e4mien erhalten.<\/p>\n<p>Und wenn Sie Ihr Passwort vergessen haben, k\u00f6nnen Sie es mit nur wenigen Klicks wiederherstellen:<\/p>\n<ol>\n<li>Klicken Sie auf die Schaltfl\u00e4che \u201eAnmelden\u201c.<\/li>\n<li>Tippen Sie auf \u201ePasswort vergessen?\u201c.<\/li>\n<li>Geben Sie die bei Lootzino registrierte E-Mail-Adresse ein.<\/li>\n<li>Folgen Sie dem Link in Ihrem E-Mail-Posteingang.<\/li>\n<li>Erstellen Sie ein neues Passwort.<\/li>\n<\/ol>\n<p>Wenn Sie Probleme mit der Kontowiederherstellung haben, k\u00f6nnen Sie sich \u00fcber den Live-Chat oder per E-Mail an unser Support-Team wenden.<\/p>\n<h2>Erstellen Sie ein neues Loot Zino-Konto<\/h2>\n<p>Wenn Sie ein Lootzino-Konto erstellen, erhalten Sie Zugang zu unserer Gaming-Community. Die Registrierung dauert nur wenige Minuten und ist ganz einfach. Wenn Sie ein Konto erstellen und den Lootzino-Anmeldevorgang abschlie\u00dfen, erhalten Sie vollen Zugriff auf alles, was Loot Zino zu bieten hat. Dazu geh\u00f6ren beispielsweise Registrierungsboni, Tools f\u00fcr verantwortungsbewusstes Spielen, Turniere in Ihren Lieblingsspielen und mehr als 6.000 Spiele.<\/p>\n<h3>Profil und pers\u00f6nliche Einstellungen<\/h3>\n<p>Nach der Registrierung k\u00f6nnen Sie Ihr Profil ganz einfach verwalten. Sie k\u00f6nnen Ihre pers\u00f6nlichen Daten \u00e4ndern, Einsatzlimits festlegen und sich mit Live-Dealern und anderen Spielern an Tischen verbinden, genau wie in einem echten Casino. Wir veranstalten regelm\u00e4\u00dfig Events und Aktionen und bieten VIP-Boni, um das personalisierte Spielerlebnis zu verbessern. Nach der Erstellung eines Kontos k\u00f6nnen Sie die Lootzino-App herunterladen oder in Ihrem Browser bleiben. Die Kontoeinstellungen sind in allen Versionen unserer Plattform verf\u00fcgbar.<\/p>\n<table>\n<tbody>\n<tr>\n<td>Funktion<\/td>\n<td>Was es bietet<\/td>\n<\/tr>\n<tr>\n<td>Profilverwaltung<\/td>\n<td>Pers\u00f6nliche Daten bearbeiten, Ausgabenlimits festlegen und Benachrichtigungen verwalten<\/td>\n<\/tr>\n<tr>\n<td>Zahlungsm\u00f6glichkeiten<\/td>\n<td>Zahlungsmethoden sicher hinzuf\u00fcgen oder entfernen<\/td>\n<\/tr>\n<tr>\n<td>Bonusverfolgung<\/td>\n<td>Aktive Angebote, Wettfortschritt und verf\u00fcgbare Aktionen anzeigen<\/td>\n<\/tr>\n<tr>\n<td>Spielverlauf<\/td>\n<td>Verfolgen Sie Ihre letzten Spiele und Gewinne<\/td>\n<\/tr>\n<\/tbody>\n<\/table>\n<h3>Ma\u00dfnahmen zur Kontosicherheit<\/h3>\n<p>Die fortschrittlichsten Sicherheitsma\u00dfnahmen sch\u00fctzen Ihr Lootzino-Konto umfassend. Unsere Entwickler setzen die neuesten Datenschutztechnologien ein, um einen sicheren Raum in unserer Gaming-Community zu schaffen. Lootzino verwendet Verschl\u00fcsselungstechnologie, Zwei-Faktor-Authentifizierung, einen Verifizierungsprozess und sichere Zahlungsgateways, um Ihre Daten und Gelder zu sch\u00fctzen. Wenn Sie ein Konto bei Loot Zino erstellen, k\u00f6nnen Sie sich darauf verlassen, dass unsere robusten Sicherheitsma\u00dfnahmen Ihre Daten und Gelder vollst\u00e4ndig sch\u00fctzen.<\/p>\n<h2>Warum Sie Ihr Konto verifizieren sollten<\/h2>\n<p>Die Kontoverifizierung ist ein wesentlicher Schritt zum Schutz Ihrer Daten. Der Verifizierungsprozess best\u00e4tigt Ihre Identit\u00e4t und sch\u00fctzt Ihr Guthaben. Au\u00dferdem unterst\u00fctzt er die Rechtm\u00e4\u00dfigkeit aller Transaktionen und hilft, unbefugten Zugriff, Betrug und Gl\u00fccksspiel durch Minderj\u00e4hrige zu verhindern. Erst nach Abschluss des Verifizierungsprozesses k\u00f6nnen Sie Geld abheben. Die Auszahlung von Gewinnen ist nur f\u00fcr verifizierte Benutzer m\u00f6glich. Die Kontoverifizierung wird nur einmal durchgef\u00fchrt. Der Verifizierungsprozess umfasst die Vorlage von Dokumenten zur Best\u00e4tigung Ihrer Identit\u00e4t und Ihres Bankkontos. Um den Vorgang abzuschlie\u00dfen, m\u00fcssen Sie folgende Dokumente vorlegen:<\/p>\n<ul>\n<li>ID<\/li>\n<li>F\u00fchrerschein,<\/li>\n<li>Adressnachweis (z. B. Stromrechnung),<\/li>\n<li>Bankverbindung<\/li>\n<\/ul>\n<p>All dies wird sicher und vertraulich verarbeitet. Unsere Spezialisten pr\u00fcfen Ihre Dokumente und verifizieren Ihr Konto innerhalb von 48 Stunden.<\/p>\n<h2>H\u00e4ufig gestellte Fragen<\/h2>\n<h3>Kann ich dasselbe Lootzino-Konto auf mehreren Ger\u00e4ten verwenden?<\/h3>\n<p>Ja, Sie k\u00f6nnen dasselbe Lootzino-Konto auf mehreren Ger\u00e4ten verwenden: Smartphone, Tablet und PC. Ihr Fortschritt, Ihr Guthaben und Ihre Boni werden synchronisiert. Sie k\u00f6nnen jederzeit das Ger\u00e4t wechseln und weiterspielen. Melden Sie sich einfach mit Ihrer E-Mail-Adresse und Ihrem Passwort an.<\/p>\n<h3>Wie lange dauert es, bis mein Konto verifiziert ist?<\/h3>\n<p>Die \u00dcberpr\u00fcfung Ihres Lootzino Kontos dauert in der Regel einige Stunden, in bestimmten F\u00e4llen jedoch bis zu 48 Stunden. Sobald Ihre Identit\u00e4t und Ihre Adresse \u00fcberpr\u00fcft wurden, k\u00f6nnen Sie Geld abheben. Aus Sicherheitsgr\u00fcnden und um sicherzustellen, dass die Abhebung echt ist, ist dieser Schritt unerl\u00e4sslich.<\/p>\n<h3>Gibt es Sicherheitsma\u00dfnahmen zum Schutz meines Lootzino-Logins?<\/h3>\n<p>Ja, Lootzino Login ist durch fortschrittliche Sicherheitsma\u00dfnahmen gesch\u00fctzt. Wir verwenden Verschl\u00fcsselung, Zwei-Faktor-Authentifizierung und sichere Zahlungsgateways. Dar\u00fcber hinaus werden alle Auszahlungen manuell von unseren Spezialisten \u00fcberpr\u00fcft. Dies ist notwendig, um zu best\u00e4tigen, dass die Gelder dem richtigen Konto gutgeschrieben wurden. Alle Sicherheitsma\u00dfnahmen dienen dazu, die Vertraulichkeit Ihrer pers\u00f6nlichen Daten und Gelder zu gew\u00e4hrleisten.<\/p>\n<h3>Welche Vorteile habe ich durch ein verifiziertes Konto?<\/h3>\n<p>Ein verifiziertes Lootzino-Konto gew\u00e4hrt Ihnen Zugriff auf alle Funktionen. Dazu geh\u00f6ren beispielsweise Auszahlungen und Turniergewinne. Au\u00dferdem garantiert es die Sicherheit Ihrer Gelder und pers\u00f6nlichen Daten. Wir haben dieses Verfahren zu Ihrer Sicherheit eingef\u00fchrt.<\/p>\n<\/div><\/div><\/p>\n","protected":false},"excerpt":{"rendered":"<p>Lootzino-Anmeldung und Kontoerstellung Die Erstellung eines Kontos oder die Anmeldung bei Lootzino ist schnell und einfach. Der Lootzino Login dauert nur wenige Minuten. Wenn Sie noch nicht registriert sind, k\u00f6nnen Sie in nur 5 Minuten ein Konto erstellen. Sobald Sie Ihr Konto aktiviert haben, erhalten Sie sofortigen Zugriff auf alle unsere Spiele.<\/p>\n","protected":false},"author":1,"featured_media":0,"parent":0,"menu_order":0,"comment_status":"closed","ping_status":"closed","template":"template-builder.php","meta":{"_acf_changed":false,"inline_featured_image":false,"footnotes":""},"class_list":["post-1465","page","type-page","status-publish","hentry"],"acf":[],"yoast_head":"<!-- This site is optimized with the Yoast SEO plugin v27.3 - https:\/\/yoast.com\/product\/yoast-seo-wordpress\/ -->\n<title>Lootzino Login und Kontoregistrierung<\/title>\n<meta name=\"description\" content=\"Mit deinem Loot Zino Login verwaltest du alles an einem Ort. Von Einzahlungen und Boni bis hin zu pers\u00f6nlichen Daten und Verifizierung. Melde dich in wenigen Augenblicken an oder logge dich jederzeit wieder ein, um weiterzuspielen.\" \/>\n<meta name=\"robots\" content=\"index, follow, max-snippet:-1, max-image-preview:large, max-video-preview:-1\" \/>\n<link rel=\"canonical\" href=\"https:\/\/loot-zino.net\/de\/anmeldung-und-registrierung\/\" \/>\n<meta property=\"og:locale\" content=\"de_DE\" \/>\n<meta property=\"og:type\" content=\"article\" \/>\n<meta property=\"og:title\" content=\"Lootzino Login und Kontoregistrierung\" \/>\n<meta property=\"og:description\" content=\"Mit deinem Loot Zino Login verwaltest du alles an einem Ort. Von Einzahlungen und Boni bis hin zu pers\u00f6nlichen Daten und Verifizierung. Melde dich in wenigen Augenblicken an oder logge dich jederzeit wieder ein, um weiterzuspielen.\" \/>\n<meta property=\"og:url\" content=\"https:\/\/loot-zino.net\/de\/anmeldung-und-registrierung\/\" \/>\n<meta property=\"og:site_name\" content=\"lootzino\" \/>\n<meta property=\"article:modified_time\" content=\"2025-11-18T15:10:42+00:00\" \/>\n<meta name=\"twitter:card\" content=\"summary_large_image\" \/>\n<meta name=\"twitter:label1\" content=\"Gesch\u00e4tzte Lesezeit\" \/>\n\t<meta name=\"twitter:data1\" content=\"1\u00a0Minute\" \/>\n<script type=\"application\/ld+json\" class=\"yoast-schema-graph\">{\"@context\":\"https:\\\/\\\/schema.org\",\"@graph\":[{\"@type\":\"WebPage\",\"@id\":\"https:\\\/\\\/loot-zino.net\\\/de\\\/anmeldung-und-registrierung\\\/\",\"url\":\"https:\\\/\\\/loot-zino.net\\\/de\\\/anmeldung-und-registrierung\\\/\",\"name\":\"Lootzino Login und Kontoregistrierung\",\"isPartOf\":{\"@id\":\"https:\\\/\\\/loot-zino.net\\\/de\\\/#website\"},\"datePublished\":\"2025-11-18T10:59:43+00:00\",\"dateModified\":\"2025-11-18T15:10:42+00:00\",\"description\":\"Mit deinem Loot Zino Login verwaltest du alles an einem Ort. Von Einzahlungen und Boni bis hin zu pers\u00f6nlichen Daten und Verifizierung. Melde dich in wenigen Augenblicken an oder logge dich jederzeit wieder ein, um weiterzuspielen.\",\"breadcrumb\":{\"@id\":\"https:\\\/\\\/loot-zino.net\\\/de\\\/anmeldung-und-registrierung\\\/#breadcrumb\"},\"inLanguage\":\"de\",\"potentialAction\":[{\"@type\":\"ReadAction\",\"target\":[\"https:\\\/\\\/loot-zino.net\\\/de\\\/anmeldung-und-registrierung\\\/\"]}]},{\"@type\":\"BreadcrumbList\",\"@id\":\"https:\\\/\\\/loot-zino.net\\\/de\\\/anmeldung-und-registrierung\\\/#breadcrumb\",\"itemListElement\":[{\"@type\":\"ListItem\",\"position\":1,\"name\":\"Lootzino\",\"item\":\"https:\\\/\\\/loot-zino.net\\\/de\\\/\"},{\"@type\":\"ListItem\",\"position\":2,\"name\":\"Anmeldung und Registrierung\"}]},{\"@type\":\"WebSite\",\"@id\":\"https:\\\/\\\/loot-zino.net\\\/de\\\/#website\",\"url\":\"https:\\\/\\\/loot-zino.net\\\/de\\\/\",\"name\":\"Lootzino\",\"description\":\"\",\"publisher\":{\"@id\":\"https:\\\/\\\/loot-zino.net\\\/de\\\/#organization\"},\"potentialAction\":[{\"@type\":\"SearchAction\",\"target\":{\"@type\":\"EntryPoint\",\"urlTemplate\":\"https:\\\/\\\/loot-zino.net\\\/de\\\/?s={search_term_string}\"},\"query-input\":{\"@type\":\"PropertyValueSpecification\",\"valueRequired\":true,\"valueName\":\"search_term_string\"}}],\"inLanguage\":\"de\"},{\"@type\":\"Organization\",\"@id\":\"https:\\\/\\\/loot-zino.net\\\/de\\\/#organization\",\"name\":\"Lootzino\",\"url\":\"https:\\\/\\\/loot-zino.net\\\/de\\\/\",\"logo\":{\"@type\":\"ImageObject\",\"inLanguage\":\"de\",\"@id\":\"https:\\\/\\\/loot-zino.net\\\/de\\\/#\\\/schema\\\/logo\\\/image\\\/\",\"url\":\"https:\\\/\\\/loot-zino.net\\\/wp-content\\\/uploads\\\/2025\\\/11\\\/lootzino.svg\",\"contentUrl\":\"https:\\\/\\\/loot-zino.net\\\/wp-content\\\/uploads\\\/2025\\\/11\\\/lootzino.svg\",\"width\":16,\"height\":20,\"caption\":\"Lootzino\"},\"image\":{\"@id\":\"https:\\\/\\\/loot-zino.net\\\/de\\\/#\\\/schema\\\/logo\\\/image\\\/\"}}]}<\/script>\n<!-- \/ Yoast SEO plugin. -->","yoast_head_json":{"title":"Lootzino Login und Kontoregistrierung","description":"Mit deinem Loot Zino Login verwaltest du alles an einem Ort. Von Einzahlungen und Boni bis hin zu pers\u00f6nlichen Daten und Verifizierung. Melde dich in wenigen Augenblicken an oder logge dich jederzeit wieder ein, um weiterzuspielen.","robots":{"index":"index","follow":"follow","max-snippet":"max-snippet:-1","max-image-preview":"max-image-preview:large","max-video-preview":"max-video-preview:-1"},"canonical":"https:\/\/loot-zino.net\/de\/anmeldung-und-registrierung\/","og_locale":"de_DE","og_type":"article","og_title":"Lootzino Login und Kontoregistrierung","og_description":"Mit deinem Loot Zino Login verwaltest du alles an einem Ort. Von Einzahlungen und Boni bis hin zu pers\u00f6nlichen Daten und Verifizierung. Melde dich in wenigen Augenblicken an oder logge dich jederzeit wieder ein, um weiterzuspielen.","og_url":"https:\/\/loot-zino.net\/de\/anmeldung-und-registrierung\/","og_site_name":"lootzino","article_modified_time":"2025-11-18T15:10:42+00:00","twitter_card":"summary_large_image","twitter_misc":{"Gesch\u00e4tzte Lesezeit":"1\u00a0Minute"},"schema":{"@context":"https:\/\/schema.org","@graph":[{"@type":"WebPage","@id":"https:\/\/loot-zino.net\/de\/anmeldung-und-registrierung\/","url":"https:\/\/loot-zino.net\/de\/anmeldung-und-registrierung\/","name":"Lootzino Login und Kontoregistrierung","isPartOf":{"@id":"https:\/\/loot-zino.net\/de\/#website"},"datePublished":"2025-11-18T10:59:43+00:00","dateModified":"2025-11-18T15:10:42+00:00","description":"Mit deinem Loot Zino Login verwaltest du alles an einem Ort. Von Einzahlungen und Boni bis hin zu pers\u00f6nlichen Daten und Verifizierung. Melde dich in wenigen Augenblicken an oder logge dich jederzeit wieder ein, um weiterzuspielen.","breadcrumb":{"@id":"https:\/\/loot-zino.net\/de\/anmeldung-und-registrierung\/#breadcrumb"},"inLanguage":"de","potentialAction":[{"@type":"ReadAction","target":["https:\/\/loot-zino.net\/de\/anmeldung-und-registrierung\/"]}]},{"@type":"BreadcrumbList","@id":"https:\/\/loot-zino.net\/de\/anmeldung-und-registrierung\/#breadcrumb","itemListElement":[{"@type":"ListItem","position":1,"name":"Lootzino","item":"https:\/\/loot-zino.net\/de\/"},{"@type":"ListItem","position":2,"name":"Anmeldung und Registrierung"}]},{"@type":"WebSite","@id":"https:\/\/loot-zino.net\/de\/#website","url":"https:\/\/loot-zino.net\/de\/","name":"Lootzino","description":"","publisher":{"@id":"https:\/\/loot-zino.net\/de\/#organization"},"potentialAction":[{"@type":"SearchAction","target":{"@type":"EntryPoint","urlTemplate":"https:\/\/loot-zino.net\/de\/?s={search_term_string}"},"query-input":{"@type":"PropertyValueSpecification","valueRequired":true,"valueName":"search_term_string"}}],"inLanguage":"de"},{"@type":"Organization","@id":"https:\/\/loot-zino.net\/de\/#organization","name":"Lootzino","url":"https:\/\/loot-zino.net\/de\/","logo":{"@type":"ImageObject","inLanguage":"de","@id":"https:\/\/loot-zino.net\/de\/#\/schema\/logo\/image\/","url":"https:\/\/loot-zino.net\/wp-content\/uploads\/2025\/11\/lootzino.svg","contentUrl":"https:\/\/loot-zino.net\/wp-content\/uploads\/2025\/11\/lootzino.svg","width":16,"height":20,"caption":"Lootzino"},"image":{"@id":"https:\/\/loot-zino.net\/de\/#\/schema\/logo\/image\/"}}]}},"_links":{"self":[{"href":"https:\/\/loot-zino.net\/de\/wp-json\/wp\/v2\/pages\/1465","targetHints":{"allow":["GET"]}}],"collection":[{"href":"https:\/\/loot-zino.net\/de\/wp-json\/wp\/v2\/pages"}],"about":[{"href":"https:\/\/loot-zino.net\/de\/wp-json\/wp\/v2\/types\/page"}],"author":[{"embeddable":true,"href":"https:\/\/loot-zino.net\/de\/wp-json\/wp\/v2\/users\/1"}],"replies":[{"embeddable":true,"href":"https:\/\/loot-zino.net\/de\/wp-json\/wp\/v2\/comments?post=1465"}],"version-history":[{"count":2,"href":"https:\/\/loot-zino.net\/de\/wp-json\/wp\/v2\/pages\/1465\/revisions"}],"predecessor-version":[{"id":1614,"href":"https:\/\/loot-zino.net\/de\/wp-json\/wp\/v2\/pages\/1465\/revisions\/1614"}],"wp:attachment":[{"href":"https:\/\/loot-zino.net\/de\/wp-json\/wp\/v2\/media?parent=1465"}],"curies":[{"name":"wp","href":"https:\/\/api.w.org\/{rel}","templated":true}]}}