{"id":1417,"date":"2025-11-18T10:55:29","date_gmt":"2025-11-18T10:55:29","guid":{"rendered":"https:\/\/loot-zino.net\/app-2\/"},"modified":"2025-11-19T08:53:58","modified_gmt":"2025-11-19T08:53:58","slug":"app","status":"publish","type":"page","link":"https:\/\/loot-zino.net\/de\/app\/","title":{"rendered":"App"},"content":{"rendered":"<h1>Lootzino Casino Offizielle App<\/h1>\n<p>Die Lootzino App wurde f\u00fcr mehr Komfort beim Spielen entwickelt. Die App ist einfach zu bedienen und erm\u00f6glicht es Ihnen, jedes Spiel aus der Lootzino-Sammlung zu spielen. Die Navigation ist schnell und alle Grafiken sind von hoher Qualit\u00e4t. Die Lootzino App l\u00e4sst sich einfach herunterladen und installieren, sodass Sie \u00fcberall spielen k\u00f6nnen, sogar unterwegs.<\/p>\n<p><div class=\"banner-wrap\" aria-label=\"Banner\"><img src=\"https:\/\/loot-zino.net\/wp-content\/uploads\/2025\/11\/Lootzino-banner-carousel-800\u0445400.webp\" class=\"w-100 d-none d-lg-block img-pc main-banner-img\" alt=\"Lootzino banner desktop\" fetchpriority=\"high\" decoding=\"async\"><img src=\"https:\/\/loot-zino.net\/wp-content\/uploads\/2025\/12\/Group-25.webp\" class=\"w-100 d-none d-md-block d-lg-none main-banner-img\" alt=\"Lootzino banner mobile\" fetchpriority=\"high\" decoding=\"async\"><img src=\"https:\/\/loot-zino.net\/wp-content\/uploads\/2025\/12\/Group-25.webp\" class=\"w-100 d-md-none\" alt=\"Lootzino banner mobile\" fetchpriority=\"high\" decoding=\"async\"><div class=\"banner-description\">\n<div class=\"banner-title\">Willkommensboni<\/div>\n<p class=\"banner-header-title\">1500 \u20ac<\/p>\n<div class=\"banner-header-AdditionalText\">+ 250 Freispiele<\/div>\n<button data-item=\"homepage_banner_link\" class=\"goto m-button m-gradient-border m-button--primary m-button--large banner-button btn-orange\">\n            <div class=\"m-button-content\">\n                <span>Jetzt anmelden<\/span>\n                <span><\/span>\n            <\/div>\n        <\/button>\n<\/div>\n<div class=\"WelcomePack\">\n<p><img loading=\"lazy\" decoding=\"async\" class=\"alignnone size-full wp-image-1337\" src=\"https:\/\/loot-zino.net\/wp-content\/uploads\/2025\/11\/welcome-crown.svg\" alt=\"crown\" width=\"25\" height=\"26\" \/><\/p>\n<div class=\"WelcomePack-Info\">W\u00f6chentlicher Cashback von bis zu 25 %<\/div>\n<p><img loading=\"lazy\" decoding=\"async\" class=\"alignnone size-full wp-image-1337\" src=\"https:\/\/loot-zino.net\/wp-content\/uploads\/2025\/11\/welcome-crown.svg\" alt=\"crown\" width=\"25\" height=\"26\" \/><\/p>\n<\/div>\n<\/div><div class=\"scrollable-content-wrap my-5\"><div class=\"scrollable-content-inner\"><h2>Lootzino-Anwendung f\u00fcr iOS herunterladen<\/h2>\n<p>Wenn Sie ein iOS-Ger\u00e4t besitzen, k\u00f6nnen Sie die Lootzino-App installieren. Sie m\u00fcssen die Software nicht aus dem App Store herunterladen. Die Installation ist schnell und einfach, und Sie erhalten sofortigen Zugriff auf alle Funktionen des Casinos. Sie k\u00f6nnen die App wie folgt installieren:<\/p>\n<ol>\n<li>\u00d6ffnen Sie die Lootzino Website in Ihrem Safari-Browser.<\/li>\n<li>Tippen Sie auf das Symbol \u201eTeilen\u201c (Quadrat mit einem Pfeil nach oben).<\/li>\n<li>W\u00e4hlen Sie im Men\u00fc \u201eZum Startbildschirm hinzuf\u00fcgen\u201c aus.<\/li>\n<li>Best\u00e4tigen Sie durch Tippen auf \u201eHinzuf\u00fcgen\u201c.<\/li>\n<\/ol>\n<p>Die Lootzino-App erscheint nun auf Ihrem Startbildschirm und kann jederzeit gestartet werden. Die Software bietet dasselbe fl\u00fcssige und hochwertige Spielerlebnis wie die PC-Version.<\/p>\n<p><img loading=\"lazy\" decoding=\"async\" src=\"https:\/\/loot-zino.net\/wp-content\/uploads\/2025\/11\/Lootzino-iOS-App.webp\" alt=\"Lootzino iOS App\" width=\"1248\" height=\"536\" \/><\/p>\n<\/div><\/div><div style=\"clear: both\"><\/div><div class=\"d-flex justify-content-center\"><button data-item=\"decouvrez_link\" data-group=\"website_links\" class=\"goto fw-bold rounded-pill btn btn-orange\" aria-label=\"Lootzino Casino App herunterladen\" >Lootzino Casino App herunterladen<\/button><\/div><div class=\"scrollable-content-wrap my-5\"><div class=\"scrollable-content-inner\"><h2>Android-App f\u00fcr unterwegs<\/h2>\n<p>Durch die Installation unserer Android-Software k\u00f6nnen Sie das mobile Casino \u00fcberallhin mitnehmen. Lootzino f\u00fcr Android ist eine progressive Web-App (PWA). Wir haben diese App so entwickelt, dass sie auf jedem mobilen Ger\u00e4t funktioniert, ohne APK-Dateien oder komplizierte Downloads. Unser Casino ist vollst\u00e4ndig f\u00fcr Android optimiert. Sie k\u00f6nnen alle Online-Slots spielen, an Live-Tischen mit professionellen Dealern teilnehmen und Ihr Lootzino-Konto direkt in der App verwalten.<\/p>\n<h3>So laden Sie eine App auf Android herunter<\/h3>\n<ol>\n<li>Scrollen Sie auf der Hauptseite der Website Lootzino nach unten.<\/li>\n<li>Tippen Sie auf die Schaltfl\u00e4che \u201eCasino-App\u201c.<\/li>\n<li>Wenn Sie zur Installation aufgefordert werden, w\u00e4hlen Sie \u201eInstallieren\u201c.<\/li>\n<\/ol>\n<p>Die Lootzino-App wird dann zu Ihrem Startbildschirm hinzugef\u00fcgt.<\/p>\n<p><img loading=\"lazy\" decoding=\"async\" src=\"https:\/\/loot-zino.net\/wp-content\/uploads\/2025\/11\/Lootzino-Android-App.webp\" alt=\"Lootzino Android App\" width=\"1248\" height=\"536\" \/><\/p>\n<\/div><\/div><div style=\"clear: both\"><\/div><div class=\"d-flex justify-content-center\"><button data-item=\"decouvrez_link\" data-group=\"website_links\" class=\"goto fw-bold rounded-pill btn btn-orange\" aria-label=\"Lootzino herunterladen\" >Lootzino herunterladen<\/button><\/div><div class=\"scrollable-content-wrap my-5\"><div class=\"scrollable-content-inner\"><h2>So installieren Sie eine Web-App f\u00fcr den PC<\/h2>\n<p>Sie k\u00f6nnen die Desktop-Anwendung Lootzino auf Ihrem Computer installieren. Genie\u00dfen Sie Ihre Lieblings-Slots und Tischspiele mit schnellem Zugriff von Ihrem Desktop aus. Die PC-Software ist mit Windows und macOS kompatibel und bietet alle Funktionen, die im Casino verf\u00fcgbar sind. Die Anwendung verf\u00fcgt \u00fcber eine einfache Benutzeroberfl\u00e4che mit schneller Navigation zwischen den Bereichen.<\/p>\n<p>Es sind keine zus\u00e4tzlichen Programme oder Installationen erforderlich, um die Anwendung Lootzino auf Ihrem Computer zu installieren. Sie k\u00f6nnen eine Verkn\u00fcpfung auf Ihrem Desktop erstellen, um schnell darauf zugreifen zu k\u00f6nnen. Diese Verkn\u00fcpfung funktioniert wie eine Webanwendung und startet Lootzino vom Startbildschirm Ihres Computers aus.<\/p>\n<p>Die Web-Software l\u00e4uft reibungslos mit gestochen scharfen Grafiken und schneller Ladezeit. Wir haben sie f\u00fcr maximale Leistung und Casino-Zug\u00e4nglichkeit mit einem Klick entwickelt. Bei Fragen k\u00f6nnen Sie sich \u00fcber den Live-Chat oder per E-Mail an unser Support-Team wenden.<\/p>\n<p><img loading=\"lazy\" decoding=\"async\" src=\"https:\/\/loot-zino.net\/wp-content\/uploads\/2025\/11\/Lootzino-Desktop.webp\" alt=\"Lootzino Desktop\" width=\"1248\" height=\"536\" \/><\/p>\n<\/div><\/div><div style=\"clear: both\"><\/div><div class=\"d-flex justify-content-center\"><button data-item=\"decouvrez_link\" data-group=\"website_links\" class=\"goto fw-bold rounded-pill btn btn-orange\" aria-label=\"Lootzino Casino App herunterladen\" >Lootzino Casino App herunterladen<\/button><\/div><div class=\"scrollable-content-wrap my-5\"><div class=\"scrollable-content-inner\"><h2>Die besten Funktionen der Loot Zino Mobile App<\/h2>\n<p>Die mobile App Lootzino bietet schnelles Gameplay und ist damit perfekt f\u00fcr Spieler, die viel unterwegs sind. Sie erm\u00f6glicht Ihnen sofortigen Zugriff auf Ihre Lieblingsspiele und Boni aus unserem Casino. Die mobile Software ist genauso gut wie die Desktop-Version. Sie zeichnet sich durch schnelle Navigation und einen vereinfachten Verifizierungsprozess f\u00fcr sicheres Spielen aus.<\/p>\n<table>\n<tbody>\n<tr>\n<td>Funktion<\/td>\n<td>Mobile App<\/td>\n<td>PC-Version<\/td>\n<\/tr>\n<tr>\n<td>Barrierefreiheit<\/td>\n<td>Zugriff \u00fcber den Startbildschirm, \u00fcberall abspielbar<\/td>\n<td>Erfordert Browserzugang und eine stabile Internetverbindung.<\/td>\n<\/tr>\n<tr>\n<td>Leistung<\/td>\n<td>Optimiert f\u00fcr Geschwindigkeit und Touch-Steuerung<\/td>\n<td>Auf High-End-PCs etwas schneller<\/td>\n<\/tr>\n<tr>\n<td>Benutzeroberfl\u00e4che<\/td>\n<td>Vereinfachtes, mobilfreundliches Layout<\/td>\n<td>Gr\u00f6\u00dferer Bildschirm und Detailansicht<\/td>\n<\/tr>\n<tr>\n<td>Verifizierungsprozess<\/td>\n<td>Schnelle und unkomplizierte In-App-Verifizierung<\/td>\n<td>Erfordert das manuelle Hochladen von Dokumenten \u00fcber den Browser.<\/td>\n<\/tr>\n<tr>\n<td>Aktualisierungen und Benachrichtigungen<\/td>\n<td>Sofortige Push-Benachrichtigungen zu Boni und Werbeaktionen<\/td>\n<td>Keine Echtzeit-Benachrichtigungen<\/td>\n<\/tr>\n<tr>\n<td>Bequemlichkeit<\/td>\n<td>Mit einem Fingertipp anmelden und spielen<\/td>\n<td>Mehrstufiger Anmeldevorgang<\/td>\n<\/tr>\n<\/tbody>\n<\/table>\n<p>Die mobile App Lootzino eignet sich f\u00fcr Spieler, die Mobilit\u00e4t sch\u00e4tzen, ohne dabei Kompromisse bei der Qualit\u00e4t einzugehen. Unsere Software zeichnet sich durch einen vereinfachten Verifizierungsprozess, ein intuitives Design und Push-Benachrichtigungen aus. Die mobile Version ist eine leistungsstarke Alternative zur Desktop-Version.<\/p>\n<h2>H\u00e4ufig gestellte Fragen<\/h2>\n<h3>Muss die Lootzino-App aktualisiert werden?<\/h3>\n<p>Es sind keine manuellen Updates erforderlich. Die Software Lootzino ist eine progressive Web-App (PWA), die bei jedem Start automatisch aktualisiert wird. Sie haben immer Zugriff auf die neuesten Spiele, Funktionen und Sicherheitsverbesserungen, ohne neue Versionen herunterladen zu m\u00fcssen.<\/p>\n<h3>Unterst\u00fctzt die Lootzino-App mehrere Zahlungsmethoden?<\/h3>\n<p>Ja, die Lootzino-App unterst\u00fctzt eine Vielzahl sicherer Zahlungsmethoden. Alle auf der Website verf\u00fcgbaren Methoden werden auch in der App unterst\u00fctzt, darunter Kredit- und Debitkarten, E-Wallets und Bank\u00fcberweisungen. Sie k\u00f6nnen Ein- und Auszahlungen direkt in der App verwalten. Transaktionen in der App sind schnell, sicher und bequem.<\/p>\n<h3>Ist die Lootzino-App sicher in der Anwendung und unterst\u00fctzt sie sichere Zahlungen?<\/h3>\n<p>Sie k\u00f6nnen die Lootzino-App ohne Bedenken nutzen. Sie verschl\u00fcsselt Transaktionen und verwendet sichere Verbindungen f\u00fcr Zahlungen. Um Ihre Daten zu sch\u00fctzen, haben wir einen kurzen Verifizierungsprozess eingerichtet. Unser Casino ist bestrebt, die Sicherheit des Spielbereichs zu gew\u00e4hrleisten. Daher setzen wir Datenverschl\u00fcsselung, Verifizierung und andere Sicherheitsma\u00dfnahmen ein.<\/p>\n<h3>Kann ich \u00fcber die mobile App auf alle Spiele und Boni von Lootzino Casino zugreifen?<\/h3>\n<p>Ja, die mobile Software Lootzino bietet vollen Zugriff auf alle Casinospiele, Slots, Tischspiele und Boni. Spieler finden alles aus der Lootzino-Spielesammlung. Sie k\u00f6nnen Slots, Live-Dealer-Spiele und alle Tischspiele in der App spielen.<\/p>\n<\/div><\/div><\/p>\n","protected":false},"excerpt":{"rendered":"<p>Lootzino Casino Offizielle App Die Lootzino App wurde f\u00fcr mehr Komfort beim Spielen entwickelt. Die App ist einfach zu bedienen und erm\u00f6glicht es Ihnen, jedes Spiel aus der Lootzino-Sammlung zu spielen. Die Navigation ist schnell und alle Grafiken sind von hoher Qualit\u00e4t. Die Lootzino App l\u00e4sst sich einfach herunterladen und installieren, sodass Sie \u00fcberall spielen [&hellip;]<\/p>\n","protected":false},"author":1,"featured_media":0,"parent":0,"menu_order":0,"comment_status":"closed","ping_status":"closed","template":"template-builder.php","meta":{"_acf_changed":false,"inline_featured_image":false,"footnotes":""},"class_list":["post-1417","page","type-page","status-publish","hentry"],"acf":[],"yoast_head":"<!-- This site is optimized with the Yoast SEO plugin v27.3 - https:\/\/yoast.com\/product\/yoast-seo-wordpress\/ -->\n<title>Lootzino Casino App | Download f\u00fcr iOS &amp; Android<\/title>\n<meta name=\"description\" content=\"Spiele unterwegs mit der offiziellen Loot Zino App, verf\u00fcgbar f\u00fcr iOS, Android, Windows und macOS. Erhalte Zugriff auf Tausende von Spielen, sichere Einzahlungen und reibungsloses Gameplay.\" \/>\n<meta name=\"robots\" content=\"index, follow, max-snippet:-1, max-image-preview:large, max-video-preview:-1\" \/>\n<link rel=\"canonical\" href=\"https:\/\/loot-zino.net\/de\/app\/\" \/>\n<meta property=\"og:locale\" content=\"de_DE\" \/>\n<meta property=\"og:type\" content=\"article\" \/>\n<meta property=\"og:title\" content=\"Lootzino Casino App | Download f\u00fcr iOS &amp; Android\" \/>\n<meta property=\"og:description\" content=\"Spiele unterwegs mit der offiziellen Loot Zino App, verf\u00fcgbar f\u00fcr iOS, Android, Windows und macOS. Erhalte Zugriff auf Tausende von Spielen, sichere Einzahlungen und reibungsloses Gameplay.\" \/>\n<meta property=\"og:url\" content=\"https:\/\/loot-zino.net\/de\/app\/\" \/>\n<meta property=\"og:site_name\" content=\"lootzino\" \/>\n<meta property=\"article:modified_time\" content=\"2025-11-19T08:53:58+00:00\" \/>\n<meta name=\"twitter:card\" content=\"summary_large_image\" \/>\n<meta name=\"twitter:label1\" content=\"Gesch\u00e4tzte Lesezeit\" \/>\n\t<meta name=\"twitter:data1\" content=\"1\u00a0Minute\" \/>\n<script type=\"application\/ld+json\" class=\"yoast-schema-graph\">{\"@context\":\"https:\\\/\\\/schema.org\",\"@graph\":[{\"@type\":\"WebPage\",\"@id\":\"https:\\\/\\\/loot-zino.net\\\/de\\\/app\\\/\",\"url\":\"https:\\\/\\\/loot-zino.net\\\/de\\\/app\\\/\",\"name\":\"Lootzino Casino App | Download f\u00fcr iOS & Android\",\"isPartOf\":{\"@id\":\"https:\\\/\\\/loot-zino.net\\\/de\\\/#website\"},\"datePublished\":\"2025-11-18T10:55:29+00:00\",\"dateModified\":\"2025-11-19T08:53:58+00:00\",\"description\":\"Spiele unterwegs mit der offiziellen Loot Zino App, verf\u00fcgbar f\u00fcr iOS, Android, Windows und macOS. Erhalte Zugriff auf Tausende von Spielen, sichere Einzahlungen und reibungsloses Gameplay.\",\"breadcrumb\":{\"@id\":\"https:\\\/\\\/loot-zino.net\\\/de\\\/app\\\/#breadcrumb\"},\"inLanguage\":\"de\",\"potentialAction\":[{\"@type\":\"ReadAction\",\"target\":[\"https:\\\/\\\/loot-zino.net\\\/de\\\/app\\\/\"]}]},{\"@type\":\"BreadcrumbList\",\"@id\":\"https:\\\/\\\/loot-zino.net\\\/de\\\/app\\\/#breadcrumb\",\"itemListElement\":[{\"@type\":\"ListItem\",\"position\":1,\"name\":\"Lootzino\",\"item\":\"https:\\\/\\\/loot-zino.net\\\/de\\\/\"},{\"@type\":\"ListItem\",\"position\":2,\"name\":\"App\"}]},{\"@type\":\"WebSite\",\"@id\":\"https:\\\/\\\/loot-zino.net\\\/de\\\/#website\",\"url\":\"https:\\\/\\\/loot-zino.net\\\/de\\\/\",\"name\":\"Lootzino\",\"description\":\"\",\"publisher\":{\"@id\":\"https:\\\/\\\/loot-zino.net\\\/de\\\/#organization\"},\"potentialAction\":[{\"@type\":\"SearchAction\",\"target\":{\"@type\":\"EntryPoint\",\"urlTemplate\":\"https:\\\/\\\/loot-zino.net\\\/de\\\/?s={search_term_string}\"},\"query-input\":{\"@type\":\"PropertyValueSpecification\",\"valueRequired\":true,\"valueName\":\"search_term_string\"}}],\"inLanguage\":\"de\"},{\"@type\":\"Organization\",\"@id\":\"https:\\\/\\\/loot-zino.net\\\/de\\\/#organization\",\"name\":\"Lootzino\",\"url\":\"https:\\\/\\\/loot-zino.net\\\/de\\\/\",\"logo\":{\"@type\":\"ImageObject\",\"inLanguage\":\"de\",\"@id\":\"https:\\\/\\\/loot-zino.net\\\/de\\\/#\\\/schema\\\/logo\\\/image\\\/\",\"url\":\"https:\\\/\\\/loot-zino.net\\\/wp-content\\\/uploads\\\/2025\\\/11\\\/lootzino.svg\",\"contentUrl\":\"https:\\\/\\\/loot-zino.net\\\/wp-content\\\/uploads\\\/2025\\\/11\\\/lootzino.svg\",\"width\":16,\"height\":20,\"caption\":\"Lootzino\"},\"image\":{\"@id\":\"https:\\\/\\\/loot-zino.net\\\/de\\\/#\\\/schema\\\/logo\\\/image\\\/\"}}]}<\/script>\n<!-- \/ Yoast SEO plugin. -->","yoast_head_json":{"title":"Lootzino Casino App | Download f\u00fcr iOS & Android","description":"Spiele unterwegs mit der offiziellen Loot Zino App, verf\u00fcgbar f\u00fcr iOS, Android, Windows und macOS. Erhalte Zugriff auf Tausende von Spielen, sichere Einzahlungen und reibungsloses Gameplay.","robots":{"index":"index","follow":"follow","max-snippet":"max-snippet:-1","max-image-preview":"max-image-preview:large","max-video-preview":"max-video-preview:-1"},"canonical":"https:\/\/loot-zino.net\/de\/app\/","og_locale":"de_DE","og_type":"article","og_title":"Lootzino Casino App | Download f\u00fcr iOS & Android","og_description":"Spiele unterwegs mit der offiziellen Loot Zino App, verf\u00fcgbar f\u00fcr iOS, Android, Windows und macOS. Erhalte Zugriff auf Tausende von Spielen, sichere Einzahlungen und reibungsloses Gameplay.","og_url":"https:\/\/loot-zino.net\/de\/app\/","og_site_name":"lootzino","article_modified_time":"2025-11-19T08:53:58+00:00","twitter_card":"summary_large_image","twitter_misc":{"Gesch\u00e4tzte Lesezeit":"1\u00a0Minute"},"schema":{"@context":"https:\/\/schema.org","@graph":[{"@type":"WebPage","@id":"https:\/\/loot-zino.net\/de\/app\/","url":"https:\/\/loot-zino.net\/de\/app\/","name":"Lootzino Casino App | Download f\u00fcr iOS & Android","isPartOf":{"@id":"https:\/\/loot-zino.net\/de\/#website"},"datePublished":"2025-11-18T10:55:29+00:00","dateModified":"2025-11-19T08:53:58+00:00","description":"Spiele unterwegs mit der offiziellen Loot Zino App, verf\u00fcgbar f\u00fcr iOS, Android, Windows und macOS. Erhalte Zugriff auf Tausende von Spielen, sichere Einzahlungen und reibungsloses Gameplay.","breadcrumb":{"@id":"https:\/\/loot-zino.net\/de\/app\/#breadcrumb"},"inLanguage":"de","potentialAction":[{"@type":"ReadAction","target":["https:\/\/loot-zino.net\/de\/app\/"]}]},{"@type":"BreadcrumbList","@id":"https:\/\/loot-zino.net\/de\/app\/#breadcrumb","itemListElement":[{"@type":"ListItem","position":1,"name":"Lootzino","item":"https:\/\/loot-zino.net\/de\/"},{"@type":"ListItem","position":2,"name":"App"}]},{"@type":"WebSite","@id":"https:\/\/loot-zino.net\/de\/#website","url":"https:\/\/loot-zino.net\/de\/","name":"Lootzino","description":"","publisher":{"@id":"https:\/\/loot-zino.net\/de\/#organization"},"potentialAction":[{"@type":"SearchAction","target":{"@type":"EntryPoint","urlTemplate":"https:\/\/loot-zino.net\/de\/?s={search_term_string}"},"query-input":{"@type":"PropertyValueSpecification","valueRequired":true,"valueName":"search_term_string"}}],"inLanguage":"de"},{"@type":"Organization","@id":"https:\/\/loot-zino.net\/de\/#organization","name":"Lootzino","url":"https:\/\/loot-zino.net\/de\/","logo":{"@type":"ImageObject","inLanguage":"de","@id":"https:\/\/loot-zino.net\/de\/#\/schema\/logo\/image\/","url":"https:\/\/loot-zino.net\/wp-content\/uploads\/2025\/11\/lootzino.svg","contentUrl":"https:\/\/loot-zino.net\/wp-content\/uploads\/2025\/11\/lootzino.svg","width":16,"height":20,"caption":"Lootzino"},"image":{"@id":"https:\/\/loot-zino.net\/de\/#\/schema\/logo\/image\/"}}]}},"_links":{"self":[{"href":"https:\/\/loot-zino.net\/de\/wp-json\/wp\/v2\/pages\/1417","targetHints":{"allow":["GET"]}}],"collection":[{"href":"https:\/\/loot-zino.net\/de\/wp-json\/wp\/v2\/pages"}],"about":[{"href":"https:\/\/loot-zino.net\/de\/wp-json\/wp\/v2\/types\/page"}],"author":[{"embeddable":true,"href":"https:\/\/loot-zino.net\/de\/wp-json\/wp\/v2\/users\/1"}],"replies":[{"embeddable":true,"href":"https:\/\/loot-zino.net\/de\/wp-json\/wp\/v2\/comments?post=1417"}],"version-history":[{"count":3,"href":"https:\/\/loot-zino.net\/de\/wp-json\/wp\/v2\/pages\/1417\/revisions"}],"predecessor-version":[{"id":1808,"href":"https:\/\/loot-zino.net\/de\/wp-json\/wp\/v2\/pages\/1417\/revisions\/1808"}],"wp:attachment":[{"href":"https:\/\/loot-zino.net\/de\/wp-json\/wp\/v2\/media?parent=1417"}],"curies":[{"name":"wp","href":"https:\/\/api.w.org\/{rel}","templated":true}]}}